{"id":6860,"date":"2019-08-16T18:32:37","date_gmt":"2019-08-16T16:32:37","guid":{"rendered":"https:\/\/www.rgequip.com\/?post_type=product&#038;p=6860"},"modified":"2019-08-16T18:32:37","modified_gmt":"2019-08-16T16:32:37","slug":"laminoir-a-bande-500500-30cm","status":"publish","type":"product","link":"https:\/\/www.rgequip.com\/?product=laminoir-a-bande-500500-30cm","title":{"rendered":"Laminoir \u00e0 bande 500*500.30cm"},"content":{"rendered":"<h2>Description du Produit<\/h2>\n<p>Les Laminoirs SM 500 ont \u00e9t\u00e9 projet\u00e9s en appliquant les principes les plus modernes de rationalit\u00e9 et fonctionnalit\u00e9 d\u2019une fa\u00e7on que ces machines peuvent traiter tous types de p\u00e2tes, m\u00eame les plus douces et fines. Les cylindres de laminage poss\u00e8dent un chrome dur et poli. Les racleurs sont facilement d\u00e9montables. Les \u00e9l\u00e9ments mobiles de ces machines peuvent \u00eatre soulev\u00e9s en vue de r\u00e9duire la taille des machines au repos. De m\u00eame, l\u2019alimentation \u00e9lectrique choisie est celle \u00e0 baisse tension (230V) et 3phas\u00e9. Enfin, outes protections de s\u00e9curit\u00e9 s\u2019inspirent aux crit\u00e8res de la pr\u00e9vention des accidents.<\/p>\n<p><strong>Caract\u00e9ristiques de fabrication :<\/strong><\/p>\n<ul>\n<li>Motoriducteur en combinaison avec un moteur \u00e9lectrique \u00e0 puissance de 37 Kw.<\/li>\n<li>Longueur des cylindres de laminage \u00e0 496 mm.<\/li>\n<li>Diam\u00e8tre des cylindres de laminage \u00e0 60 mm.<\/li>\n<li>Excursion des cylindres de 0,1 \u00e0 34 mm.<\/li>\n<li>Plaque inclin\u00e9e en acier inoxydable recouvert de t\u00e9flon alimentaire Dupon.<\/li>\n<li>Grattoir sup\u00e9rieur amovible.<\/li>\n<li>De m\u00eame, Grattoir inf\u00e9rieur auto-nivelant.<\/li>\n<li>Enfin,un retard pendant le changement du sens de rotation des cylindres de laminage.<\/li>\n<\/ul>\n","protected":false},"excerpt":{"rendered":"<p>Description du Produit Les Laminoirs SM 500 ont \u00e9t\u00e9 projet\u00e9s en appliquant les principes les plus modernes de rationalit\u00e9 et<\/p>\n","protected":false},"featured_media":6861,"comment_status":"open","ping_status":"closed","template":"","meta":[],"product_brand":[],"product_cat":[369,391,375],"product_tag":[],"class_list":{"0":"post-6860","1":"product","2":"type-product","3":"status-publish","4":"has-post-thumbnail","6":"product_cat-boulangerie","7":"product_cat-laminoirs","8":"product_cat-patisserie-et-specialistes","10":"first","11":"instock","12":"shipping-taxable","13":"product-type-simple"},"_links":{"self":[{"href":"https:\/\/www.rgequip.com\/index.php?rest_route=\/wp\/v2\/product\/6860","targetHints":{"allow":["GET"]}}],"collection":[{"href":"https:\/\/www.rgequip.com\/index.php?rest_route=\/wp\/v2\/product"}],"about":[{"href":"https:\/\/www.rgequip.com\/index.php?rest_route=\/wp\/v2\/types\/product"}],"replies":[{"embeddable":true,"href":"https:\/\/www.rgequip.com\/index.php?rest_route=%2Fwp%2Fv2%2Fcomments&post=6860"}],"version-history":[{"count":0,"href":"https:\/\/www.rgequip.com\/index.php?rest_route=\/wp\/v2\/product\/6860\/revisions"}],"wp:featuredmedia":[{"embeddable":true,"href":"https:\/\/www.rgequip.com\/index.php?rest_route=\/wp\/v2\/media\/6861"}],"wp:attachment":[{"href":"https:\/\/www.rgequip.com\/index.php?rest_route=%2Fwp%2Fv2%2Fmedia&parent=6860"}],"wp:term":[{"taxonomy":"product_brand","embeddable":true,"href":"https:\/\/www.rgequip.com\/index.php?rest_route=%2Fwp%2Fv2%2Fproduct_brand&post=6860"},{"taxonomy":"product_cat","embeddable":true,"href":"https:\/\/www.rgequip.com\/index.php?rest_route=%2Fwp%2Fv2%2Fproduct_cat&post=6860"},{"taxonomy":"product_tag","embeddable":true,"href":"https:\/\/www.rgequip.com\/index.php?rest_route=%2Fwp%2Fv2%2Fproduct_tag&post=6860"}],"curies":[{"name":"wp","href":"https:\/\/api.w.org\/{rel}","templated":true}]}}