{"id":6854,"date":"2019-08-16T18:17:37","date_gmt":"2019-08-16T16:17:37","guid":{"rendered":"https:\/\/www.rgequip.com\/?post_type=product&#038;p=6854"},"modified":"2019-08-16T18:17:37","modified_gmt":"2019-08-16T16:17:37","slug":"faconneuse","status":"publish","type":"product","link":"https:\/\/www.rgequip.com\/?product=faconneuse","title":{"rendered":"Fa\u00e7onneuse"},"content":{"rendered":"<h2><\/h2>\n<h2>Fa\u00e7onneuse verticale<\/h2>\n<div class=\"info\">3 rouleaux de laminage<\/div>\n<div class=\"info\">Poign\u00e9es ergonomiques<\/div>\n<div class=\"info\">Changement rapide des tapis<\/div>\n<p><strong>ROYAL GRILL EQUIPEMENTS<\/strong>\u00a0vous propose une gamme particuli\u00e8rement compl\u00e8te de fa\u00e7onneuses verticales. De faible encombrement, elles font preuve d\u2019une grande polyvalence et b\u00e9n\u00e9ficient en s\u00e9rie de 3 rouleaux de laminage.<\/p>\n<p><strong>Unic<\/strong> est notre Best Seller. De m\u00eame,\u00a0 dot\u00e9e de poign\u00e9es ergonomiques agr\u00e9ables et pr\u00e9cises, elle comporte un tapis laine permettant un fa\u00e7onnage en douceur (option Whooltop ou Synth\u00e9tique sur demande).<br \/>\nEnfin, elle poss\u00e8de un ing\u00e9nieux syst\u00e8me de caissons d\u00e9montables par le haut d\u2019o\u00f9 un changement des tapis ultra rapide.<\/p>\n<p>&nbsp;<\/p>\n","protected":false},"excerpt":{"rendered":"<p>Fa\u00e7onneuse verticale 3 rouleaux de laminage Poign\u00e9es ergonomiques Changement rapide des tapis ROYAL GRILL EQUIPEMENTS\u00a0vous propose une gamme particuli\u00e8rement compl\u00e8te<\/p>\n","protected":false},"featured_media":6857,"comment_status":"open","ping_status":"closed","template":"","meta":[],"product_brand":[],"product_cat":[369,378,370],"product_tag":[],"class_list":{"0":"post-6854","1":"product","2":"type-product","3":"status-publish","4":"has-post-thumbnail","6":"product_cat-boulangerie","7":"product_cat-faconneuse","8":"product_cat-production-de-pain","10":"first","11":"instock","12":"shipping-taxable","13":"product-type-simple"},"_links":{"self":[{"href":"https:\/\/www.rgequip.com\/index.php?rest_route=\/wp\/v2\/product\/6854","targetHints":{"allow":["GET"]}}],"collection":[{"href":"https:\/\/www.rgequip.com\/index.php?rest_route=\/wp\/v2\/product"}],"about":[{"href":"https:\/\/www.rgequip.com\/index.php?rest_route=\/wp\/v2\/types\/product"}],"replies":[{"embeddable":true,"href":"https:\/\/www.rgequip.com\/index.php?rest_route=%2Fwp%2Fv2%2Fcomments&post=6854"}],"version-history":[{"count":0,"href":"https:\/\/www.rgequip.com\/index.php?rest_route=\/wp\/v2\/product\/6854\/revisions"}],"wp:featuredmedia":[{"embeddable":true,"href":"https:\/\/www.rgequip.com\/index.php?rest_route=\/wp\/v2\/media\/6857"}],"wp:attachment":[{"href":"https:\/\/www.rgequip.com\/index.php?rest_route=%2Fwp%2Fv2%2Fmedia&parent=6854"}],"wp:term":[{"taxonomy":"product_brand","embeddable":true,"href":"https:\/\/www.rgequip.com\/index.php?rest_route=%2Fwp%2Fv2%2Fproduct_brand&post=6854"},{"taxonomy":"product_cat","embeddable":true,"href":"https:\/\/www.rgequip.com\/index.php?rest_route=%2Fwp%2Fv2%2Fproduct_cat&post=6854"},{"taxonomy":"product_tag","embeddable":true,"href":"https:\/\/www.rgequip.com\/index.php?rest_route=%2Fwp%2Fv2%2Fproduct_tag&post=6854"}],"curies":[{"name":"wp","href":"https:\/\/api.w.org\/{rel}","templated":true}]}}