{"id":6833,"date":"2019-08-16T13:58:31","date_gmt":"2019-08-16T11:58:31","guid":{"rendered":"https:\/\/www.rgequip.com\/?post_type=product&#038;p=6833"},"modified":"2019-08-16T14:15:04","modified_gmt":"2019-08-16T12:15:04","slug":"four-rotatif-s-maxi-avec-1-chariot-19-niveaux","status":"publish","type":"product","link":"https:\/\/www.rgequip.com\/?product=four-rotatif-s-maxi-avec-1-chariot-19-niveaux","title":{"rendered":"Four rotatif S-MAXI avec 1 chariot 19 niveaux"},"content":{"rendered":"<h4>CARACT\u00c9RISTIQUES\u00a0DU PRODUIT<\/h4>\n<p>Fa\u00e7ade et chambre de cuisson du four en acier inoxydable.<br \/>\nIsolement avec double couche de laine de roche et car\u00e9nage de circulation d\u2019air entre panneaux, r\u00e9duisant au minimum les pertes de chaleur et contribuant \u00e0 une plus grande \u00e9conomie \u00e9nerg\u00e9tique.<br \/>\nPorte isol\u00e9e avec 4 couches de laine de roche de haute densit\u00e9 et verre tremp\u00e9 double qui permet une visibilit\u00e9 parfaite du produit en cours de cuisson.<br \/>\nJoints d\u2019\u00e9tanch\u00e9it\u00e9 de la porte en acier inox, qui assurent une haute \u00e9tanch\u00e9it\u00e9 et une plus grande dur\u00e9e de vie.<br \/>\n\u00c9changeur totalement construit en acier inoxydable, qui tire profit au maximum de la chaleur produite lors de la combustion, permettant ainsi une cuisson plus uniforme et plus d\u2019\u00e9conomie d\u2019\u00e9nergie.<br \/>\nRelation \u00e9quilibr\u00e9e entre vitesse de ventilation et volume d\u2019air pour r\u00e9duire au minimum la d\u00e9shydratation du produit cuit.<br \/>\nSyst\u00e8me de vapeur \u00e0 haut rendement construit avec des conduits en acier de grande \u00e9paisseur et plac\u00e9 en cascade pour une plus grande surface de chauffage.<br \/>\nBut\u00e9e d\u2019arr\u00eat de d\u00e9tection d\u2019ouverture de porte situ\u00e9e en zone d\u2019acc\u00e8s facile et prot\u00e9g\u00e9e de la chaleur pour une plus grande durabilit\u00e9.<br \/>\nVanne d\u2019expansion pour \u00e9viter toute surpression \u00e0 l\u2019int\u00e9rieur de la chambre de cuisson.<br \/>\nSyst\u00e8me de rotation avec motor\u00e9ducteur et valeur de couple pr\u00e9d\u00e9fini pour protection des engrenages.<br \/>\nSyst\u00e8me de r\u00e9sistances \u00e0 haut rendement, sp\u00e9cialement con\u00e7u pour une plus grande dissipation de la chaleur (version \u00e9lectrique).<br \/>\nPossibilit\u00e9 d\u2019installation de br\u00fbleur \u00e0 pellets sur demande.<br \/>\nSyst\u00e8me de charge du chariot sur plate-forme rotative universelle adaptable \u00e0 tout type de chariot aux dimensions compatibles.<br \/>\nRampe en acier inoxydable \u00e0 inclinaison douce pour acc\u00e9der \u00e0 la plate-forme.<\/p>\n","protected":false},"excerpt":{"rendered":"<p>CARACT\u00c9RISTIQUES\u00a0DU PRODUIT Fa\u00e7ade et chambre de cuisson du four en acier inoxydable. Isolement avec double couche de laine de roche<\/p>\n","protected":false},"featured_media":6839,"comment_status":"open","ping_status":"closed","template":"","meta":[],"product_brand":[],"product_cat":[369,383],"product_tag":[],"class_list":{"0":"post-6833","1":"product","2":"type-product","3":"status-publish","4":"has-post-thumbnail","6":"product_cat-boulangerie","7":"product_cat-fours-a-chariot","9":"first","10":"instock","11":"shipping-taxable","12":"product-type-simple"},"_links":{"self":[{"href":"https:\/\/www.rgequip.com\/index.php?rest_route=\/wp\/v2\/product\/6833","targetHints":{"allow":["GET"]}}],"collection":[{"href":"https:\/\/www.rgequip.com\/index.php?rest_route=\/wp\/v2\/product"}],"about":[{"href":"https:\/\/www.rgequip.com\/index.php?rest_route=\/wp\/v2\/types\/product"}],"replies":[{"embeddable":true,"href":"https:\/\/www.rgequip.com\/index.php?rest_route=%2Fwp%2Fv2%2Fcomments&post=6833"}],"version-history":[{"count":0,"href":"https:\/\/www.rgequip.com\/index.php?rest_route=\/wp\/v2\/product\/6833\/revisions"}],"wp:featuredmedia":[{"embeddable":true,"href":"https:\/\/www.rgequip.com\/index.php?rest_route=\/wp\/v2\/media\/6839"}],"wp:attachment":[{"href":"https:\/\/www.rgequip.com\/index.php?rest_route=%2Fwp%2Fv2%2Fmedia&parent=6833"}],"wp:term":[{"taxonomy":"product_brand","embeddable":true,"href":"https:\/\/www.rgequip.com\/index.php?rest_route=%2Fwp%2Fv2%2Fproduct_brand&post=6833"},{"taxonomy":"product_cat","embeddable":true,"href":"https:\/\/www.rgequip.com\/index.php?rest_route=%2Fwp%2Fv2%2Fproduct_cat&post=6833"},{"taxonomy":"product_tag","embeddable":true,"href":"https:\/\/www.rgequip.com\/index.php?rest_route=%2Fwp%2Fv2%2Fproduct_tag&post=6833"}],"curies":[{"name":"wp","href":"https:\/\/api.w.org\/{rel}","templated":true}]}}