{"id":6061,"date":"2019-07-31T18:37:15","date_gmt":"2019-07-31T16:37:15","guid":{"rendered":"https:\/\/www.rgequip.com\/?post_type=product&#038;p=6061"},"modified":"2019-08-01T17:23:34","modified_gmt":"2019-08-01T15:23:34","slug":"shop-moulin-a-cafe","status":"publish","type":"product","link":"https:\/\/www.rgequip.com\/?product=shop-moulin-a-cafe","title":{"rendered":"Moulin \u00e0 caf\u00e9 Automa"},"content":{"rendered":"<p>Le <a href=\"https:\/\/fr.wikipedia.org\/wiki\/Moulin_%C3%A0_caf%C3%A9\" target=\"_blank\">moulin \u00e0 caf\u00e9<\/a> automatique professionnel est un moulin \u00e0 la demande avec :<\/p>\n<ul>\n<li>des meules plates de 75mm, et un syst\u00e8me ing\u00e9nieux pour le rendre silencieux un \u00e9cran de r\u00e9glage<\/li>\n<li>et un ajustement microm\u00e9trique de la mouture, il conviendra parfaitement aux bars et restaurants ayant un d\u00e9bit moyen.<\/li>\n<li>Garantie 6 mois.<\/li>\n<\/ul>\n<p>Le\u00a0<strong><a href=\"https:\/\/www.rgequip.com\/product-category\/cafe-bar\/cafe\/\">moulin \u00e0 caf\u00e9<\/a> professionnel MDJ <\/strong><strong>\u00a0<\/strong>a \u00e9t\u00e9 con\u00e7u pour \u00eatre aussi efficace que\u00a0<strong>silencieux\u00a0<\/strong>. Un\u00a0<strong>syst\u00e8me d&#8217;absorbeurs de chocs\u00a0<\/strong>situ\u00e9s autour du moteur permettent de r\u00e9duire de mani\u00e8re consid\u00e9rable les \u00e9missions sonores en fonctionnement.<\/p>\n<p>Gr\u00e2ce \u00e0 la\u00a0<strong>mouture \u00e0 la demande\u00a0<\/strong>, il saura satisfaire les plus fervents amateurs de fraicheur. Sa <strong>grande tr\u00e9mie\u00a0<\/strong>d&#8217;une contenance\u00a0<strong>de 1,6kg\u00a0<\/strong>permet de voir venir un bon nombre de doses, qui seront programm\u00e9es tr\u00e8s facilement gr\u00e2ce \u00e0 l&#8217;\u00a0<strong>\u00e9cran LCD d\u00e9di\u00e9\u00a0<\/strong>.<\/p>\n<p>la led blanche \u00e9claire le porte-filtre afin de mieux appr\u00e9hender la mouture lors de la distribution propre et rapide. De plus, le porte-filtre se l\u00e2che durant la distribution car le <strong>MDJ\u00a0<\/strong>a \u00e9t\u00e9\u00a0<strong>con\u00e7u pour le maintenir\u00a0<\/strong>. Les\u00a0<strong>grandes meules de 75mm\u00a0<\/strong>en acier inoxydable trait\u00e9 en font un\u00a0<strong>moulin rapide, pr\u00e9cis et efficace\u00a0<\/strong>.<\/p>\n<p>Malgr\u00e9 sa petite taille, ses performances sont grandes et le <strong>corps en aluminium moul\u00e9 sous pression\u00a0<\/strong>peint avec de la peinture epoxy fait pour <strong>durer dans le temps\u00a0<\/strong>.<\/p>\n<p>Le\u00a0<strong>panneau de configuration du MDJ <\/strong>est clair et la lecture est simple. De plus, ce moulin permet la <strong>programmation de vos doses\u00a0<\/strong>afin de gagner du temps et surtout avoir une\u00a0<strong>r\u00e9gularit\u00e9 de distribution\u00a0<\/strong>. Enfin, Ce moulin permet de moudre <strong>jusqu&#8217;\u00e0 1500 g <\/strong>de grains par jour.<\/p>\n","protected":false},"excerpt":{"rendered":"<p>Le moulin \u00e0 caf\u00e9 automatique professionnel est un moulin \u00e0 la demande avec : des meules plates de 75mm, et<\/p>\n","protected":false},"featured_media":6065,"comment_status":"open","ping_status":"closed","template":"","meta":[],"product_brand":[],"product_cat":[314,315,317],"product_tag":[],"class_list":{"0":"post-6061","1":"product","2":"type-product","3":"status-publish","4":"has-post-thumbnail","6":"product_cat-cafe-bar","7":"product_cat-cafe","8":"product_cat-moulin-a-cafe","10":"first","11":"instock","12":"shipping-taxable","13":"product-type-simple"},"_links":{"self":[{"href":"https:\/\/www.rgequip.com\/index.php?rest_route=\/wp\/v2\/product\/6061","targetHints":{"allow":["GET"]}}],"collection":[{"href":"https:\/\/www.rgequip.com\/index.php?rest_route=\/wp\/v2\/product"}],"about":[{"href":"https:\/\/www.rgequip.com\/index.php?rest_route=\/wp\/v2\/types\/product"}],"replies":[{"embeddable":true,"href":"https:\/\/www.rgequip.com\/index.php?rest_route=%2Fwp%2Fv2%2Fcomments&post=6061"}],"version-history":[{"count":1,"href":"https:\/\/www.rgequip.com\/index.php?rest_route=\/wp\/v2\/product\/6061\/revisions"}],"predecessor-version":[{"id":6064,"href":"https:\/\/www.rgequip.com\/index.php?rest_route=\/wp\/v2\/product\/6061\/revisions\/6064"}],"wp:featuredmedia":[{"embeddable":true,"href":"https:\/\/www.rgequip.com\/index.php?rest_route=\/wp\/v2\/media\/6065"}],"wp:attachment":[{"href":"https:\/\/www.rgequip.com\/index.php?rest_route=%2Fwp%2Fv2%2Fmedia&parent=6061"}],"wp:term":[{"taxonomy":"product_brand","embeddable":true,"href":"https:\/\/www.rgequip.com\/index.php?rest_route=%2Fwp%2Fv2%2Fproduct_brand&post=6061"},{"taxonomy":"product_cat","embeddable":true,"href":"https:\/\/www.rgequip.com\/index.php?rest_route=%2Fwp%2Fv2%2Fproduct_cat&post=6061"},{"taxonomy":"product_tag","embeddable":true,"href":"https:\/\/www.rgequip.com\/index.php?rest_route=%2Fwp%2Fv2%2Fproduct_tag&post=6061"}],"curies":[{"name":"wp","href":"https:\/\/api.w.org\/{rel}","templated":true}]}}