{"id":6051,"date":"2019-07-31T18:27:15","date_gmt":"2019-07-31T16:27:15","guid":{"rendered":"https:\/\/www.rgequip.com\/?post_type=product&#038;p=6051"},"modified":"2019-08-05T19:08:55","modified_gmt":"2019-08-05T17:08:55","slug":"moulin-a-cafe","status":"publish","type":"product","link":"https:\/\/www.rgequip.com\/?product=moulin-a-cafe","title":{"rendered":"Moulin \u00e0 caf\u00e9 noir"},"content":{"rendered":"<p>Il est disponible dans une version \u00e0 commande manuelle pour le broyage instantan\u00e9e, production de caf\u00e9 qui est toujours fra\u00eechement moulu. En effet, il convient pour: Caf\u00e9s, restaurants, professionnels exigeants, les locaux tr\u00e8s fr\u00e9quent\u00e9s.<\/p>\n<p>-Broyeurs coniques en acier tremp\u00e9 avec des lames en spirale<\/p>\n<p>-Continue mouture avec rotor \u00e0 flux axial<\/p>\n<p>-Dosage externe de r\u00e9glage du volume<\/p>\n<p>-Faible vitesse de rotation de granulom\u00e9trie uniforme<\/p>\n<p>-Couverture en polycarbonate<\/p>\n<p>-Compteur de contr\u00f4le distribu\u00e9 pour le caf\u00e9<\/p>\n<p>-Corps en aluminium peint<\/p>\n<p>-Con\u00e7u selon des crit\u00e8res de Biodesign fonctionnels<\/p>\n","protected":false},"excerpt":{"rendered":"<p>Il est disponible dans une version \u00e0 commande manuelle pour le broyage instantan\u00e9e, production de caf\u00e9 qui est toujours fra\u00eechement<\/p>\n","protected":false},"featured_media":6060,"comment_status":"open","ping_status":"closed","template":"","meta":[],"product_brand":[],"product_cat":[314,315,317],"product_tag":[],"class_list":{"0":"post-6051","1":"product","2":"type-product","3":"status-publish","4":"has-post-thumbnail","6":"product_cat-cafe-bar","7":"product_cat-cafe","8":"product_cat-moulin-a-cafe","10":"first","11":"instock","12":"shipping-taxable","13":"product-type-simple"},"_links":{"self":[{"href":"https:\/\/www.rgequip.com\/index.php?rest_route=\/wp\/v2\/product\/6051","targetHints":{"allow":["GET"]}}],"collection":[{"href":"https:\/\/www.rgequip.com\/index.php?rest_route=\/wp\/v2\/product"}],"about":[{"href":"https:\/\/www.rgequip.com\/index.php?rest_route=\/wp\/v2\/types\/product"}],"replies":[{"embeddable":true,"href":"https:\/\/www.rgequip.com\/index.php?rest_route=%2Fwp%2Fv2%2Fcomments&post=6051"}],"version-history":[{"count":0,"href":"https:\/\/www.rgequip.com\/index.php?rest_route=\/wp\/v2\/product\/6051\/revisions"}],"wp:featuredmedia":[{"embeddable":true,"href":"https:\/\/www.rgequip.com\/index.php?rest_route=\/wp\/v2\/media\/6060"}],"wp:attachment":[{"href":"https:\/\/www.rgequip.com\/index.php?rest_route=%2Fwp%2Fv2%2Fmedia&parent=6051"}],"wp:term":[{"taxonomy":"product_brand","embeddable":true,"href":"https:\/\/www.rgequip.com\/index.php?rest_route=%2Fwp%2Fv2%2Fproduct_brand&post=6051"},{"taxonomy":"product_cat","embeddable":true,"href":"https:\/\/www.rgequip.com\/index.php?rest_route=%2Fwp%2Fv2%2Fproduct_cat&post=6051"},{"taxonomy":"product_tag","embeddable":true,"href":"https:\/\/www.rgequip.com\/index.php?rest_route=%2Fwp%2Fv2%2Fproduct_tag&post=6051"}],"curies":[{"name":"wp","href":"https:\/\/api.w.org\/{rel}","templated":true}]}}