{"id":6046,"date":"2019-07-31T13:24:54","date_gmt":"2019-07-31T11:24:54","guid":{"rendered":"https:\/\/www.rgequip.com\/?post_type=product&#038;p=6046"},"modified":"2019-07-31T14:34:58","modified_gmt":"2019-07-31T12:34:58","slug":"machine-a-cafe-modele-aurelia-ii","status":"publish","type":"product","link":"https:\/\/www.rgequip.com\/?product=machine-a-cafe-modele-aurelia-ii","title":{"rendered":"Machine \u00e0 caf\u00e9 mod\u00e8le AURELIA II"},"content":{"rendered":"<h2 style=\"text-align: center;\">Pr\u00e9sentation<\/h2>\n<p>&nbsp;<\/p>\n<p>Cette machine \u00e0 caf\u00e9<strong> transmet sa force et sa richesse<\/strong> d\u00e8s le premier regard. En outre, la force d&#8217;une <strong>technologie \u00e0 l&#8217;avant-garde<\/strong>\u00a0et la richesse d&#8217;une valeur appr\u00e9ciable d\u00e8s qu&#8217;on l&#8217;examine de plus pr\u00e8s dans tous ses d\u00e9tails. Ce qui domine avant tout est la brillance de l&#8217;acier qui, m\u00eal\u00e9e au dynamisme des formes, conf\u00e8re \u00e0 Aurelia II un attrait enviable.<\/p>\n<p><strong>Caract\u00e8re, Solidit\u00e9, Richesse, Force et Fiabilit\u00e9.<\/strong>\u00a0Ce sont les signes de distinction de Aurelia II, garantis par la technologie sophistiqu\u00e9e de Nuova Simonelli et au design inimitable.<\/p>\n<p>Aurelia II propose le\u00a0<strong>syst\u00e8me SIS (Soft Infusion System)<\/strong>. Contrairement \u00e0 la plupart des machines professionnelles, le syst\u00e8me SIS\u00a0<strong>permet une mont\u00e9 en pression progressive lors de l&#8217;extraction<\/strong>. Vous obtenez ainsi une r\u00e9sultat en tasse plus cr\u00e9meux et de qualit\u00e9 sup\u00e9rieur.<\/p>\n<p>II poss\u00e8de <strong>deux groupes volum\u00e9triques<\/strong>. Chaque groupe dispose de\u00a0<strong>4 touches programmables<\/strong> (1 petite tasse, 2 petites tasses, 1 grande tasse, 2 grandes tasses) et d&#8217;une touche extraction continu.<\/p>\n<p>Il poss\u00e8de <strong>deux \u00e9clairages \u00e0 LED<\/strong>\u00a0situ\u00e9s au dessus des buses vapeur. En plus d&#8217;apporter une touche design \u00e0 la machine, il permet d&#8217;\u00e9clairer l&#8217;int\u00e9rieur du pichet \u00e0 lait\u00a0<strong>vous permettant une meilleure visualisation de votre travail<\/strong>\u00a0lors du montage du lait.<\/p>\n<p>Il poss\u00e8de deux buses-vapeur dont une Cool-Touch. La <strong>buse vapeur Cool-Touch<\/strong>\u00a0garantie une meilleure s\u00e9curit\u00e9 d&#8217;emploi, \u00e9vitant les risques de br\u00fblures. Elle assure \u00e9galement un nettoyage simplifi\u00e9. Finis les incrustation de lait.<\/p>\n<p>Il dispose d&#8217;un reverse-mirror situ\u00e9 derri\u00e8re vos tasses. En plus d&#8217;afficher un beau spectacle, il vous <strong>permet d&#8217;observer l&#8217;extraction du caf\u00e9 sans devoir se pencher<\/strong>. Un petit d\u00e9tail qui sera tr\u00e8s appr\u00e9ci\u00e9 par les barmans et barista professionnels.<\/p>\n","protected":false},"excerpt":{"rendered":"<p>Pr\u00e9sentation &nbsp; Cette machine \u00e0 caf\u00e9 transmet sa force et sa richesse d\u00e8s le premier regard. En outre, la force<\/p>\n","protected":false},"featured_media":6050,"comment_status":"open","ping_status":"closed","template":"","meta":[],"product_brand":[],"product_cat":[314,315,316],"product_tag":[],"class_list":{"0":"post-6046","1":"product","2":"type-product","3":"status-publish","4":"has-post-thumbnail","6":"product_cat-cafe-bar","7":"product_cat-cafe","8":"product_cat-machine-a-cafe","10":"first","11":"instock","12":"shipping-taxable","13":"product-type-simple"},"_links":{"self":[{"href":"https:\/\/www.rgequip.com\/index.php?rest_route=\/wp\/v2\/product\/6046","targetHints":{"allow":["GET"]}}],"collection":[{"href":"https:\/\/www.rgequip.com\/index.php?rest_route=\/wp\/v2\/product"}],"about":[{"href":"https:\/\/www.rgequip.com\/index.php?rest_route=\/wp\/v2\/types\/product"}],"replies":[{"embeddable":true,"href":"https:\/\/www.rgequip.com\/index.php?rest_route=%2Fwp%2Fv2%2Fcomments&post=6046"}],"version-history":[{"count":1,"href":"https:\/\/www.rgequip.com\/index.php?rest_route=\/wp\/v2\/product\/6046\/revisions"}],"predecessor-version":[{"id":6049,"href":"https:\/\/www.rgequip.com\/index.php?rest_route=\/wp\/v2\/product\/6046\/revisions\/6049"}],"wp:featuredmedia":[{"embeddable":true,"href":"https:\/\/www.rgequip.com\/index.php?rest_route=\/wp\/v2\/media\/6050"}],"wp:attachment":[{"href":"https:\/\/www.rgequip.com\/index.php?rest_route=%2Fwp%2Fv2%2Fmedia&parent=6046"}],"wp:term":[{"taxonomy":"product_brand","embeddable":true,"href":"https:\/\/www.rgequip.com\/index.php?rest_route=%2Fwp%2Fv2%2Fproduct_brand&post=6046"},{"taxonomy":"product_cat","embeddable":true,"href":"https:\/\/www.rgequip.com\/index.php?rest_route=%2Fwp%2Fv2%2Fproduct_cat&post=6046"},{"taxonomy":"product_tag","embeddable":true,"href":"https:\/\/www.rgequip.com\/index.php?rest_route=%2Fwp%2Fv2%2Fproduct_tag&post=6046"}],"curies":[{"name":"wp","href":"https:\/\/api.w.org\/{rel}","templated":true}]}}