{"id":5814,"date":"2019-07-26T17:41:49","date_gmt":"2019-07-26T15:41:49","guid":{"rendered":"https:\/\/www.rgequip.com\/?post_type=product&#038;p=5814"},"modified":"2020-09-15T11:23:40","modified_gmt":"2020-09-15T09:23:40","slug":"machine-a-cafe-model-prontobar-a-1-moulin","status":"publish","type":"product","link":"https:\/\/www.rgequip.com\/?product=machine-a-cafe-model-prontobar-a-1-moulin","title":{"rendered":"Machine \u00e0 caf\u00e9 Model PRONTOBAR \u00e0 1 moulin"},"content":{"rendered":"<div class=\"Prodotto_Descrizione\">\n<div class=\"overflowHidden\">\n<h3 class=\"red\">Caract\u00e9ristiques<\/h3>\n<ul class=\"fa-ul\">\n<li><i class=\"fa fa-li fa-star-o red\"><\/i><strong>Groupe brassicole en m\u00e9tal<\/strong>\u00a0&#8211; Une t\u00eate de groupe thermocompens\u00e9e en aluminium moul\u00e9 sous pression et en acier inoxydable optimise la pr\u00e9cision et l&#8217;efficacit\u00e9, cr\u00e9ant des conditions id\u00e9ales pour la pr\u00e9paration d&#8217;espressos.<\/li>\n<li><i class=\"fa fa-li fa-star-o red\"><\/i><strong>Composants \u00e0 la pointe de l&#8217;industrie<\/strong>\u00a0&#8211; Des meuleuses en acier sp\u00e9cialis\u00e9es \u00e0 l&#8217;inclusion d&#8217;une nouvelle pompe r\u00e9ductrice du son, Nuova Simonelli a dot\u00e9 le Prontobar de fonctions modernes de pointe.<\/li>\n<li><i class=\"fa fa-li fa-star-o red\"><\/i><strong>Distribution parfaite<\/strong>\u00a0&#8211; Qu&#8217;il s&#8217;agisse de pr\u00e9parer un macchiato ou un cappuccino, le Nuova Simonelli Prontobar a \u00e9t\u00e9 con\u00e7u pour produire des r\u00e9sultats coh\u00e9rents de la plus haute qualit\u00e9.\u00a0Obtenez de v\u00e9ritables boissons de qualit\u00e9 barista \u00e0 partir d&#8217;une machine automatique.<\/li>\n<li><i class=\"fa fa-li fa-star-o red\"><\/i><strong>Technologie<\/strong>\u00a0\u00e9co\u00e9nerg\u00e9tique &#8211; Gr\u00e2ce \u00e0 la pr\u00e9sence d\u2019une technologie de pointe et de composants efficaces, la Prontobar est une machine \u00e0 caf\u00e9 avec haricot extr\u00eamement \u00e9conome en \u00e9nergie.<\/li>\n<li><i class=\"fa fa-li fa-star-o red\"><\/i><strong>Con\u00e7u par des professionnels<\/strong>\u00a0&#8211; En tant que fabricant renomm\u00e9 de machines \u00e0 expresso italiennes, Nuova Simonelli a utilis\u00e9 ses ann\u00e9es d&#8217;exp\u00e9rience pour cr\u00e9er un nombre exceptionnel de mod\u00e8les de bean to cup, tels que le Prontobar.<\/li>\n<li><i class=\"fa fa-li fa-star-o red\"><\/i>Affichage LCD<\/li>\n<li><i class=\"fa fa-li fa-star-o red\"><\/i>Connexion USB<\/li>\n<li><i class=\"fa fa-li fa-star-o red\"><\/i>Syst\u00e8me de dosage volum\u00e9trique<\/li>\n<li><i class=\"fa fa-li fa-star-o red\"><\/i>Fonction pr\u00e9-infusion programmable<\/li>\n<li><i class=\"fa fa-li fa-star-o red\"><\/i>Broyage microm\u00e9trique<\/li>\n<li><i class=\"fa fa-li fa-star-o red\"><\/i>Bras de vapeur<\/li>\n<li><i class=\"fa fa-li fa-star-o red\"><\/i>Robinet d&#8217;eau chaude<\/li>\n<li><i class=\"fa fa-li fa-star-o red\"><\/i>Fonction de bourrage double<\/li>\n<li><i class=\"fa fa-li fa-star-o red\"><\/i>Corps en acier inoxydable<\/li>\n<\/ul>\n<h5>Approvisionnement en eau<\/h5>\n<ul class=\"fa-ul\">\n<li><i class=\"fa fa-li fa-star-o red\"><\/i>Connexion au secteur<\/li>\n<\/ul>\n<h5>Optionnel<\/h5>\n<ul class=\"fa-ul\">\n<li><i class=\"fa fa-li fa-star-o red\"><\/i>R\u00e9servoir d&#8217;eau \u00e0 remplissage manuel<\/li>\n<li><i class=\"fa fa-li fa-star-o red\"><\/i>Bras de vapeur automatique<\/li>\n<\/ul>\n<h3 class=\"red\">Pourquoi choisir Nuova Simonelli?<\/h3>\n<p>Orlando Simonelli a fabriqu\u00e9 sa premi\u00e8re machine \u00e0 caf\u00e9 en 1936 et depuis lors, la soci\u00e9t\u00e9 qu&#8217;il a cr\u00e9\u00e9e est \u00e0 la pointe de la culture et de la fabrication italiennes.\u00a0Leur statut est tel qu\u2019ils sont depuis 2008 un partenaire technique et un fournisseur officiel des Championnats du monde Barista.<\/p>\n<p>Reconnue pour ses machines \u00e0 expresso professionnelles, la soci\u00e9t\u00e9 fabrique \u00e9galement un certain nombre de machines \u00e0 caf\u00e9, comme celle-ci, qui contiennent toutes la passion, l\u2019ing\u00e9niosit\u00e9 et les progr\u00e8s technologiques g\u00e9n\u00e9ralement associ\u00e9s aux mod\u00e8les plus grands de style traditionnel.<\/p>\n<\/div>\n<div>\n<h3 class=\"red\">La description<\/h3>\n<p>Fabriqu\u00e9e par les fabricants italiens mondialement renomm\u00e9s de machines \u00e0 caf\u00e9 haut de gamme Nuova Simonelli, la Prontobar est une\u00a0<strong>superbe machine \u00e0 caf\u00e9 \u00e0 haricots<\/strong>\u00a0qui fournit des caf\u00e9s de qualit\u00e9 sup\u00e9rieure avec un minimum de tracas.<\/p>\n<p>Cela tient \u00e0 l&#8217;engagement de la Nuova Simonelli envers la qualit\u00e9.\u00a0Seules les meilleures composantes sont utilis\u00e9es pour construire la Prontobar et celle-ci n\u2019est \u00e9quip\u00e9e que de fonctionnalit\u00e9s avanc\u00e9es, dont certaines ne sont normalement associ\u00e9es qu\u2019\u00e0 des machines plus grandes et de style traditionnel.\u00a0Un tel exemple est la pr\u00e9sence d&#8217;\u00a0<strong>une t\u00eate de groupe en m\u00e9tal thermocompens\u00e9e<\/strong>\u00a0, une raret\u00e9 pour les unit\u00e9s haricot \u00e0 godet, qui assure des conditions d&#8217;infusion stables et efficaces pour\u00a0<strong>une meilleure extraction<\/strong>\u00a0.<\/p>\n<p>Parmi les autres nouveaux m\u00e9canismes, citons une rectifieuse en acier redessin\u00e9e et une pompe volum\u00e9trique, qui am\u00e9liorent les performances, et un port USB permettant aux utilisateurs de t\u00e9l\u00e9charger et d&#8217;enregistrer des param\u00e8tres.<\/p>\n<p>La facilit\u00e9 d&#8217;utilisation est \u00e9galement la cl\u00e9 de la popularit\u00e9 de la Prontobar: le design subtil de la machine attire l&#8217;attention sur son panneau de commande, au c\u0153ur duquel se trouve un\u00a0<strong>\u00e9cran LCD<\/strong>\u00a0alphanum\u00e9rique clair\u00a0.<\/p>\n<p>Avec\u00a0<strong>six choix de boissons<\/strong>\u00a0et un certain nombre de fonctions manuelles (lait chauff\u00e9, eau chaude et vapeur \u00e0 la demande, etc.), cr\u00e9er votre propre gamme de boissons de sp\u00e9cialit\u00e9 est on ne peut plus simple.<\/p>\n<p>Gr\u00e2ce \u00e0 sa taille compacte, \u00e0 son design de comptoir et \u00e0 sa convivialit\u00e9, le Nuova Simonelli Prontobar se pr\u00eate parfaitement \u00e0 de nombreux sites, y compris les sites en libre-service.<\/p>\n<\/div>\n<div class=\"small-12\">\n<h3 class=\"red\">Configurations de boissons<\/h3>\n<p><strong>La norme:<\/strong><\/p>\n<p><img fetchpriority=\"high\" decoding=\"async\" src=\"https:\/\/www.caffesociety.co.uk\/assets\/prontobar-default-config.jpg\" alt=\"Configuration du bouton par d\u00e9faut Prontobar\" width=\"800\" height=\"392\" \/><\/p>\n<ul class=\"fa-ul\">\n<li><i class=\"fa fa-li fa-star-o red\"><\/i>Choix de boissons: 6<\/li>\n<li><i class=\"fa fa-li fa-star-o red\"><\/i>Goulotte \u00e0 caf\u00e9 pr\u00e9moulue pour d\u00e9caf\u00e9in\u00e9<\/li>\n<li><i class=\"fa fa-li fa-star-o red\"><\/i>50 \u00e0 200 tasses de caf\u00e9 par jour<\/li>\n<li><i class=\"fa fa-li fa-star-o red\"><\/i>Taille de boisson par d\u00e9faut: 8-12oz<\/li>\n<li><i class=\"fa fa-li fa-star-o red\"><\/i>Les boissons peuvent \u00eatre rendues plus fortes ou plus grandes en utilisant les boutons individuels expresso, lait et eau<i class=\"fa fa-li fa-star-o red\"><\/i><\/li>\n<\/ul>\n<\/div>\n<\/div>\n","protected":false},"excerpt":{"rendered":"<p>Caract\u00e9ristiques Groupe brassicole en m\u00e9tal\u00a0&#8211; Une t\u00eate de groupe thermocompens\u00e9e en aluminium moul\u00e9 sous pression et en acier inoxydable optimise<\/p>\n","protected":false},"featured_media":5823,"comment_status":"open","ping_status":"closed","template":"","meta":[],"product_brand":[],"product_cat":[314,315,316,317],"product_tag":[],"class_list":{"0":"post-5814","1":"product","2":"type-product","3":"status-publish","4":"has-post-thumbnail","6":"product_cat-cafe-bar","7":"product_cat-cafe","8":"product_cat-machine-a-cafe","9":"product_cat-moulin-a-cafe","11":"first","12":"instock","13":"shipping-taxable","14":"product-type-simple"},"_links":{"self":[{"href":"https:\/\/www.rgequip.com\/index.php?rest_route=\/wp\/v2\/product\/5814","targetHints":{"allow":["GET"]}}],"collection":[{"href":"https:\/\/www.rgequip.com\/index.php?rest_route=\/wp\/v2\/product"}],"about":[{"href":"https:\/\/www.rgequip.com\/index.php?rest_route=\/wp\/v2\/types\/product"}],"replies":[{"embeddable":true,"href":"https:\/\/www.rgequip.com\/index.php?rest_route=%2Fwp%2Fv2%2Fcomments&post=5814"}],"version-history":[{"count":1,"href":"https:\/\/www.rgequip.com\/index.php?rest_route=\/wp\/v2\/product\/5814\/revisions"}],"predecessor-version":[{"id":6689,"href":"https:\/\/www.rgequip.com\/index.php?rest_route=\/wp\/v2\/product\/5814\/revisions\/6689"}],"wp:featuredmedia":[{"embeddable":true,"href":"https:\/\/www.rgequip.com\/index.php?rest_route=\/wp\/v2\/media\/5823"}],"wp:attachment":[{"href":"https:\/\/www.rgequip.com\/index.php?rest_route=%2Fwp%2Fv2%2Fmedia&parent=5814"}],"wp:term":[{"taxonomy":"product_brand","embeddable":true,"href":"https:\/\/www.rgequip.com\/index.php?rest_route=%2Fwp%2Fv2%2Fproduct_brand&post=5814"},{"taxonomy":"product_cat","embeddable":true,"href":"https:\/\/www.rgequip.com\/index.php?rest_route=%2Fwp%2Fv2%2Fproduct_cat&post=5814"},{"taxonomy":"product_tag","embeddable":true,"href":"https:\/\/www.rgequip.com\/index.php?rest_route=%2Fwp%2Fv2%2Fproduct_tag&post=5814"}],"curies":[{"name":"wp","href":"https:\/\/api.w.org\/{rel}","templated":true}]}}