{"id":5812,"date":"2019-07-26T17:15:20","date_gmt":"2019-07-26T15:15:20","guid":{"rendered":"https:\/\/www.rgequip.com\/?post_type=product&#038;p=5812"},"modified":"2019-07-26T17:26:03","modified_gmt":"2019-07-26T15:26:03","slug":"extracteur-de-jus-45-tours-min","status":"publish","type":"product","link":"https:\/\/www.rgequip.com\/?product=extracteur-de-jus-45-tours-min","title":{"rendered":"Extracteur de jus 45 tours\/min"},"content":{"rendered":"<h1 class=\"artikelgroupLink\">EXTRACTEUR DE JUS &#8211; SLOW JUICER<\/h1>\n<p>Id\u00e9al pour la pr\u00e9paration des jus de fruit frais, mousses, pur\u00e9es et cocktails \u00e0 fruit.<br \/>\nConvient parfaitement pour des fruits rouges (myrtilles, framboises, fraises) ainsi que les fruit durs et l\u00e9gumes (betteraves, navets, gingembre) et herbes\/jeune pousses (orties, germes de bl\u00e9, pissenlit).<br \/>\nL&#8217;avantage de cet appareil compar\u00e9 \u00e0 une presse fruits traditionnel est qu&#8217;il extrait beaucoup plus de jus et que les restes sont presque compl\u00e9tement secs.<br \/>\nLe fonctionnement est comparable \u00e0 une presse \u00e0 froid m\u00e9canique.<br \/>\nLe jus fait avec le slow juicer a un go\u00fbt et un odeur plus intense et frais. Les nutriments sont mieux pr\u00e9serv\u00e9s et le jus ne s\u2019oxyde pas aussi rapidement qu&#8217;avec un appareil traditionnel.<br \/>\nVitesse de rotation: 45 tours par minute.<br \/>\n\u00c9quip\u00e9 avec une fonction marche arri\u00e8re pour \u00e9viter que le vis sans fin se bloque.<br \/>\nLe moteur \u00e0 induction assure une grande puissance et r\u00e9sistance de l&#8217;appareil.<br \/>\nSilencieux lors d&#8217;utilisation: 65 dB.<br \/>\nGr\u00e2ce \u00e0 une protection magn\u00e9tique, l&#8217;appareil ne peut pas s&#8217;allumer si il n&#8217;est pas bien mont\u00e9.<br \/>\nPeut fonctionner pendant maximum 20 minutes en continue.<br \/>\nGrande goulotte d&#8217;introduction de \u00d883 mm (par ex. pommes, poires, navets) avec m\u00e9canisme pour prot\u00e9ger les mains d&#8217;y rentrer.<br \/>\nPetite goulotte d&#8217;introduction de \u00d842 mm avec un poussoir pour des l\u00e9gumes longs (par ex. carottes, panais, poireau).<br \/>\nVerseur de jus avec un bouchon pratique.<br \/>\nPassoire \u00e0 l&#8217;int\u00e9rieur fait en inox AISI 304.<br \/>\nVis sans fin, le support et les parties de la passoire sont faits en copolyester Trtitan sans BPA.<br \/>\nB\u00e2ti avec une poign\u00e9e pratique fait en aluminium satin\u00e9 et ABS.<br \/>\nFacile \u00e0 utiliser et \u00e0 nettoyer.<br \/>\nPoids: 7,2 kg.<br \/>\n2 pichets en polycarbonate pour pulpe et jus, chacun de 850 ml.<br \/>\nBrosse de nettoyage avec poils en nylon.<\/p>\n","protected":false},"excerpt":{"rendered":"<p>EXTRACTEUR DE JUS &#8211; SLOW JUICER Id\u00e9al pour la pr\u00e9paration des jus de fruit frais, mousses, pur\u00e9es et cocktails \u00e0<\/p>\n","protected":false},"featured_media":5813,"comment_status":"open","ping_status":"closed","template":"","meta":[],"product_brand":[],"product_cat":[314,324,323],"product_tag":[],"class_list":{"0":"post-5812","1":"product","2":"type-product","3":"status-publish","4":"has-post-thumbnail","6":"product_cat-cafe-bar","7":"product_cat-extrateurs-de-jus","8":"product_cat-jus-de-fruit","10":"first","11":"instock","12":"shipping-taxable","13":"product-type-simple"},"_links":{"self":[{"href":"https:\/\/www.rgequip.com\/index.php?rest_route=\/wp\/v2\/product\/5812","targetHints":{"allow":["GET"]}}],"collection":[{"href":"https:\/\/www.rgequip.com\/index.php?rest_route=\/wp\/v2\/product"}],"about":[{"href":"https:\/\/www.rgequip.com\/index.php?rest_route=\/wp\/v2\/types\/product"}],"replies":[{"embeddable":true,"href":"https:\/\/www.rgequip.com\/index.php?rest_route=%2Fwp%2Fv2%2Fcomments&post=5812"}],"version-history":[{"count":0,"href":"https:\/\/www.rgequip.com\/index.php?rest_route=\/wp\/v2\/product\/5812\/revisions"}],"wp:featuredmedia":[{"embeddable":true,"href":"https:\/\/www.rgequip.com\/index.php?rest_route=\/wp\/v2\/media\/5813"}],"wp:attachment":[{"href":"https:\/\/www.rgequip.com\/index.php?rest_route=%2Fwp%2Fv2%2Fmedia&parent=5812"}],"wp:term":[{"taxonomy":"product_brand","embeddable":true,"href":"https:\/\/www.rgequip.com\/index.php?rest_route=%2Fwp%2Fv2%2Fproduct_brand&post=5812"},{"taxonomy":"product_cat","embeddable":true,"href":"https:\/\/www.rgequip.com\/index.php?rest_route=%2Fwp%2Fv2%2Fproduct_cat&post=5812"},{"taxonomy":"product_tag","embeddable":true,"href":"https:\/\/www.rgequip.com\/index.php?rest_route=%2Fwp%2Fv2%2Fproduct_tag&post=5812"}],"curies":[{"name":"wp","href":"https:\/\/api.w.org\/{rel}","templated":true}]}}