{"id":5807,"date":"2019-07-26T15:54:15","date_gmt":"2019-07-26T13:54:15","guid":{"rendered":"https:\/\/www.rgequip.com\/?post_type=product&#038;p=5807"},"modified":"2019-07-26T17:01:20","modified_gmt":"2019-07-26T15:01:20","slug":"distributeur-de-boissons-refrigerees-bacs","status":"publish","type":"product","link":"https:\/\/www.rgequip.com\/?product=distributeur-de-boissons-refrigerees-bacs","title":{"rendered":"Distributeur de boissons refriger\u00e9es  bacs"},"content":{"rendered":"<h3>DESCRIPTION<\/h3>\n<div class=\"block_slide\">\n<p><b>Le distributeur de boissons r\u00e9frig\u00e9r\u00e9es\u00a0permet de distribuer tous types de boissons fra\u00eeches: jus de fruits (avec ou sans pulpe), sangria, limonade, eau, th\u00e9 glac\u00e9 ou caf\u00e9 froid&#8230;<\/b><\/p>\n<p>Utilisation simple: il suffit d&#8217;appuyer le verre ou la carafe contre le levier pour que la boisson s&#8217;\u00e9coule.<\/p>\n<p>Agitateur \u00e0 palette maintenant une temp\u00e9rature homog\u00e8ne et \u00e9vitant la formation de mousse et l\u2019oxydation de la boisson.<\/p>\n<p>Syst\u00e8me de r\u00e9frig\u00e9ration fiable et performant:\u00a0Condensateur de grande dimension permettant le refroidissement rapide de la boisson.\u00a0Compresseur herm\u00e9tique haute<br \/>\npression garantissant la qualit\u00e9, la performance et la dur\u00e9e de vie de l\u2019appareil.<br \/>\nParticuli\u00e8rement adapt\u00e9 aux pays chauds.<\/p>\n<p>34-2 (2 bacs)\u00a0 &#8211; capacit\u00e9 2&#215;12 litres<\/p>\n<\/div>\n","protected":false},"excerpt":{"rendered":"<p>DESCRIPTION Le distributeur de boissons r\u00e9frig\u00e9r\u00e9es\u00a0permet de distribuer tous types de boissons fra\u00eeches: jus de fruits (avec ou sans pulpe),<\/p>\n","protected":false},"featured_media":5808,"comment_status":"open","ping_status":"closed","template":"","meta":[],"product_brand":[],"product_cat":[314,326,323],"product_tag":[],"class_list":{"0":"post-5807","1":"product","2":"type-product","3":"status-publish","4":"has-post-thumbnail","6":"product_cat-cafe-bar","7":"product_cat-distributeurs-de-boissons","8":"product_cat-jus-de-fruit","10":"first","11":"instock","12":"shipping-taxable","13":"product-type-simple"},"_links":{"self":[{"href":"https:\/\/www.rgequip.com\/index.php?rest_route=\/wp\/v2\/product\/5807","targetHints":{"allow":["GET"]}}],"collection":[{"href":"https:\/\/www.rgequip.com\/index.php?rest_route=\/wp\/v2\/product"}],"about":[{"href":"https:\/\/www.rgequip.com\/index.php?rest_route=\/wp\/v2\/types\/product"}],"replies":[{"embeddable":true,"href":"https:\/\/www.rgequip.com\/index.php?rest_route=%2Fwp%2Fv2%2Fcomments&post=5807"}],"version-history":[{"count":0,"href":"https:\/\/www.rgequip.com\/index.php?rest_route=\/wp\/v2\/product\/5807\/revisions"}],"wp:featuredmedia":[{"embeddable":true,"href":"https:\/\/www.rgequip.com\/index.php?rest_route=\/wp\/v2\/media\/5808"}],"wp:attachment":[{"href":"https:\/\/www.rgequip.com\/index.php?rest_route=%2Fwp%2Fv2%2Fmedia&parent=5807"}],"wp:term":[{"taxonomy":"product_brand","embeddable":true,"href":"https:\/\/www.rgequip.com\/index.php?rest_route=%2Fwp%2Fv2%2Fproduct_brand&post=5807"},{"taxonomy":"product_cat","embeddable":true,"href":"https:\/\/www.rgequip.com\/index.php?rest_route=%2Fwp%2Fv2%2Fproduct_cat&post=5807"},{"taxonomy":"product_tag","embeddable":true,"href":"https:\/\/www.rgequip.com\/index.php?rest_route=%2Fwp%2Fv2%2Fproduct_tag&post=5807"}],"curies":[{"name":"wp","href":"https:\/\/api.w.org\/{rel}","templated":true}]}}