{"id":5795,"date":"2019-07-26T12:14:33","date_gmt":"2019-07-26T10:14:33","guid":{"rendered":"https:\/\/www.rgequip.com\/?post_type=product&#038;p=5795"},"modified":"2019-07-26T12:33:58","modified_gmt":"2019-07-26T10:33:58","slug":"centrifugeuse-serie-50","status":"publish","type":"product","link":"https:\/\/www.rgequip.com\/?product=centrifugeuse-serie-50","title":{"rendered":"Centrifugeuse &#8211; serie 50"},"content":{"rendered":"<h3>DESCRIPTION<\/h3>\n<div class=\"block_slide\">\n<p><b>Centrifugeuse\u00a0silencieuse\u00a0et puissante \u00e0 utiliser partout o\u00f9 l&#8217;on consomme du jus de fruits et de l\u00e9gumes frais:\u00a0bars \u00e0 jus, boutiques\u00a0de di\u00e9t\u00e9tiques, h\u00f4tels, bars, restaurants&#8230;<\/b><\/p>\n<p>Centrifugeuse professionnelle adapt\u00e9e \u00e0 un usage intensif gr\u00e2ce \u00e0 son moteur asynchrone puissant et son rendement \u00e9lev\u00e9.<\/p>\n<p>Filtration parfaite: grand panier avec un tamis tr\u00e8s fin (0.5 mm \/ 0.02&#8221;).<\/p>\n<p>Large introduction: 79.5 mm. Laisse passer des fruits et l\u00e9gumes entiers.<\/p>\n<p>Silence: permettant un usage devant la client\u00e8le.<\/p>\n<p>S\u00e9curit\u00e9: arr\u00eat du moteur et frein m\u00e9canique arr\u00eatant le panier \u00e0 l&#8217;ouverture de la poign\u00e9e.<\/p>\n<p>Syst\u00e8me Ezy-clean<sup>\u2122<\/sup>\u00a0brevet\u00e9: cuve, couvercle et panier amovibles sans outils.<\/p>\n<p>Hauteur du bec: 200 mm (8.6&#8243;),\u00a0pour r\u00e9aliser du jus en continu au pichet ou au verre \u00e0 verre.<\/p>\n<p>D\u00e9bit: 100 l\/h<\/p>\n<\/div>\n","protected":false},"excerpt":{"rendered":"<p>DESCRIPTION Centrifugeuse\u00a0silencieuse\u00a0et puissante \u00e0 utiliser partout o\u00f9 l&#8217;on consomme du jus de fruits et de l\u00e9gumes frais:\u00a0bars \u00e0 jus, boutiques\u00a0de<\/p>\n","protected":false},"featured_media":5796,"comment_status":"open","ping_status":"closed","template":"","meta":[],"product_brand":[],"product_cat":[314,325,323],"product_tag":[],"class_list":{"0":"post-5795","1":"product","2":"type-product","3":"status-publish","4":"has-post-thumbnail","6":"product_cat-cafe-bar","7":"product_cat-centrifugeuses","8":"product_cat-jus-de-fruit","10":"first","11":"instock","12":"shipping-taxable","13":"product-type-simple"},"_links":{"self":[{"href":"https:\/\/www.rgequip.com\/index.php?rest_route=\/wp\/v2\/product\/5795","targetHints":{"allow":["GET"]}}],"collection":[{"href":"https:\/\/www.rgequip.com\/index.php?rest_route=\/wp\/v2\/product"}],"about":[{"href":"https:\/\/www.rgequip.com\/index.php?rest_route=\/wp\/v2\/types\/product"}],"replies":[{"embeddable":true,"href":"https:\/\/www.rgequip.com\/index.php?rest_route=%2Fwp%2Fv2%2Fcomments&post=5795"}],"version-history":[{"count":0,"href":"https:\/\/www.rgequip.com\/index.php?rest_route=\/wp\/v2\/product\/5795\/revisions"}],"wp:featuredmedia":[{"embeddable":true,"href":"https:\/\/www.rgequip.com\/index.php?rest_route=\/wp\/v2\/media\/5796"}],"wp:attachment":[{"href":"https:\/\/www.rgequip.com\/index.php?rest_route=%2Fwp%2Fv2%2Fmedia&parent=5795"}],"wp:term":[{"taxonomy":"product_brand","embeddable":true,"href":"https:\/\/www.rgequip.com\/index.php?rest_route=%2Fwp%2Fv2%2Fproduct_brand&post=5795"},{"taxonomy":"product_cat","embeddable":true,"href":"https:\/\/www.rgequip.com\/index.php?rest_route=%2Fwp%2Fv2%2Fproduct_cat&post=5795"},{"taxonomy":"product_tag","embeddable":true,"href":"https:\/\/www.rgequip.com\/index.php?rest_route=%2Fwp%2Fv2%2Fproduct_tag&post=5795"}],"curies":[{"name":"wp","href":"https:\/\/api.w.org\/{rel}","templated":true}]}}