{"id":5641,"date":"2019-07-23T14:52:56","date_gmt":"2019-07-23T12:52:56","guid":{"rendered":"http:\/\/localhost\/rge\/?post_type=product&#038;p=5641"},"modified":"2019-08-13T13:52:42","modified_gmt":"2019-08-13T11:52:42","slug":"buffet-refrigere-4-bacs-gn-1-1-sur-dessert-2-portes","status":"publish","type":"product","link":"https:\/\/www.rgequip.com\/?product=buffet-refrigere-4-bacs-gn-1-1-sur-dessert-2-portes","title":{"rendered":"Buffet refriger\u00e9 4 bacs GN 1\/1 sur dessert 2 portes"},"content":{"rendered":"<p><a href=\"https:\/\/fr.wikipedia.org\/wiki\/Buffet_(meuble)\" target=\"_blank\">Buffet<\/a> r\u00e9frig\u00e9r\u00e9 inox\u00a04 bacs Gastro 1\/1 + Desserte r\u00e9frig\u00e9r\u00e9e 2 portes GN 1\/1<\/p>\n<p>&#8211; Buffet self-service en acier inox<br \/>\n&#8211; Capacit\u00e9 4 GN 1\/1 profondeur 100 mm<br \/>\n&#8211; Isolation en polyur\u00e9thane 35 \/ 40 Kg\/m\u00b3 sans CFC<br \/>\n&#8211; Panneau de commande digital<br \/>\n&#8211; D\u00e9givrage automatique<br \/>\n&#8211; Livr\u00e9 avec des roulettes (Pieds en acier inox sur demande)<br \/>\n&#8211; Cuve de pr\u00e9sentation et de conservation int\u00e9gr\u00e9e, capacit\u00e9 : 4 bacs Gastronorm (nonfournis) r\u00e9frig\u00e9r\u00e9 temp\u00e9rature -2\u00b0 +8\u00b0C<br \/>\n&#8211; Structure sup\u00e9rieure en verre Securit dot\u00e9e d\u2019un \u00e9tag\u00e8re interm\u00e9diaire<br \/>\n&#8211; Eclairage LED<br \/>\n&#8211; Plan de travail en granit.<br \/>\n&#8211; Partie inf\u00e9rieure desserte r\u00e9frig\u00e9r\u00e9e 2 portes Gastro GN1\/1<br \/>\n&#8211; 230 V\/1\/50Hz.<\/p>\n","protected":false},"excerpt":{"rendered":"<p>Buffet r\u00e9frig\u00e9r\u00e9 inox\u00a04 bacs Gastro 1\/1 + Desserte r\u00e9frig\u00e9r\u00e9e 2 portes GN 1\/1 &#8211; Buffet self-service en acier inox &#8211;<\/p>\n","protected":false},"featured_media":5642,"comment_status":"open","ping_status":"closed","template":"","meta":[],"product_brand":[],"product_cat":[268,291,272],"product_tag":[],"class_list":{"0":"post-5641","1":"product","2":"type-product","3":"status-publish","4":"has-post-thumbnail","6":"product_cat-froids","7":"product_cat-v-a-sushi","8":"product_cat-vitrines","10":"first","11":"instock","12":"shipping-taxable","13":"product-type-simple"},"_links":{"self":[{"href":"https:\/\/www.rgequip.com\/index.php?rest_route=\/wp\/v2\/product\/5641","targetHints":{"allow":["GET"]}}],"collection":[{"href":"https:\/\/www.rgequip.com\/index.php?rest_route=\/wp\/v2\/product"}],"about":[{"href":"https:\/\/www.rgequip.com\/index.php?rest_route=\/wp\/v2\/types\/product"}],"replies":[{"embeddable":true,"href":"https:\/\/www.rgequip.com\/index.php?rest_route=%2Fwp%2Fv2%2Fcomments&post=5641"}],"version-history":[{"count":0,"href":"https:\/\/www.rgequip.com\/index.php?rest_route=\/wp\/v2\/product\/5641\/revisions"}],"wp:featuredmedia":[{"embeddable":true,"href":"https:\/\/www.rgequip.com\/index.php?rest_route=\/wp\/v2\/media\/5642"}],"wp:attachment":[{"href":"https:\/\/www.rgequip.com\/index.php?rest_route=%2Fwp%2Fv2%2Fmedia&parent=5641"}],"wp:term":[{"taxonomy":"product_brand","embeddable":true,"href":"https:\/\/www.rgequip.com\/index.php?rest_route=%2Fwp%2Fv2%2Fproduct_brand&post=5641"},{"taxonomy":"product_cat","embeddable":true,"href":"https:\/\/www.rgequip.com\/index.php?rest_route=%2Fwp%2Fv2%2Fproduct_cat&post=5641"},{"taxonomy":"product_tag","embeddable":true,"href":"https:\/\/www.rgequip.com\/index.php?rest_route=%2Fwp%2Fv2%2Fproduct_tag&post=5641"}],"curies":[{"name":"wp","href":"https:\/\/api.w.org\/{rel}","templated":true}]}}