{"id":5635,"date":"2019-07-23T13:46:42","date_gmt":"2019-07-23T11:46:42","guid":{"rendered":"http:\/\/localhost\/rge\/?post_type=product&#038;p=5635"},"modified":"2019-08-13T13:48:30","modified_gmt":"2019-08-13T11:48:30","slug":"vitrine-negative-ventilee-etageres-en-verre-large-modele","status":"publish","type":"product","link":"https:\/\/www.rgequip.com\/?product=vitrine-negative-ventilee-etageres-en-verre-large-modele","title":{"rendered":"Vitrine n\u00e9gative ventil\u00e9e \u2013 \u00e9tag\u00e8res en verre, large mod\u00e8le"},"content":{"rendered":"<h2><b>La vitrine verticale RDN 800 est dot\u00e9e d\u2019un syst\u00e8me de froid tr\u00e8s performant.<\/b><\/h2>\n<p>Le syst\u00e8me de r\u00e9frig\u00e9ration ventil\u00e9e assure une\u00a0<b>temp\u00e9rature homog\u00e8ne<\/b>\u00a0de\u00a0<b>-5 \u00e0 -20\u00b0C<\/b>\u00a0dans toute la\u00a0<b>vitrine verticale<\/b>.<\/p>\n<p>L\u2019\u00e9vaporateur plac\u00e9 en partie sup\u00e9rieure garantit un\u00a0<b>froid homog\u00e8ne<\/b>\u00a0dans toute la vitrine.<\/p>\n<p>De m\u00eame, Le thermostat \u00e9lectronique permet un <b>d\u00e9givrage automatique<\/b>\u00a0toutes les 2 heures.<\/p>\n<p>Parfaitement isol\u00e9e, cette\u00a0<b>vitrine verticale \u00e0 froid n\u00e9gatif<\/b> s&#8217;\u00e9quipe de parois \u00e0 <b>triple vitrage<\/b>.<\/p>\n<p>Enfin, outes les <b>vitrines r\u00e9frig\u00e9r\u00e9es \u00e0 p\u00e2tisseries <\/b>test\u00e9es en usine \u00e0 une temp\u00e9rature ext\u00e9rieure ambiante de 29\u00b0C.<\/p>\n<p><b>Equipement<\/b>\u00a0: r\u00e9gulation par thermostat \u00e9lectronique, 4 rampes LED, porte \u00e0 fermeture magn\u00e9tique, triple vitrage, compresseur Tecumseh FRANCE, gaz R542A sans CFC. Vitrine tropicalis\u00e9e mont\u00e9e sur 4 roues doubles. Disponible en 3 couleurs\u00a0: inox, noire ou blanche.<\/p>\n<p><b>Option<\/b>\u00a0: vitrage \u00e0 micro-trous pour une utilisation en altitude.<\/p>\n","protected":false},"excerpt":{"rendered":"<h2><b>Mettez en valeur et \u00e0 bonne temp\u00e9rature vos desserts glac\u00e9s dans la vitrine n\u00e9gative \u00e0 \u00e9tag\u00e8res en verre\u00a0!<\/b><\/h2>\n<p>Panoramique et \u00e9quip\u00e9e d\u2019un \u00e9clairage 4 LED, la\u00a0<b>vitrine n\u00e9gative ventil\u00e9e<\/b>\u00a0RDN 800 sublime vos glaces, vos\u00a0<b>p\u00e2tisseries\u00a0<\/b>et vos<b>\u00a0tartes surgel\u00e9es<\/b>.<\/p>\n<p>Vos p\u00e2tisseries et cr\u00e9ations culinaires glac\u00e9es sont pr\u00e9sent\u00e9es sur\u00a0<b>5 \u00e9tag\u00e8res en verre<\/b>\u00a0de dimensions 610 x 510 mm et r\u00e9glables sur 6 niveaux.<\/p>\n","protected":false},"featured_media":5639,"comment_status":"open","ping_status":"closed","template":"","meta":[],"product_brand":[],"product_cat":[268,289,290,272],"product_tag":[],"class_list":{"0":"post-5635","1":"product","2":"type-product","3":"status-publish","4":"has-post-thumbnail","6":"product_cat-froids","7":"product_cat-v-centrale","8":"product_cat-v-murale","9":"product_cat-vitrines","11":"first","12":"instock","13":"shipping-taxable","14":"product-type-simple"},"_links":{"self":[{"href":"https:\/\/www.rgequip.com\/index.php?rest_route=\/wp\/v2\/product\/5635","targetHints":{"allow":["GET"]}}],"collection":[{"href":"https:\/\/www.rgequip.com\/index.php?rest_route=\/wp\/v2\/product"}],"about":[{"href":"https:\/\/www.rgequip.com\/index.php?rest_route=\/wp\/v2\/types\/product"}],"replies":[{"embeddable":true,"href":"https:\/\/www.rgequip.com\/index.php?rest_route=%2Fwp%2Fv2%2Fcomments&post=5635"}],"version-history":[{"count":1,"href":"https:\/\/www.rgequip.com\/index.php?rest_route=\/wp\/v2\/product\/5635\/revisions"}],"predecessor-version":[{"id":6687,"href":"https:\/\/www.rgequip.com\/index.php?rest_route=\/wp\/v2\/product\/5635\/revisions\/6687"}],"wp:featuredmedia":[{"embeddable":true,"href":"https:\/\/www.rgequip.com\/index.php?rest_route=\/wp\/v2\/media\/5639"}],"wp:attachment":[{"href":"https:\/\/www.rgequip.com\/index.php?rest_route=%2Fwp%2Fv2%2Fmedia&parent=5635"}],"wp:term":[{"taxonomy":"product_brand","embeddable":true,"href":"https:\/\/www.rgequip.com\/index.php?rest_route=%2Fwp%2Fv2%2Fproduct_brand&post=5635"},{"taxonomy":"product_cat","embeddable":true,"href":"https:\/\/www.rgequip.com\/index.php?rest_route=%2Fwp%2Fv2%2Fproduct_cat&post=5635"},{"taxonomy":"product_tag","embeddable":true,"href":"https:\/\/www.rgequip.com\/index.php?rest_route=%2Fwp%2Fv2%2Fproduct_tag&post=5635"}],"curies":[{"name":"wp","href":"https:\/\/api.w.org\/{rel}","templated":true}]}}