{"id":5614,"date":"2019-07-22T10:58:33","date_gmt":"2019-07-22T08:58:33","guid":{"rendered":"http:\/\/localhost\/rge\/?post_type=product&#038;p=5614"},"modified":"2019-10-01T12:12:36","modified_gmt":"2019-10-01T10:12:36","slug":"armoire-negative-gn2-1","status":"publish","type":"product","link":"https:\/\/www.rgequip.com\/?product=armoire-negative-gn2-1","title":{"rendered":"Armoire R\u00e9frig\u00e9r\u00e9e n\u00e9gative GN2\/1"},"content":{"rendered":"<ul>\n<li>Cette <a href=\"https:\/\/oztiryakiler.com.tr\/products\/detail\/71888\" target=\"_blank\">armoire n\u00e9gative<\/a> est un cong\u00e9lateur de taille GN 2\/1 avec double porte<\/li>\n<li>Panneau de commande num\u00e9rique HACCP<\/li>\n<li>Cette <a href=\"https:\/\/www.rgequip.com\/product-category\/froids\/armoires\/\">armoire<\/a> n\u00e9gative est en acier inoxydable de qualit\u00e9 304<\/li>\n<li>Temp\u00e9rature de fonctionnement -5 \/ -22 \u00b0 C<\/li>\n<li>Condenseur sans nettoyage<\/li>\n<li>Augmentation minimale de la temp\u00e9rature interne maximale pendant le d\u00e9givrage.<\/li>\n<li>R\u00e9partition de l&#8217;air la plus efficace \u00e0 l&#8217;int\u00e9rieur avec un canal d&#8217;air sp\u00e9cialement con\u00e7u.<\/li>\n<li>Les doublures int\u00e9rieures et la base inf\u00e9rieure int\u00e9rieure embouties respectent les normes d&#8217;hygi\u00e8ne les plus strictes avec des angles arrondis . De m\u00eame, sont fabriqu\u00e9es en acier inoxydable.<\/li>\n<li>Aussi, une conception monobloc<\/li>\n<li>De m\u00eame, Interrupteur de coupure automatique du ventilateur et lampe \u00e0 DEL interne<\/li>\n<li>Large joint amovible magn\u00e9tique avec une zone \u00e0 triple induction fournit une \u00e9tanch\u00e9it\u00e9 efficace qui r\u00e9duit les pertes de chaleur.<\/li>\n<\/ul>\n","protected":false},"excerpt":{"rendered":"<p>Cette armoire n\u00e9gative est un cong\u00e9lateur de taille GN 2\/1 avec double porte Panneau de commande num\u00e9rique HACCP Cette armoire<\/p>\n","protected":false},"featured_media":5615,"comment_status":"open","ping_status":"closed","template":"","meta":[],"product_brand":[],"product_cat":[277,269,268],"product_tag":[],"class_list":{"0":"post-5614","1":"product","2":"type-product","3":"status-publish","4":"has-post-thumbnail","6":"product_cat-a-negatives","7":"product_cat-armoires","8":"product_cat-froids","10":"first","11":"instock","12":"shipping-taxable","13":"product-type-simple"},"_links":{"self":[{"href":"https:\/\/www.rgequip.com\/index.php?rest_route=\/wp\/v2\/product\/5614","targetHints":{"allow":["GET"]}}],"collection":[{"href":"https:\/\/www.rgequip.com\/index.php?rest_route=\/wp\/v2\/product"}],"about":[{"href":"https:\/\/www.rgequip.com\/index.php?rest_route=\/wp\/v2\/types\/product"}],"replies":[{"embeddable":true,"href":"https:\/\/www.rgequip.com\/index.php?rest_route=%2Fwp%2Fv2%2Fcomments&post=5614"}],"version-history":[{"count":2,"href":"https:\/\/www.rgequip.com\/index.php?rest_route=\/wp\/v2\/product\/5614\/revisions"}],"predecessor-version":[{"id":10328,"href":"https:\/\/www.rgequip.com\/index.php?rest_route=\/wp\/v2\/product\/5614\/revisions\/10328"}],"wp:featuredmedia":[{"embeddable":true,"href":"https:\/\/www.rgequip.com\/index.php?rest_route=\/wp\/v2\/media\/5615"}],"wp:attachment":[{"href":"https:\/\/www.rgequip.com\/index.php?rest_route=%2Fwp%2Fv2%2Fmedia&parent=5614"}],"wp:term":[{"taxonomy":"product_brand","embeddable":true,"href":"https:\/\/www.rgequip.com\/index.php?rest_route=%2Fwp%2Fv2%2Fproduct_brand&post=5614"},{"taxonomy":"product_cat","embeddable":true,"href":"https:\/\/www.rgequip.com\/index.php?rest_route=%2Fwp%2Fv2%2Fproduct_cat&post=5614"},{"taxonomy":"product_tag","embeddable":true,"href":"https:\/\/www.rgequip.com\/index.php?rest_route=%2Fwp%2Fv2%2Fproduct_tag&post=5614"}],"curies":[{"name":"wp","href":"https:\/\/api.w.org\/{rel}","templated":true}]}}