{"id":5587,"date":"2019-07-19T13:55:18","date_gmt":"2019-07-19T11:55:18","guid":{"rendered":"http:\/\/localhost\/rge\/?post_type=product&#038;p=5587"},"modified":"2019-08-05T18:56:15","modified_gmt":"2019-08-05T16:56:15","slug":"four-a-convection","status":"publish","type":"product","link":"https:\/\/www.rgequip.com\/?product=four-a-convection","title":{"rendered":"Four \u00e0 air puls\u00e9 10 niveaux, GAZ"},"content":{"rendered":"<ul>\n<li>Corps en acier inoxydable<\/li>\n<li>La chambre de cuisson isol\u00e9e \u00e9vite les pertes de chaleur<\/li>\n<li>Thermostat de s\u00e9curit\u00e9<\/li>\n<li>Temp\u00e9rature de cuisson contr\u00f4l\u00e9e par thermostat num\u00e9rique<\/li>\n<li>Temps de cuisson r\u00e9glable jusqu&#8217;\u00e0 2 heures<\/li>\n<li>Possibilit\u00e9 de demander \u00e0 l&#8217;humidificateur de souffler automatiquement sur les aliments<\/li>\n<li>\u00c9clairage int\u00e9rieur du four<\/li>\n<li>Joint en silicone pour \u00e9viter \u00e9vacuation de la chaleur par la porte<\/li>\n<li>Interrupteur de s\u00e9curit\u00e9 qui arr\u00eate le processus de cuisson lorsque la porte s&#8217;ouvre<\/li>\n<li>Compos\u00e9 d&#8217;une double porte en verre r\u00e9sistant \u00e0 la chaleur<\/li>\n<li>Vitre int\u00e9rieure de porte facile \u00e0 nettoyer<\/li>\n<li>Cuisson dans des conditions humides et s\u00e8ches avec un interrupteur de fonction \u00e0 4 positions<\/li>\n<li>allumage automatique, veilleuse et soupape de s\u00e9curit\u00e9<\/li>\n<li>distance entre les \u00e9tag\u00e8res de 68 mm<\/li>\n<li>pieds r\u00e9glables<\/li>\n<li>GPL ou gaz naturel disponible<\/li>\n<\/ul>\n","protected":false},"excerpt":{"rendered":"<p>Corps en acier inoxydable La chambre de cuisson isol\u00e9e \u00e9vite les pertes de chaleur Thermostat de s\u00e9curit\u00e9 Temp\u00e9rature de cuisson<\/p>\n","protected":false},"featured_media":5588,"comment_status":"open","ping_status":"closed","template":"","meta":[],"product_brand":[],"product_cat":[226,243,229],"product_tag":[],"class_list":{"0":"post-5587","1":"product","2":"type-product","3":"status-publish","4":"has-post-thumbnail","6":"product_cat-cuisson","7":"product_cat-f-professionnels","8":"product_cat-fours","10":"first","11":"instock","12":"shipping-taxable","13":"product-type-simple"},"_links":{"self":[{"href":"https:\/\/www.rgequip.com\/index.php?rest_route=\/wp\/v2\/product\/5587","targetHints":{"allow":["GET"]}}],"collection":[{"href":"https:\/\/www.rgequip.com\/index.php?rest_route=\/wp\/v2\/product"}],"about":[{"href":"https:\/\/www.rgequip.com\/index.php?rest_route=\/wp\/v2\/types\/product"}],"replies":[{"embeddable":true,"href":"https:\/\/www.rgequip.com\/index.php?rest_route=%2Fwp%2Fv2%2Fcomments&post=5587"}],"version-history":[{"count":1,"href":"https:\/\/www.rgequip.com\/index.php?rest_route=\/wp\/v2\/product\/5587\/revisions"}],"predecessor-version":[{"id":6314,"href":"https:\/\/www.rgequip.com\/index.php?rest_route=\/wp\/v2\/product\/5587\/revisions\/6314"}],"wp:featuredmedia":[{"embeddable":true,"href":"https:\/\/www.rgequip.com\/index.php?rest_route=\/wp\/v2\/media\/5588"}],"wp:attachment":[{"href":"https:\/\/www.rgequip.com\/index.php?rest_route=%2Fwp%2Fv2%2Fmedia&parent=5587"}],"wp:term":[{"taxonomy":"product_brand","embeddable":true,"href":"https:\/\/www.rgequip.com\/index.php?rest_route=%2Fwp%2Fv2%2Fproduct_brand&post=5587"},{"taxonomy":"product_cat","embeddable":true,"href":"https:\/\/www.rgequip.com\/index.php?rest_route=%2Fwp%2Fv2%2Fproduct_cat&post=5587"},{"taxonomy":"product_tag","embeddable":true,"href":"https:\/\/www.rgequip.com\/index.php?rest_route=%2Fwp%2Fv2%2Fproduct_tag&post=5587"}],"curies":[{"name":"wp","href":"https:\/\/api.w.org\/{rel}","templated":true}]}}