{"id":5581,"date":"2019-07-19T13:35:53","date_gmt":"2019-07-19T11:35:53","guid":{"rendered":"http:\/\/localhost\/rge\/?post_type=product&#038;p=5581"},"modified":"2019-08-05T18:49:10","modified_gmt":"2019-08-05T16:49:10","slug":"salamandre-electrique","status":"publish","type":"product","link":"https:\/\/www.rgequip.com\/?product=salamandre-electrique","title":{"rendered":"Salamandre \u00e9lectrique"},"content":{"rendered":"<ul>\n<li>Corps en acier inoxydable<\/li>\n<li>Chauffage par le haut<\/li>\n<li>La chaleur de la r\u00e9sistance se r\u00e8gle par le r\u00e9gulateur d&#8217;\u00e9nergie.<\/li>\n<li>La partie sup\u00e9rieure avec syst\u00e8me de levage s&#8217;ajuste au niveau souhait\u00e9.<\/li>\n<li>Possibilit\u00e9 de s&#8217;accrocher au mur.<\/li>\n<li>Jambes r\u00e9glables<\/li>\n<\/ul>\n","protected":false},"excerpt":{"rendered":"<p>Corps en acier inoxydable Chauffage par le haut La chaleur de la r\u00e9sistance se r\u00e8gle par le r\u00e9gulateur d&#8217;\u00e9nergie. La<\/p>\n","protected":false},"featured_media":5582,"comment_status":"open","ping_status":"closed","template":"","meta":[],"product_brand":[],"product_cat":[226,251,231],"product_tag":[],"class_list":{"0":"post-5581","1":"product","2":"type-product","3":"status-publish","4":"has-post-thumbnail","6":"product_cat-cuisson","7":"product_cat-salamandre","8":"product_cat-toaster","10":"first","11":"instock","12":"shipping-taxable","13":"product-type-simple"},"_links":{"self":[{"href":"https:\/\/www.rgequip.com\/index.php?rest_route=\/wp\/v2\/product\/5581","targetHints":{"allow":["GET"]}}],"collection":[{"href":"https:\/\/www.rgequip.com\/index.php?rest_route=\/wp\/v2\/product"}],"about":[{"href":"https:\/\/www.rgequip.com\/index.php?rest_route=\/wp\/v2\/types\/product"}],"replies":[{"embeddable":true,"href":"https:\/\/www.rgequip.com\/index.php?rest_route=%2Fwp%2Fv2%2Fcomments&post=5581"}],"version-history":[{"count":1,"href":"https:\/\/www.rgequip.com\/index.php?rest_route=\/wp\/v2\/product\/5581\/revisions"}],"predecessor-version":[{"id":6313,"href":"https:\/\/www.rgequip.com\/index.php?rest_route=\/wp\/v2\/product\/5581\/revisions\/6313"}],"wp:featuredmedia":[{"embeddable":true,"href":"https:\/\/www.rgequip.com\/index.php?rest_route=\/wp\/v2\/media\/5582"}],"wp:attachment":[{"href":"https:\/\/www.rgequip.com\/index.php?rest_route=%2Fwp%2Fv2%2Fmedia&parent=5581"}],"wp:term":[{"taxonomy":"product_brand","embeddable":true,"href":"https:\/\/www.rgequip.com\/index.php?rest_route=%2Fwp%2Fv2%2Fproduct_brand&post=5581"},{"taxonomy":"product_cat","embeddable":true,"href":"https:\/\/www.rgequip.com\/index.php?rest_route=%2Fwp%2Fv2%2Fproduct_cat&post=5581"},{"taxonomy":"product_tag","embeddable":true,"href":"https:\/\/www.rgequip.com\/index.php?rest_route=%2Fwp%2Fv2%2Fproduct_tag&post=5581"}],"curies":[{"name":"wp","href":"https:\/\/api.w.org\/{rel}","templated":true}]}}