{"id":5577,"date":"2019-07-19T12:54:09","date_gmt":"2019-07-19T10:54:09","guid":{"rendered":"http:\/\/localhost\/rge\/?post_type=product&#038;p=5577"},"modified":"2019-08-05T18:43:46","modified_gmt":"2019-08-05T16:43:46","slug":"grill-double-gas-lisse-a-poser","status":"publish","type":"product","link":"https:\/\/www.rgequip.com\/?product=grill-double-gas-lisse-a-poser","title":{"rendered":"Grill double gas lisse \u00e0 poser"},"content":{"rendered":"<ul>\n<li>Con\u00e7u pour une productivit\u00e9 \u00e9lev\u00e9e, des performances exceptionnelles et une r\u00e9partition homog\u00e8ne de la chaleur<\/li>\n<li>Des zones de cuisson contr\u00f4l\u00e9es ind\u00e9pendamment pour une \u00e9conomie pendant les p\u00e9riodes calmes<\/li>\n<li>Une <a href=\"https:\/\/fr.wikipedia.org\/wiki\/Plancha\" target=\"_blank\">plaque en acier<\/a> doux \u00absatin\u00e9e\u00bb ou \u00abrev\u00eatue de chrome dur\u00bb<\/li>\n<li>Grand orifice de vidange sur surface de cuisson facile \u00e0 utiliser et \u00e0 nettoyer<\/li>\n<li>Grand tiroir de r\u00e9cup\u00e9ration des graisses d&#8217;une capacit\u00e9 de 1,5 litre pour une cuisson ininterrompue<\/li>\n<li>Protecteurs anti-\u00e9claboussures amovibles en acier inoxydable \u00e0 l&#8217;arri\u00e8re et sur les c\u00f4t\u00e9s de la surface de cuisson<\/li>\n<li>R\u00e9chauffement rapide avec des br\u00fbleurs en acier inoxydable<\/li>\n<li>Thermostatique contr\u00f4le de la temp\u00e9rature entre 100 et 300\u00b0C<\/li>\n<li>Allumage par \u00e9tincelle piezzo<\/li>\n<li>Dispositifs de s\u00e9curit\u00e9 en cas de flamme. En effet, il equip\u00e9 de thermostats de s\u00e9curit\u00e9<\/li>\n<li>Choix de la surface de <a href=\"https:\/\/www.rgequip.com\/product-category\/cuisson\/\">cuisson<\/a>: Versions lisses, semi-stri\u00e9es ou enti\u00e8rement stri\u00e9es disponibles<\/li>\n<li>Option de finition miroir avec rev\u00eatement en chrome dur pour faciliter le nettoyage<\/li>\n<li>Enfin, un rayonnement thermique r\u00e9duit et r\u00e9sistance aux rayures<\/li>\n<\/ul>\n","protected":false},"excerpt":{"rendered":"<p>Con\u00e7u pour une productivit\u00e9 \u00e9lev\u00e9e, des performances exceptionnelles et une r\u00e9partition homog\u00e8ne de la chaleur Des zones de cuisson contr\u00f4l\u00e9es<\/p>\n","protected":false},"featured_media":5580,"comment_status":"open","ping_status":"closed","template":"","meta":[],"product_brand":[],"product_cat":[226,227,237],"product_tag":[],"class_list":{"0":"post-5577","1":"product","2":"type-product","3":"status-publish","4":"has-post-thumbnail","6":"product_cat-cuisson","7":"product_cat-fourneaux","8":"product_cat-series-700-900","10":"first","11":"instock","12":"shipping-taxable","13":"product-type-simple"},"_links":{"self":[{"href":"https:\/\/www.rgequip.com\/index.php?rest_route=\/wp\/v2\/product\/5577","targetHints":{"allow":["GET"]}}],"collection":[{"href":"https:\/\/www.rgequip.com\/index.php?rest_route=\/wp\/v2\/product"}],"about":[{"href":"https:\/\/www.rgequip.com\/index.php?rest_route=\/wp\/v2\/types\/product"}],"replies":[{"embeddable":true,"href":"https:\/\/www.rgequip.com\/index.php?rest_route=%2Fwp%2Fv2%2Fcomments&post=5577"}],"version-history":[{"count":1,"href":"https:\/\/www.rgequip.com\/index.php?rest_route=\/wp\/v2\/product\/5577\/revisions"}],"predecessor-version":[{"id":6312,"href":"https:\/\/www.rgequip.com\/index.php?rest_route=\/wp\/v2\/product\/5577\/revisions\/6312"}],"wp:featuredmedia":[{"embeddable":true,"href":"https:\/\/www.rgequip.com\/index.php?rest_route=\/wp\/v2\/media\/5580"}],"wp:attachment":[{"href":"https:\/\/www.rgequip.com\/index.php?rest_route=%2Fwp%2Fv2%2Fmedia&parent=5577"}],"wp:term":[{"taxonomy":"product_brand","embeddable":true,"href":"https:\/\/www.rgequip.com\/index.php?rest_route=%2Fwp%2Fv2%2Fproduct_brand&post=5577"},{"taxonomy":"product_cat","embeddable":true,"href":"https:\/\/www.rgequip.com\/index.php?rest_route=%2Fwp%2Fv2%2Fproduct_cat&post=5577"},{"taxonomy":"product_tag","embeddable":true,"href":"https:\/\/www.rgequip.com\/index.php?rest_route=%2Fwp%2Fv2%2Fproduct_tag&post=5577"}],"curies":[{"name":"wp","href":"https:\/\/api.w.org\/{rel}","templated":true}]}}