{"id":5567,"date":"2019-07-19T11:26:23","date_gmt":"2019-07-19T09:26:23","guid":{"rendered":"http:\/\/localhost\/rge\/?post_type=product&#038;p=5567"},"modified":"2019-08-02T15:24:32","modified_gmt":"2019-08-02T13:24:32","slug":"fourneau-gaz-sur-four-gaz-4-bruleurs","status":"publish","type":"product","link":"https:\/\/www.rgequip.com\/?product=fourneau-gaz-sur-four-gaz-4-bruleurs","title":{"rendered":"Fourneau Gaz sur four gaz, 4 bruleurs"},"content":{"rendered":"<ul>\n<li><a href=\"https:\/\/fr.wikipedia.org\/wiki\/Cuisini%C3%A8re_%C3%A0_gaz\" target=\"_blank\">Br\u00fbleurs<\/a> ouverts combin\u00e9s avec un four statique \u00e0 gaz ou \u00e9lectrique \u00e0 allumage par \u00e9tincelle pi\u00e9zo.<\/li>\n<li>Chaque br\u00fbleur ouvert sur le dessus de la cuisini\u00e8re poss\u00e8de un dispositifs de s\u00e9curit\u00e9 en cas d\u2019incendie.<\/li>\n<li>Toutes les cuisini\u00e8res et tous les plans d\u2019\u00e9bullition poss\u00e8dent des tables de<a href=\"https:\/\/www.rgequip.com\/product-category\/cuisson\/\"> cuisson<\/a> monoblocs de 2 mm \u00e0 emboutissage profond.<\/li>\n<li>Des br\u00fbleurs en laiton particuli\u00e8rement puissants et sp\u00e9cialement con\u00e7us ont \u00e9t\u00e9 con\u00e7us pour maximiser la puissance, la combustion et l&#8217;efficacit\u00e9.<\/li>\n<li>Les br\u00fbleurs comportent des flammes pilotes pour une utilisation plus facile et plus rapide.<\/li>\n<li>La chambre du four statique peut \u00eatre contr\u00f4l\u00e9e par thermostat entre 100 et 300 \u00b0 C<\/li>\n<li>Le four est en acier inoxydable AISI 430 et \u00e9quip\u00e9 de guides de conteneur chrom\u00e9s amovibles et \u00e0 trois r\u00e9glages de hauteur.<\/li>\n<li>Pour une isolation maximale, la porte du four a une \u00e9paisseur de 40 mm<\/li>\n<li>De m\u00eame la porte du four poss\u00e8de \u00e9galement un syst\u00e8me mains libres ergonomique et robuste.<\/li>\n<li>Les br\u00fbleurs \u00e0 gaz microperfor\u00e9s en acier inoxydable sont con\u00e7us pour augmenter l&#8217;efficacit\u00e9 et chauffer rapidement la chambre du four.<\/li>\n<li>Les dimensions de travail de la chambre du four \u00e0 cuisini\u00e8re \u00e0 gaz \u00e0 4 br\u00fbleurs conviennent au GN 2\/1<\/li>\n<li>Sur la cuisini\u00e8re \u00e0 4 br\u00fbleurs, la porte du four emboutie et le support frontal de la chambre emboutie suppriment le besoin d&#8217;un joint suppl\u00e9mentaire qui diminue le transfert de chaleur.<\/li>\n<li>Chaque br\u00fbleur a un support de casserole en \u00e9mail noir \u00e9maill\u00e9 r\u00e9sistant aux acides semi-brillant r\u00e9sistant \u00e0 l&#8217;acide<\/li>\n<\/ul>\n","protected":false},"excerpt":{"rendered":"<p>Br\u00fbleurs ouverts combin\u00e9s avec un four statique \u00e0 gaz ou \u00e9lectrique \u00e0 allumage par \u00e9tincelle pi\u00e9zo. Chaque br\u00fbleur ouvert sur<\/p>\n","protected":false},"featured_media":5568,"comment_status":"open","ping_status":"closed","template":"","meta":[],"product_brand":[],"product_cat":[226,227,237],"product_tag":[],"class_list":{"0":"post-5567","1":"product","2":"type-product","3":"status-publish","4":"has-post-thumbnail","6":"product_cat-cuisson","7":"product_cat-fourneaux","8":"product_cat-series-700-900","10":"first","11":"instock","12":"shipping-taxable","13":"product-type-simple"},"_links":{"self":[{"href":"https:\/\/www.rgequip.com\/index.php?rest_route=\/wp\/v2\/product\/5567","targetHints":{"allow":["GET"]}}],"collection":[{"href":"https:\/\/www.rgequip.com\/index.php?rest_route=\/wp\/v2\/product"}],"about":[{"href":"https:\/\/www.rgequip.com\/index.php?rest_route=\/wp\/v2\/types\/product"}],"replies":[{"embeddable":true,"href":"https:\/\/www.rgequip.com\/index.php?rest_route=%2Fwp%2Fv2%2Fcomments&post=5567"}],"version-history":[{"count":1,"href":"https:\/\/www.rgequip.com\/index.php?rest_route=\/wp\/v2\/product\/5567\/revisions"}],"predecessor-version":[{"id":5569,"href":"https:\/\/www.rgequip.com\/index.php?rest_route=\/wp\/v2\/product\/5567\/revisions\/5569"}],"wp:featuredmedia":[{"embeddable":true,"href":"https:\/\/www.rgequip.com\/index.php?rest_route=\/wp\/v2\/media\/5568"}],"wp:attachment":[{"href":"https:\/\/www.rgequip.com\/index.php?rest_route=%2Fwp%2Fv2%2Fmedia&parent=5567"}],"wp:term":[{"taxonomy":"product_brand","embeddable":true,"href":"https:\/\/www.rgequip.com\/index.php?rest_route=%2Fwp%2Fv2%2Fproduct_brand&post=5567"},{"taxonomy":"product_cat","embeddable":true,"href":"https:\/\/www.rgequip.com\/index.php?rest_route=%2Fwp%2Fv2%2Fproduct_cat&post=5567"},{"taxonomy":"product_tag","embeddable":true,"href":"https:\/\/www.rgequip.com\/index.php?rest_route=%2Fwp%2Fv2%2Fproduct_tag&post=5567"}],"curies":[{"name":"wp","href":"https:\/\/api.w.org\/{rel}","templated":true}]}}