{"id":18892,"date":"2021-07-15T15:57:58","date_gmt":"2021-07-15T13:57:58","guid":{"rendered":"https:\/\/www.rgequip.com\/?post_type=product&#038;p=18892"},"modified":"2023-10-04T06:50:35","modified_gmt":"2023-10-04T04:50:35","slug":"armoire-refrigeree-negative-1-porte-pleine","status":"publish","type":"product","link":"https:\/\/www.rgequip.com\/?product=armoire-refrigeree-negative-1-porte-pleine","title":{"rendered":"Armoire R\u00e9frig\u00e9r\u00e9e N\u00e9gative 1 porte pleine"},"content":{"rendered":"<p>R\u00e9frig\u00e9rateur de taille GN 2\/1 avec porte en verre unique<br \/>\nPanneau de commande num\u00e9rique HACCP<br \/>\nAcier inoxydable de qualit\u00e9 304<br \/>\nTemp\u00e9rature de fonctionnement -2 \/ + 8 \u00b0 C.<br \/>\nCondenseur sans nettoyage<br \/>\nEn plus, Augmentation de temp\u00e9rature minimale de la capacit\u00e9 interne maximale pendant le d\u00e9givrage.<br \/>\nR\u00e9partition de l&#8217;air la plus efficace \u00e0 l&#8217;int\u00e9rieur avec un canal d&#8217;air sp\u00e9cialement con\u00e7u.<br \/>\nDe m\u00eame,Les doublures int\u00e9rieures et la base inf\u00e9rieure int\u00e9rieure embouties respectent les normes d&#8217;hygi\u00e8ne les plus strictes avec des angles arrondis et sont fabriqu\u00e9es en acier inoxydable.<br \/>\nInterrupteur de coupure automatique du ventilateur et lampe \u00e0 DEL interne<br \/>\nLarge joint amovible magn\u00e9tique avec une zone \u00e0 triple induction fournit une \u00e9tanch\u00e9it\u00e9 efficace qui r\u00e9duit les pertes de chaleur.<\/p>\n","protected":false},"excerpt":{"rendered":"<p>R\u00e9frig\u00e9rateur de taille GN 2\/1 avec porte en verre unique Panneau de commande num\u00e9rique HACCP Acier inoxydable de qualit\u00e9 304<\/p>\n","protected":false},"featured_media":10332,"comment_status":"open","ping_status":"closed","template":"redux-templates_canvas","meta":[],"product_brand":[],"product_cat":[268,278,269],"product_tag":[],"class_list":{"0":"post-18892","1":"product","2":"type-product","3":"status-publish","4":"has-post-thumbnail","6":"product_cat-froids","7":"product_cat-a-positives","8":"product_cat-armoires","10":"first","11":"instock","12":"shipping-taxable","13":"product-type-simple"},"_links":{"self":[{"href":"https:\/\/www.rgequip.com\/index.php?rest_route=\/wp\/v2\/product\/18892","targetHints":{"allow":["GET"]}}],"collection":[{"href":"https:\/\/www.rgequip.com\/index.php?rest_route=\/wp\/v2\/product"}],"about":[{"href":"https:\/\/www.rgequip.com\/index.php?rest_route=\/wp\/v2\/types\/product"}],"replies":[{"embeddable":true,"href":"https:\/\/www.rgequip.com\/index.php?rest_route=%2Fwp%2Fv2%2Fcomments&post=18892"}],"version-history":[{"count":1,"href":"https:\/\/www.rgequip.com\/index.php?rest_route=\/wp\/v2\/product\/18892\/revisions"}],"predecessor-version":[{"id":19164,"href":"https:\/\/www.rgequip.com\/index.php?rest_route=\/wp\/v2\/product\/18892\/revisions\/19164"}],"wp:featuredmedia":[{"embeddable":true,"href":"https:\/\/www.rgequip.com\/index.php?rest_route=\/wp\/v2\/media\/10332"}],"wp:attachment":[{"href":"https:\/\/www.rgequip.com\/index.php?rest_route=%2Fwp%2Fv2%2Fmedia&parent=18892"}],"wp:term":[{"taxonomy":"product_brand","embeddable":true,"href":"https:\/\/www.rgequip.com\/index.php?rest_route=%2Fwp%2Fv2%2Fproduct_brand&post=18892"},{"taxonomy":"product_cat","embeddable":true,"href":"https:\/\/www.rgequip.com\/index.php?rest_route=%2Fwp%2Fv2%2Fproduct_cat&post=18892"},{"taxonomy":"product_tag","embeddable":true,"href":"https:\/\/www.rgequip.com\/index.php?rest_route=%2Fwp%2Fv2%2Fproduct_tag&post=18892"}],"curies":[{"name":"wp","href":"https:\/\/api.w.org\/{rel}","templated":true}]}}