{"id":18880,"date":"2021-05-18T11:17:58","date_gmt":"2021-05-18T09:17:58","guid":{"rendered":"https:\/\/www.rgequip.com\/?post_type=product&#038;p=18880"},"modified":"2021-08-29T11:55:48","modified_gmt":"2021-08-29T09:55:48","slug":"vitrine-refrigeree-serie-m-vitre-droite-20009001400","status":"publish","type":"product","link":"https:\/\/www.rgequip.com\/?product=vitrine-refrigeree-serie-m-vitre-droite-20009001400","title":{"rendered":"Vitrine R\u00e9frig\u00e9r\u00e9e S\u00e9rie M vitre droite 2000*900*1400"},"content":{"rendered":"<p>Plan de travail en acier inoxydable.\u00a0Propret\u00e9, hygi\u00e8ne et libert\u00e9 d&#8217;exploitation<\/p>\n<p>\u00c9clairage au n\u00e9on standard ou \u00e9clairage \u00e0 LED en option<\/p>\n<p>\u00c9tag\u00e8re en verre tremp\u00e9 (en option)<\/p>\n<p>De m\u00eame, sa surface d&#8217;affichage plus profonde enti\u00e8rement en acier inoxydable avec syst\u00e8me de r\u00e9cup\u00e9ration des liquides permet une Meilleure hygi\u00e8ne (pas de halo pendant le nettoyage), protection maximale<\/p>\n<p>Enfin, C\u00f4t\u00e9s et finitions isol\u00e9s en version basse jusqu&#8217;au sol ou en version haute<\/p>\n<p>Syst\u00e8me anti-bu\u00e9e avec lunettes \u00e0 air chaud.\u00a0 visibilit\u00e9 des produits expos\u00e9s garantie \u00e0 tout moment et par tous les temps<\/p>\n","protected":false},"excerpt":{"rendered":"<p>Plan de travail en acier inoxydable.\u00a0Propret\u00e9, hygi\u00e8ne et libert\u00e9 d&#8217;exploitation \u00c9clairage au n\u00e9on standard ou \u00e9clairage \u00e0 LED en option<\/p>\n","protected":false},"featured_media":11179,"comment_status":"open","ping_status":"closed","template":"","meta":[],"product_brand":[],"product_cat":[268,289,272],"product_tag":[],"class_list":{"0":"post-18880","1":"product","2":"type-product","3":"status-publish","4":"has-post-thumbnail","6":"product_cat-froids","7":"product_cat-v-centrale","8":"product_cat-vitrines","10":"first","11":"instock","12":"shipping-taxable","13":"product-type-simple"},"_links":{"self":[{"href":"https:\/\/www.rgequip.com\/index.php?rest_route=\/wp\/v2\/product\/18880","targetHints":{"allow":["GET"]}}],"collection":[{"href":"https:\/\/www.rgequip.com\/index.php?rest_route=\/wp\/v2\/product"}],"about":[{"href":"https:\/\/www.rgequip.com\/index.php?rest_route=\/wp\/v2\/types\/product"}],"replies":[{"embeddable":true,"href":"https:\/\/www.rgequip.com\/index.php?rest_route=%2Fwp%2Fv2%2Fcomments&post=18880"}],"version-history":[{"count":0,"href":"https:\/\/www.rgequip.com\/index.php?rest_route=\/wp\/v2\/product\/18880\/revisions"}],"wp:featuredmedia":[{"embeddable":true,"href":"https:\/\/www.rgequip.com\/index.php?rest_route=\/wp\/v2\/media\/11179"}],"wp:attachment":[{"href":"https:\/\/www.rgequip.com\/index.php?rest_route=%2Fwp%2Fv2%2Fmedia&parent=18880"}],"wp:term":[{"taxonomy":"product_brand","embeddable":true,"href":"https:\/\/www.rgequip.com\/index.php?rest_route=%2Fwp%2Fv2%2Fproduct_brand&post=18880"},{"taxonomy":"product_cat","embeddable":true,"href":"https:\/\/www.rgequip.com\/index.php?rest_route=%2Fwp%2Fv2%2Fproduct_cat&post=18880"},{"taxonomy":"product_tag","embeddable":true,"href":"https:\/\/www.rgequip.com\/index.php?rest_route=%2Fwp%2Fv2%2Fproduct_tag&post=18880"}],"curies":[{"name":"wp","href":"https:\/\/api.w.org\/{rel}","templated":true}]}}