{"id":18873,"date":"2021-04-13T15:46:29","date_gmt":"2021-04-13T13:46:29","guid":{"rendered":"https:\/\/www.rgequip.com\/?post_type=product&#038;p=18873"},"modified":"2021-04-13T15:46:29","modified_gmt":"2021-04-13T13:46:29","slug":"cuiseur-a-pates-electrique-1-cuve-avec-placard","status":"publish","type":"product","link":"https:\/\/www.rgequip.com\/?product=cuiseur-a-pates-electrique-1-cuve-avec-placard","title":{"rendered":"CUISEUR \u00c0 P\u00c2TES \u00c9LECTRIQUE\/ 1 CUVE AVEC PLACARD"},"content":{"rendered":"<p><b><span>Description<\/span><\/b><br \/>\n<span>Bassin \u00e0 eau monobloc embouti en AISI 316 pour une facilit\u00e9 de nettoyage et une longue dur\u00e9e de vie.<\/span><br \/>\n<span>\u00a0Le bassin d&#8217;eau est soud\u00e9 de mani\u00e8re transparente dans la partie sup\u00e9rieure de l&#8217;appareil.<\/span><br \/>\n<span>Une surface de drainage est fournie sur laquelle des paniers peuvent \u00eatre plac\u00e9s \u00e0 des fins de drainage sur chaque puits.<\/span><br \/>\n<span>Bassin d&#8217;eau de 40 litres pour un rendement maximal.<\/span><br \/>\n<span>Fonction d&#8217;\u00e9limination automatique de l&#8217;amidon pendant la cuisson afin d&#8217;am\u00e9liorer la qualit\u00e9 de l&#8217;eau au fil du temps.<\/span><br \/>\n<span>\u00a0L&#8217;appareil est \u00e9quip\u00e9 d&#8217;une \u00e9lectrovanne pour le fonctionnement de l&#8217;eau froide ou chaude et est aliment\u00e9 directement au bassin au moyen d&#8217;un bec.<\/span><br \/>\n<span>\u00a0Le grand drain avec robinet \u00e0 bille manuel assure une vidange rapide du puits. <\/span><\/p>\n<p><span>Br\u00fbleurs micro-perfor\u00e9s en acier inoxydable \u00e0 haute efficacit\u00e9 avec dispositif anti-flamme et flamme pilote prot\u00e9g\u00e9e qui peuvent \u00eatre contr\u00f4l\u00e9s visuellement gr\u00e2ce \u00e0 un verre c\u00e9ramique r\u00e9sistant \u00e0 la chaleur sur chaque puits.<\/span><\/p>\n","protected":false},"excerpt":{"rendered":"<p>Dim\u00a0: 400(L)*900(l)*850(H) mm<\/p>\n<p>Cap\u00a0: 2*25 L<\/p>\n<p>Puiss : 12 KW<\/p>\n<p>Tension : 400 V<\/p>\n<p>Fr\u00e9quence : 50 \u2013 60 HZ<\/p>\n<p>Poids net\u00a0: 49,40 Kg<\/p>\n<p>Gr\u00e2ce aux radiateurs efficaces en acier inoxydable, la temp\u00e9rature de l&#8217;eau augmente rapidement.<\/p>\n<p>&nbsp;<\/p>\n","protected":false},"featured_media":18874,"comment_status":"open","ping_status":"closed","template":"","meta":[],"product_brand":[],"product_cat":[226,264,236,237],"product_tag":[],"class_list":{"0":"post-18873","1":"product","2":"type-product","3":"status-publish","4":"has-post-thumbnail","6":"product_cat-cuisson","7":"product_cat-cuiseur-a-pates","8":"product_cat-cuiseurs","9":"product_cat-series-700-900","11":"first","12":"instock","13":"shipping-taxable","14":"product-type-simple"},"_links":{"self":[{"href":"https:\/\/www.rgequip.com\/index.php?rest_route=\/wp\/v2\/product\/18873","targetHints":{"allow":["GET"]}}],"collection":[{"href":"https:\/\/www.rgequip.com\/index.php?rest_route=\/wp\/v2\/product"}],"about":[{"href":"https:\/\/www.rgequip.com\/index.php?rest_route=\/wp\/v2\/types\/product"}],"replies":[{"embeddable":true,"href":"https:\/\/www.rgequip.com\/index.php?rest_route=%2Fwp%2Fv2%2Fcomments&post=18873"}],"version-history":[{"count":0,"href":"https:\/\/www.rgequip.com\/index.php?rest_route=\/wp\/v2\/product\/18873\/revisions"}],"wp:featuredmedia":[{"embeddable":true,"href":"https:\/\/www.rgequip.com\/index.php?rest_route=\/wp\/v2\/media\/18874"}],"wp:attachment":[{"href":"https:\/\/www.rgequip.com\/index.php?rest_route=%2Fwp%2Fv2%2Fmedia&parent=18873"}],"wp:term":[{"taxonomy":"product_brand","embeddable":true,"href":"https:\/\/www.rgequip.com\/index.php?rest_route=%2Fwp%2Fv2%2Fproduct_brand&post=18873"},{"taxonomy":"product_cat","embeddable":true,"href":"https:\/\/www.rgequip.com\/index.php?rest_route=%2Fwp%2Fv2%2Fproduct_cat&post=18873"},{"taxonomy":"product_tag","embeddable":true,"href":"https:\/\/www.rgequip.com\/index.php?rest_route=%2Fwp%2Fv2%2Fproduct_tag&post=18873"}],"curies":[{"name":"wp","href":"https:\/\/api.w.org\/{rel}","templated":true}]}}