{"id":18867,"date":"2021-04-05T17:18:40","date_gmt":"2021-04-05T15:18:40","guid":{"rendered":"https:\/\/www.rgequip.com\/?post_type=product&#038;p=18867"},"modified":"2021-04-05T17:18:41","modified_gmt":"2021-04-05T15:18:41","slug":"marmite-electrique-cylindrique-150-lt-chaleur-indirecte","status":"publish","type":"product","link":"https:\/\/www.rgequip.com\/?product=marmite-electrique-cylindrique-150-lt-chaleur-indirecte","title":{"rendered":"Marmite \u00e9lectrique cylindrique 150 lt chaleur indirecte"},"content":{"rendered":"<h3><span>La description<\/span><\/h3>\n<div class=\"my-3\">\n<p><span>Le digesteur est utilis\u00e9 dans les entreprises de restauration (restaurants, caf\u00e9s, fast-foods, cantines, h\u00f4pitaux) pour la cuisine.<\/span><\/p>\n<ul>\n<li><span>Surface de travail en acier inoxydable de 2 mm<\/span><\/li>\n<li><span>Syst\u00e8me de chauffage \u00e0 vapeur<\/span><\/li>\n<li><span>Cuiseur plein adapt\u00e9 pour la cuisson, le braisage et le mijotage<\/span><\/li>\n<li><span>Grande capacit\u00e9 jusqu&#8217;\u00e0 250 litres<\/span><\/li>\n<li><span>Couvercle \u00e0 contrepoids double couche pour une ouverture facile<\/span><\/li>\n<li><span>Isolation thermique de haute qualit\u00e9 de la chaudi\u00e8re pour \u00e9conomiser de l&#8217;\u00e9nergie<\/span><\/li>\n<li><span>Contr\u00f4le de l&#8217;\u00e9nergie avec bouton de commande<\/span><\/li>\n<li><span>Robinet de vidange chrom\u00e9 de 2 &#8220;avec grande poign\u00e9e athermique<\/span><\/li>\n<li><span>Electrovanne et vanne pivotante chrom\u00e9e en surface pour eau chaude et froide<\/span><\/li>\n<li><span>Chaudi\u00e8re de cuisson \u00e0 vapeur<\/span><\/li>\n<li><span>Ils sont chauff\u00e9s uniform\u00e9ment dans la base et sur les parois lat\u00e9rales de la chaudi\u00e8re gr\u00e2ce \u00e0 la vapeur satur\u00e9e g\u00e9n\u00e9r\u00e9e int\u00e9gralement \u00e0 une temp\u00e9rature de 110 \u00b0 C et une pression de 0,4 bar dans la coque.<\/span><\/li>\n<li><span>Soupape de s\u00e9curit\u00e9 avec manom\u00e8tre pour \u00e9viter la surpression de vapeur dans le bo\u00eetier<\/span><\/li>\n<li><span>Vanne externe pour \u00e9vacuer manuellement l&#8217;exc\u00e8s d&#8217;air accumul\u00e9 dans le carter pendant la phase de chauffage<\/span><\/li>\n<li><span>El\u00e9ments chauffants renforc\u00e9s en alliage Incoloy, int\u00e9gr\u00e9s \u00e0 l&#8217;int\u00e9rieur de la base creuse du bo\u00eetier, avec thermostat de s\u00e9curit\u00e9 sur les mod\u00e8les \u00e9lectriques<\/span><\/li>\n<\/ul>\n<\/div>\n","protected":false},"excerpt":{"rendered":"<h3><span>R\u00e9sum\u00e9<\/span><\/h3>\n<ul>\n<li>Surface de travail en acier inoxydable de 2 mm<\/li>\n<\/ul>\n<div class=\"my-3\">\n<ul>\n<li><span>Cuiseur plein adapt\u00e9 pour la cuisson, le braisage et le mijotage<\/span><\/li>\n<li><span>Grande capacit\u00e9 jusqu&#8217;\u00e0 250 litres<\/span><\/li>\n<li><span>Robinet de vidange chrom\u00e9 de 2 &#8220;avec grande poign\u00e9e athermique<\/span><\/li>\n<li><span>Electrovanne et vanne pivotante chrom\u00e9e en surface pour eau chaude et froide<\/span><\/li>\n<li><span>Chaudi\u00e8re de cuisson \u00e0 vapeur<\/span><\/li>\n<\/ul>\n<\/div>\n","protected":false},"featured_media":18868,"comment_status":"open","ping_status":"closed","template":"","meta":[],"product_brand":[],"product_cat":[226,239,227,237],"product_tag":[],"class_list":{"0":"post-18867","1":"product","2":"type-product","3":"status-publish","4":"has-post-thumbnail","6":"product_cat-cuisson","7":"product_cat-braise-marmite","8":"product_cat-fourneaux","9":"product_cat-series-700-900","11":"first","12":"instock","13":"shipping-taxable","14":"product-type-simple"},"_links":{"self":[{"href":"https:\/\/www.rgequip.com\/index.php?rest_route=\/wp\/v2\/product\/18867","targetHints":{"allow":["GET"]}}],"collection":[{"href":"https:\/\/www.rgequip.com\/index.php?rest_route=\/wp\/v2\/product"}],"about":[{"href":"https:\/\/www.rgequip.com\/index.php?rest_route=\/wp\/v2\/types\/product"}],"replies":[{"embeddable":true,"href":"https:\/\/www.rgequip.com\/index.php?rest_route=%2Fwp%2Fv2%2Fcomments&post=18867"}],"version-history":[{"count":0,"href":"https:\/\/www.rgequip.com\/index.php?rest_route=\/wp\/v2\/product\/18867\/revisions"}],"wp:featuredmedia":[{"embeddable":true,"href":"https:\/\/www.rgequip.com\/index.php?rest_route=\/wp\/v2\/media\/18868"}],"wp:attachment":[{"href":"https:\/\/www.rgequip.com\/index.php?rest_route=%2Fwp%2Fv2%2Fmedia&parent=18867"}],"wp:term":[{"taxonomy":"product_brand","embeddable":true,"href":"https:\/\/www.rgequip.com\/index.php?rest_route=%2Fwp%2Fv2%2Fproduct_brand&post=18867"},{"taxonomy":"product_cat","embeddable":true,"href":"https:\/\/www.rgequip.com\/index.php?rest_route=%2Fwp%2Fv2%2Fproduct_cat&post=18867"},{"taxonomy":"product_tag","embeddable":true,"href":"https:\/\/www.rgequip.com\/index.php?rest_route=%2Fwp%2Fv2%2Fproduct_tag&post=18867"}],"curies":[{"name":"wp","href":"https:\/\/api.w.org\/{rel}","templated":true}]}}