{"id":18865,"date":"2021-04-05T16:41:07","date_gmt":"2021-04-05T14:41:07","guid":{"rendered":"https:\/\/www.rgequip.com\/?post_type=product&#038;p=18865"},"modified":"2021-04-05T16:43:59","modified_gmt":"2021-04-05T14:43:59","slug":"18865","status":"publish","type":"product","link":"https:\/\/www.rgequip.com\/?product=18865","title":{"rendered":"MARMITE GAZ CHAUFFE DIRECTE 60L"},"content":{"rendered":"<p>Marmite monobloc ronde adapt\u00e9e pour la cuisson, le sautage et le pocher * Couvercle \u00e0 double peau avec m\u00e9canisme contrebalanc\u00e9 pour une ouverture facile * Isolation thermique de haute qualit\u00e9 de la casserole pour une \u00e9conomie d&#8217;\u00e9nergie * R\u00e9gulation de l&#8217;\u00e9nergie par un bouton de commande * Chrome- vanne de vidange plaqu\u00e9e avec grande poign\u00e9e athermique<\/p>\n<p>* \u00c9lectrovanne\u00a0et robinet pivotant chrom\u00e9 sur le dessus pour remplir d&#8217;eau chaude et froide<\/p>\n<p>* Chauff\u00e9e uniform\u00e9ment dans la base et les parois lat\u00e9rales de la casserole par vapeur satur\u00e9e g\u00e9n\u00e9r\u00e9e int\u00e9gralement \u00e0 une temp\u00e9rature de 110 \u00b0 C et une pression de 0,4 bar\u00a0dans la veste.<\/p>\n<p>Soupape de s\u00e9curit\u00e9 avec manom\u00e8tre pour \u00e9viter la surpression de la vapeur dans la chemin\u00e9e<\/p>\n<p>Vanne externe pour \u00e9vacuer manuellement l&#8217;exc\u00e8s d&#8217;air accumul\u00e9 dans la chemin\u00e9e pendant la phase de chauffage.<\/p>\n","protected":false},"excerpt":{"rendered":"<p>digesteur est utilis\u00e9 dans les entreprises de restauration (restaurants, caf\u00e9s, fast-foods, cantines, h\u00f4pitaux) pour la cuisine.<\/p>\n<ul>\n<li>Surface de travail en acier inoxydable de 2 mm<\/li>\n<li>Syst\u00e8me de chauffage \u00e0 vapeur<\/li>\n<li>Cuiseur plein adapt\u00e9 pour la cuisson, le braisage et le mijotage<\/li>\n<li>Grande capacit\u00e9 jusqu&#8217;\u00e0 60 litres<\/li>\n<li>Couvercle \u00e0 contrepoids double couche pour une ouverture facile<\/li>\n<li>Isolation thermique de haute qualit\u00e9 de la chaudi\u00e8re pour \u00e9conomiser de l&#8217;\u00e9nergie<\/li>\n<li>Contr\u00f4le de l&#8217;\u00e9nergie avec bouton de commande<\/li>\n<li>Robinet de vidange chrom\u00e9 de 2 &#8220;avec grande poign\u00e9e athermique<\/li>\n<li>\u00c9lectrovanne et vanne pivotante chrom\u00e9e en surface pour eau chaude et froide<\/li>\n<li>Chaudi\u00e8re de cuisson \u00e0 vapeur<\/li>\n<li>Ils sont chauff\u00e9s uniform\u00e9ment dans la base et sur les parois lat\u00e9rales de la chaudi\u00e8re gr\u00e2ce \u00e0 la vapeur satur\u00e9e g\u00e9n\u00e9r\u00e9e int\u00e9gralement \u00e0 une temp\u00e9rature de 110 \u00b0 C et une pression de 0,4 bar dans la coque.<\/li>\n<li>Soupape de s\u00e9curit\u00e9 avec manom\u00e8tre pour \u00e9viter la surpression de vapeur dans le bo\u00eetier<\/li>\n<li>Vanne externe pour \u00e9vacuer manuellement l&#8217;exc\u00e8s d&#8217;air accumul\u00e9 dans le carter pendant la phase de chauffage<\/li>\n<li>El\u00e9ments chauffants renforc\u00e9s en alliage Incoloy, int\u00e9gr\u00e9s \u00e0 l&#8217;int\u00e9rieur de la base creuse du bo\u00eetier, avec thermostat de s\u00e9curit\u00e9 sur les mod\u00e8les \u00e9lectriques<\/li>\n<\/ul>\n","protected":false},"featured_media":18866,"comment_status":"open","ping_status":"closed","template":"","meta":[],"product_brand":[],"product_cat":[226,239,227,237],"product_tag":[],"class_list":{"0":"post-18865","1":"product","2":"type-product","3":"status-publish","4":"has-post-thumbnail","6":"product_cat-cuisson","7":"product_cat-braise-marmite","8":"product_cat-fourneaux","9":"product_cat-series-700-900","11":"first","12":"instock","13":"shipping-taxable","14":"product-type-simple"},"_links":{"self":[{"href":"https:\/\/www.rgequip.com\/index.php?rest_route=\/wp\/v2\/product\/18865","targetHints":{"allow":["GET"]}}],"collection":[{"href":"https:\/\/www.rgequip.com\/index.php?rest_route=\/wp\/v2\/product"}],"about":[{"href":"https:\/\/www.rgequip.com\/index.php?rest_route=\/wp\/v2\/types\/product"}],"replies":[{"embeddable":true,"href":"https:\/\/www.rgequip.com\/index.php?rest_route=%2Fwp%2Fv2%2Fcomments&post=18865"}],"version-history":[{"count":0,"href":"https:\/\/www.rgequip.com\/index.php?rest_route=\/wp\/v2\/product\/18865\/revisions"}],"wp:featuredmedia":[{"embeddable":true,"href":"https:\/\/www.rgequip.com\/index.php?rest_route=\/wp\/v2\/media\/18866"}],"wp:attachment":[{"href":"https:\/\/www.rgequip.com\/index.php?rest_route=%2Fwp%2Fv2%2Fmedia&parent=18865"}],"wp:term":[{"taxonomy":"product_brand","embeddable":true,"href":"https:\/\/www.rgequip.com\/index.php?rest_route=%2Fwp%2Fv2%2Fproduct_brand&post=18865"},{"taxonomy":"product_cat","embeddable":true,"href":"https:\/\/www.rgequip.com\/index.php?rest_route=%2Fwp%2Fv2%2Fproduct_cat&post=18865"},{"taxonomy":"product_tag","embeddable":true,"href":"https:\/\/www.rgequip.com\/index.php?rest_route=%2Fwp%2Fv2%2Fproduct_tag&post=18865"}],"curies":[{"name":"wp","href":"https:\/\/api.w.org\/{rel}","templated":true}]}}