{"id":18862,"date":"2021-04-05T16:14:43","date_gmt":"2021-04-05T14:14:43","guid":{"rendered":"https:\/\/www.rgequip.com\/?post_type=product&#038;p=18862"},"modified":"2021-04-05T16:14:43","modified_gmt":"2021-04-05T14:14:43","slug":"bain-marie-electrique-04-bacs-gn-2-3-sur-coffre","status":"publish","type":"product","link":"https:\/\/www.rgequip.com\/?product=bain-marie-electrique-04-bacs-gn-2-3-sur-coffre","title":{"rendered":"BAIN MARIE ELECTRIQUE 04 bacs GN 2\/3 Sur Coffre"},"content":{"rendered":"<p>Le bain-marie est utilis\u00e9 en cuisine pour sa cuisson lente et douce.<\/p>\n<p><span>Il permet aussi de r\u00e9chauffer les aliments, de les maintenir \u00e0 une temp\u00e9rature <strong>optimale<\/strong>\u00a0tout en respectant les r\u00e8gles d\u2019hygi\u00e8ne<\/span><\/p>\n<p><span>Le puits d&#8217;eau peut \u00eatre rempli manuellement. <\/span><span>* Le drainage de l&#8217;eau avec commande rotative sur le panneau avant permet une vidange rapide et efficace. <\/span><\/p>\n<p><span>La temp\u00e9rature de l&#8217;eau est contr\u00f4l\u00e9e par thermostat avec une valeur de temp\u00e9rature maximale de 90 \u00b0 C et un thermostat de s\u00e9curit\u00e9 pour assurer la protection thermique. <\/span><span>\u00a0<\/span><\/p>\n<p>Ce bain marie professionnel est l&#8217;alli\u00e9\u00a0<strong>id\u00e9al<\/strong>\u00a0pour les professionnels de la restauration, collectivit\u00e9s, traiteurs et autres professionnels des m\u00e9tiers de bouche.<\/p>\n<p>Il permet aussi de r\u00e9chauffer les aliments, de les maintenir \u00e0 une temp\u00e9rature <strong>optimale<\/strong>\u00a0tout en respectant les r\u00e8gles d\u2019hygi\u00e8ne. Ce mat\u00e9riel est\u00a0<strong>parfait<\/strong>\u00a0pour garder \u00e0 la bonne temp\u00e9rature vos plats pr\u00e9par\u00e9s, sauces et pr\u00e9parations lors du service.<\/p>\n<p><strong>Facile d\u2019entretien<\/strong>\u00a0gr\u00e2ce \u00e0 ses bacs gastros amovibles en acier inoxydable.<\/p>\n","protected":false},"excerpt":{"rendered":"<p><span>Le chauffe-plats est utilis\u00e9 dans les \u00e9tablissements de restauration (restaurants, caf\u00e9s, \u00e9tablissements de restauration rapide, cantines, h\u00f4pitaux) pour garder les aliments au chaud et pr\u00eats \u00e0 \u00eatre servis.\u00a0L&#8217;eau est chauff\u00e9e \u00e0 la vapeur.<\/span><\/p>\n<ul>\n<li><span>Surface de travail en acier inoxydable de 2 mm<\/span><\/li>\n<li><span>Alimentation en eau manuelle<\/span><\/li>\n<li><span>Robinet robuste mont\u00e9 \u00e0 l&#8217;avant pour une vidange facile<\/span><\/li>\n<li><span>Thermor\u00e9gulation de l&#8217;eau jusqu&#8217;\u00e0 90 \u00b0 C maximum au moyen d&#8217;un thermostat de s\u00e9curit\u00e9 sur les mod\u00e8les \u00e9lectriques<\/span><\/li>\n<li><span>\u00c9l\u00e9ments chauffants en silicone avec fusible thermique situ\u00e9 sous la base du r\u00e9servoir d&#8217;eau<\/span><\/li>\n<li><span>Br\u00fbleur en acier inoxydable sous le r\u00e9servoir d&#8217;eau pour un chauffage efficace et rapide sur les mod\u00e8les \u00e0 gaz<\/span><\/li>\n<li><span>Compatible avec les conteneurs gastronormes standard 2 \/ 3GN<\/span><\/li>\n<\/ul>\n","protected":false},"featured_media":18863,"comment_status":"open","ping_status":"closed","template":"","meta":[],"product_brand":[],"product_cat":[226,227,237],"product_tag":[],"class_list":{"0":"post-18862","1":"product","2":"type-product","3":"status-publish","4":"has-post-thumbnail","6":"product_cat-cuisson","7":"product_cat-fourneaux","8":"product_cat-series-700-900","10":"first","11":"instock","12":"shipping-taxable","13":"product-type-simple"},"_links":{"self":[{"href":"https:\/\/www.rgequip.com\/index.php?rest_route=\/wp\/v2\/product\/18862","targetHints":{"allow":["GET"]}}],"collection":[{"href":"https:\/\/www.rgequip.com\/index.php?rest_route=\/wp\/v2\/product"}],"about":[{"href":"https:\/\/www.rgequip.com\/index.php?rest_route=\/wp\/v2\/types\/product"}],"replies":[{"embeddable":true,"href":"https:\/\/www.rgequip.com\/index.php?rest_route=%2Fwp%2Fv2%2Fcomments&post=18862"}],"version-history":[{"count":1,"href":"https:\/\/www.rgequip.com\/index.php?rest_route=\/wp\/v2\/product\/18862\/revisions"}],"predecessor-version":[{"id":18864,"href":"https:\/\/www.rgequip.com\/index.php?rest_route=\/wp\/v2\/product\/18862\/revisions\/18864"}],"wp:featuredmedia":[{"embeddable":true,"href":"https:\/\/www.rgequip.com\/index.php?rest_route=\/wp\/v2\/media\/18863"}],"wp:attachment":[{"href":"https:\/\/www.rgequip.com\/index.php?rest_route=%2Fwp%2Fv2%2Fmedia&parent=18862"}],"wp:term":[{"taxonomy":"product_brand","embeddable":true,"href":"https:\/\/www.rgequip.com\/index.php?rest_route=%2Fwp%2Fv2%2Fproduct_brand&post=18862"},{"taxonomy":"product_cat","embeddable":true,"href":"https:\/\/www.rgequip.com\/index.php?rest_route=%2Fwp%2Fv2%2Fproduct_cat&post=18862"},{"taxonomy":"product_tag","embeddable":true,"href":"https:\/\/www.rgequip.com\/index.php?rest_route=%2Fwp%2Fv2%2Fproduct_tag&post=18862"}],"curies":[{"name":"wp","href":"https:\/\/api.w.org\/{rel}","templated":true}]}}