{"id":18856,"date":"2021-04-05T13:33:00","date_gmt":"2021-04-05T11:33:00","guid":{"rendered":"https:\/\/www.rgequip.com\/?post_type=product&#038;p=18856"},"modified":"2021-04-05T13:33:01","modified_gmt":"2021-04-05T11:33:01","slug":"table-de-sortie-gauche-900x750x-850-mm","status":"publish","type":"product","link":"https:\/\/www.rgequip.com\/?product=table-de-sortie-gauche-900x750x-850-mm","title":{"rendered":"TABLE DE SORTIE (GAUCHE) 900x750x 850 mm"},"content":{"rendered":"<p>Enti\u00e8rement\u00a0 fabriqu\u00e9s en acier inoxydable<br \/>\nDirectement de la machine de sortie de la machine \u00e0 laver<br \/>\nProfil de la bo\u00eete de la machine 40&#215;40 pieds<br \/>\nGrille en acier inoxydable avec \u00e9tag\u00e8re inf\u00e9rieure<br \/>\nPi\u00e9destal \u00e0 rotule en plastique r\u00e9glable<\/p>\n","protected":false},"excerpt":{"rendered":"<p><strong>:TABLE DE SORTIE (GAUCHE)<\/strong><\/p>\n<p>Dim\u00a0: 750*900*870(H) mm<\/p>\n<p>Poids\u00a0: 20,90 Kg<\/p>\n","protected":false},"featured_media":18857,"comment_status":"open","ping_status":"closed","template":"","meta":[],"product_brand":[],"product_cat":[406,396,392,411],"product_tag":[],"class_list":{"0":"post-18856","1":"product","2":"type-product","3":"status-publish","4":"has-post-thumbnail","6":"product_cat-autres-inox","7":"product_cat-lave-vaisselle","8":"product_cat-laverie-hygiene","9":"product_cat-tables-inox","11":"first","12":"instock","13":"shipping-taxable","14":"product-type-simple"},"_links":{"self":[{"href":"https:\/\/www.rgequip.com\/index.php?rest_route=\/wp\/v2\/product\/18856","targetHints":{"allow":["GET"]}}],"collection":[{"href":"https:\/\/www.rgequip.com\/index.php?rest_route=\/wp\/v2\/product"}],"about":[{"href":"https:\/\/www.rgequip.com\/index.php?rest_route=\/wp\/v2\/types\/product"}],"replies":[{"embeddable":true,"href":"https:\/\/www.rgequip.com\/index.php?rest_route=%2Fwp%2Fv2%2Fcomments&post=18856"}],"version-history":[{"count":0,"href":"https:\/\/www.rgequip.com\/index.php?rest_route=\/wp\/v2\/product\/18856\/revisions"}],"wp:featuredmedia":[{"embeddable":true,"href":"https:\/\/www.rgequip.com\/index.php?rest_route=\/wp\/v2\/media\/18857"}],"wp:attachment":[{"href":"https:\/\/www.rgequip.com\/index.php?rest_route=%2Fwp%2Fv2%2Fmedia&parent=18856"}],"wp:term":[{"taxonomy":"product_brand","embeddable":true,"href":"https:\/\/www.rgequip.com\/index.php?rest_route=%2Fwp%2Fv2%2Fproduct_brand&post=18856"},{"taxonomy":"product_cat","embeddable":true,"href":"https:\/\/www.rgequip.com\/index.php?rest_route=%2Fwp%2Fv2%2Fproduct_cat&post=18856"},{"taxonomy":"product_tag","embeddable":true,"href":"https:\/\/www.rgequip.com\/index.php?rest_route=%2Fwp%2Fv2%2Fproduct_tag&post=18856"}],"curies":[{"name":"wp","href":"https:\/\/api.w.org\/{rel}","templated":true}]}}