{"id":18852,"date":"2021-04-05T12:50:26","date_gmt":"2021-04-05T10:50:26","guid":{"rendered":"https:\/\/www.rgequip.com\/?post_type=product&#038;p=18852"},"modified":"2021-04-05T12:50:26","modified_gmt":"2021-04-05T10:50:26","slug":"plaques-patissieres-lisses-600x400-mm","status":"publish","type":"product","link":"https:\/\/www.rgequip.com\/?product=plaques-patissieres-lisses-600x400-mm","title":{"rendered":"PLAQUES  PATISSIERES LISSES 600&#215;400 mm"},"content":{"rendered":"<p><strong>PLAQUES\u00a0 PATISSIERES LISSES 600\u00d7400 mm<\/strong><\/p>\n<p>La\u00a0<strong>Plaque \u00e0 P\u00e2tisserie\u00a0\u00a0<\/strong>est une\u00a0<strong>plaque en aluminium\u00a0<\/strong> lisse \u00a0adapt\u00e9e aux fours m\u00e9nagers puisqu\u2019elle mesure 60 x 40 cm.<\/p>\n<p>Les Fonds de tarte, viennoiseries, cookies, meringues, macarons, pizzas ou encore quiches, toutes vos cuissons d\u00e9licates seront une r\u00e9ussite avec cette plaque.<\/p>\n<p>La circulation de l\u2019air qu\u2019elle\u00a0 soit chaude ou froide est parfaite\u00a0 ainsi qu\u2019une cuisson homog\u00e8ne.<\/p>\n<p>L\u2019aluminium qui compose cette plaque \u00e0 p\u00e2tisserie est r\u00e9put\u00e9 pour \u00eatre un mat\u00e9riau diffusant et conduisant parfaitement la chaleur.<\/p>\n","protected":false},"excerpt":{"rendered":"<ul>\n<li>Dimensions de la plaque : 60 x 40 cm<\/li>\n<li>Plaque \u00e0 p\u00e2tisserie adapt\u00e9e \u00e0 la taille des fours m\u00e9nagers<\/li>\n<li>Plaque en Aluminium<\/li>\n<li>Bords pinc\u00e9s de 2 cm<\/li>\n<li>Poids : 1.5 g<\/li>\n<li>Ne pas chauffer \u00e0 vide<\/li>\n<li>\u00c9viter les chocs thermiques<\/li>\n<li>Ne pas mettre au lave vaisselle<\/li>\n<li>Nettoyer \u00e0 la main \u00e0 l\u2019eau chaude \u00e0 l\u2019aide d\u2019une \u00e9ponge non-abrasive<\/li>\n<\/ul>\n","protected":false},"featured_media":18853,"comment_status":"open","ping_status":"closed","template":"","meta":[],"product_brand":[],"product_cat":[314,335,331],"product_tag":[],"class_list":{"0":"post-18852","1":"product","2":"type-product","3":"status-publish","4":"has-post-thumbnail","6":"product_cat-cafe-bar","7":"product_cat-plateaux","8":"product_cat-service-petit-dejeuner","10":"first","11":"instock","12":"shipping-taxable","13":"product-type-simple"},"_links":{"self":[{"href":"https:\/\/www.rgequip.com\/index.php?rest_route=\/wp\/v2\/product\/18852","targetHints":{"allow":["GET"]}}],"collection":[{"href":"https:\/\/www.rgequip.com\/index.php?rest_route=\/wp\/v2\/product"}],"about":[{"href":"https:\/\/www.rgequip.com\/index.php?rest_route=\/wp\/v2\/types\/product"}],"replies":[{"embeddable":true,"href":"https:\/\/www.rgequip.com\/index.php?rest_route=%2Fwp%2Fv2%2Fcomments&post=18852"}],"version-history":[{"count":0,"href":"https:\/\/www.rgequip.com\/index.php?rest_route=\/wp\/v2\/product\/18852\/revisions"}],"wp:featuredmedia":[{"embeddable":true,"href":"https:\/\/www.rgequip.com\/index.php?rest_route=\/wp\/v2\/media\/18853"}],"wp:attachment":[{"href":"https:\/\/www.rgequip.com\/index.php?rest_route=%2Fwp%2Fv2%2Fmedia&parent=18852"}],"wp:term":[{"taxonomy":"product_brand","embeddable":true,"href":"https:\/\/www.rgequip.com\/index.php?rest_route=%2Fwp%2Fv2%2Fproduct_brand&post=18852"},{"taxonomy":"product_cat","embeddable":true,"href":"https:\/\/www.rgequip.com\/index.php?rest_route=%2Fwp%2Fv2%2Fproduct_cat&post=18852"},{"taxonomy":"product_tag","embeddable":true,"href":"https:\/\/www.rgequip.com\/index.php?rest_route=%2Fwp%2Fv2%2Fproduct_tag&post=18852"}],"curies":[{"name":"wp","href":"https:\/\/api.w.org\/{rel}","templated":true}]}}