{"id":18850,"date":"2021-04-05T12:41:35","date_gmt":"2021-04-05T10:41:35","guid":{"rendered":"https:\/\/www.rgequip.com\/?post_type=product&#038;p=18850"},"modified":"2021-04-05T12:41:35","modified_gmt":"2021-04-05T10:41:35","slug":"plaques-patissieres-perforees-en-teflon-verte","status":"publish","type":"product","link":"https:\/\/www.rgequip.com\/?product=plaques-patissieres-perforees-en-teflon-verte","title":{"rendered":"PLAQUES P\u00c2TISSI\u00c8RES PERFOR\u00c9ES EN T\u00c9FLON VERTE"},"content":{"rendered":"<p>Plaque de four en aluminium perfor\u00e9e <strong>\u00a0600x400mm,\u00a0qualit\u00e9 alimentaire<\/strong>.<\/p>\n<p>Id\u00e9ale pour la cuisson de p\u00e2tisserie et m\u00eame pour le pain.<\/p>\n","protected":false},"excerpt":{"rendered":"<ul>\n<li><strong>Rev\u00eatement t\u00e9flon\u00a0<\/strong><\/li>\n<li><strong>Rev\u00eatement r\u00e9sistant aux rayures et aux propri\u00e9t\u00e9s anti-adh\u00e9sives<\/strong><\/li>\n<li><strong>Id\u00e9ale p\u00e2tisserie et pain<\/strong><\/li>\n<li>4 coins ouverts \u00e0 45\u00b0. Bords hauteur 10mm<\/li>\n<li>Epaisseur de la plaque 1.5mm<\/li>\n<li><strong>Perforations diam\u00e8tre 3mm<\/strong><\/li>\n<li>Couleur verte<\/li>\n<li>Utilisable entre -40\u00b0C et 270\u00b0C<\/li>\n<li>Lavable au lave-vaisselle<\/li>\n<\/ul>\n","protected":false},"featured_media":18851,"comment_status":"open","ping_status":"closed","template":"","meta":[],"product_brand":[],"product_cat":[314,335,331],"product_tag":[],"class_list":{"0":"post-18850","1":"product","2":"type-product","3":"status-publish","4":"has-post-thumbnail","6":"product_cat-cafe-bar","7":"product_cat-plateaux","8":"product_cat-service-petit-dejeuner","10":"first","11":"instock","12":"shipping-taxable","13":"product-type-simple"},"_links":{"self":[{"href":"https:\/\/www.rgequip.com\/index.php?rest_route=\/wp\/v2\/product\/18850","targetHints":{"allow":["GET"]}}],"collection":[{"href":"https:\/\/www.rgequip.com\/index.php?rest_route=\/wp\/v2\/product"}],"about":[{"href":"https:\/\/www.rgequip.com\/index.php?rest_route=\/wp\/v2\/types\/product"}],"replies":[{"embeddable":true,"href":"https:\/\/www.rgequip.com\/index.php?rest_route=%2Fwp%2Fv2%2Fcomments&post=18850"}],"version-history":[{"count":0,"href":"https:\/\/www.rgequip.com\/index.php?rest_route=\/wp\/v2\/product\/18850\/revisions"}],"wp:featuredmedia":[{"embeddable":true,"href":"https:\/\/www.rgequip.com\/index.php?rest_route=\/wp\/v2\/media\/18851"}],"wp:attachment":[{"href":"https:\/\/www.rgequip.com\/index.php?rest_route=%2Fwp%2Fv2%2Fmedia&parent=18850"}],"wp:term":[{"taxonomy":"product_brand","embeddable":true,"href":"https:\/\/www.rgequip.com\/index.php?rest_route=%2Fwp%2Fv2%2Fproduct_brand&post=18850"},{"taxonomy":"product_cat","embeddable":true,"href":"https:\/\/www.rgequip.com\/index.php?rest_route=%2Fwp%2Fv2%2Fproduct_cat&post=18850"},{"taxonomy":"product_tag","embeddable":true,"href":"https:\/\/www.rgequip.com\/index.php?rest_route=%2Fwp%2Fv2%2Fproduct_tag&post=18850"}],"curies":[{"name":"wp","href":"https:\/\/api.w.org\/{rel}","templated":true}]}}