{"id":18845,"date":"2021-04-05T12:06:01","date_gmt":"2021-04-05T10:06:01","guid":{"rendered":"https:\/\/www.rgequip.com\/?post_type=product&#038;p=18845"},"modified":"2021-04-09T13:30:24","modified_gmt":"2021-04-09T11:30:24","slug":"essoreuse-a-legume","status":"publish","type":"product","link":"https:\/\/www.rgequip.com\/?product=essoreuse-a-legume","title":{"rendered":"ESSOREUSE A LEGUME 40 Litres"},"content":{"rendered":"<div class=\"container my-5\">\n<div class=\"product-cart\">\n<div class=\"row\">\n<div class=\"col-12\">\n<div class=\"my-3\">\n<p>L&#8217; <strong>\u00e9plucheuse\/essoreuse professionnelle<\/strong>\u00a0est une machine polyvalente id\u00e9ale pour \u00e9plucher, laver, essorer les l\u00e9gumes et nettoyer les coquillages.<\/p>\n<\/div>\n<\/div>\n<\/div>\n<\/div>\n<\/div>\n<footer>\n<div class=\"container pt-3\">\n<div class=\"row mb-3\">\n<div class=\"col-9 d-none d-lg-block p-0 text-center\">\n<div id=\"price-select\">\n<address>Elle est capable de r\u00e9pondre \u00e0 vos besoins quotidiens tout en vous offrant un <strong>gain de temps non n\u00e9gligeable<\/strong>.\u00a0<\/address>\n<address>\u00a0<\/address>\n<address>Flexibilit\u00e9 maximale gr\u00e2ce \u00e0 un large choix de plateaux en option (\u00e0 couteaux, oignons, brossage des l\u00e9gumes, nettoyage des coquillages) et table filtre en option.<\/address>\n<address>\u00a0<\/address>\n<address>D\u00e9couvrez nos machines\u00a0<strong>ind\u00e9pendantes ou combin\u00e9es<\/strong> avec une capacit\u00e9 de 5 \u00e0 40 kg.<\/address>\n<\/div>\n<\/div>\n<\/div>\n<\/div>\n<\/footer>\n","protected":false},"excerpt":{"rendered":"<ul>\n<li>Corps en acier inoxydable.<\/li>\n<li>La minuterie arr\u00eate automatiquement le processus de s\u00e9chage.<\/li>\n<li>Facile \u00e0 utiliser et \u00e0 nettoyer.<\/li>\n<li>Les l\u00e9gumes sont compl\u00e8tement secs en quelques secondes.<\/li>\n<li>DIM: 520x730x1160 mm<\/li>\n<li>Puissance: 0.55 kw<\/li>\n<\/ul>\n","protected":false},"featured_media":18846,"comment_status":"open","ping_status":"closed","template":"","meta":[],"product_brand":[],"product_cat":[337,365,344],"product_tag":[],"class_list":{"0":"post-18845","1":"product","2":"type-product","3":"status-publish","4":"has-post-thumbnail","6":"product_cat-preparation","7":"product_cat-eplucheurs-de-pommes","8":"product_cat-travail-des-legumes","10":"first","11":"instock","12":"shipping-taxable","13":"product-type-simple"},"_links":{"self":[{"href":"https:\/\/www.rgequip.com\/index.php?rest_route=\/wp\/v2\/product\/18845","targetHints":{"allow":["GET"]}}],"collection":[{"href":"https:\/\/www.rgequip.com\/index.php?rest_route=\/wp\/v2\/product"}],"about":[{"href":"https:\/\/www.rgequip.com\/index.php?rest_route=\/wp\/v2\/types\/product"}],"replies":[{"embeddable":true,"href":"https:\/\/www.rgequip.com\/index.php?rest_route=%2Fwp%2Fv2%2Fcomments&post=18845"}],"version-history":[{"count":1,"href":"https:\/\/www.rgequip.com\/index.php?rest_route=\/wp\/v2\/product\/18845\/revisions"}],"predecessor-version":[{"id":18870,"href":"https:\/\/www.rgequip.com\/index.php?rest_route=\/wp\/v2\/product\/18845\/revisions\/18870"}],"wp:featuredmedia":[{"embeddable":true,"href":"https:\/\/www.rgequip.com\/index.php?rest_route=\/wp\/v2\/media\/18846"}],"wp:attachment":[{"href":"https:\/\/www.rgequip.com\/index.php?rest_route=%2Fwp%2Fv2%2Fmedia&parent=18845"}],"wp:term":[{"taxonomy":"product_brand","embeddable":true,"href":"https:\/\/www.rgequip.com\/index.php?rest_route=%2Fwp%2Fv2%2Fproduct_brand&post=18845"},{"taxonomy":"product_cat","embeddable":true,"href":"https:\/\/www.rgequip.com\/index.php?rest_route=%2Fwp%2Fv2%2Fproduct_cat&post=18845"},{"taxonomy":"product_tag","embeddable":true,"href":"https:\/\/www.rgequip.com\/index.php?rest_route=%2Fwp%2Fv2%2Fproduct_tag&post=18845"}],"curies":[{"name":"wp","href":"https:\/\/api.w.org\/{rel}","templated":true}]}}