{"id":18844,"date":"2021-04-05T11:52:15","date_gmt":"2021-04-05T09:52:15","guid":{"rendered":"https:\/\/www.rgequip.com\/?post_type=product&#038;p=18844"},"modified":"2021-04-05T11:52:15","modified_gmt":"2021-04-05T09:52:15","slug":"eplucheur-30-kg-avec-filtre-inox","status":"publish","type":"product","link":"https:\/\/www.rgequip.com\/?product=eplucheur-30-kg-avec-filtre-inox","title":{"rendered":"EPLUCHEUR 30 KG AVEC FILTRE INOX"},"content":{"rendered":"<p><span>L&#8217;\u00e9plucheur de pommes de terre est utilis\u00e9 dans les entreprises de restauration (restaurants, caf\u00e9s, fast-foods, cantines, h\u00f4pitaux).<\/span><\/p>\n<ul>\n<li><span>Bo\u00eetier en acier inoxydable<\/span><\/li>\n<li><span>Syst\u00e8me de filtration int\u00e9gr\u00e9 sous l&#8217;\u00e9plucheur de pommes de terre<\/span><\/li>\n<li><span>La minuterie arr\u00eate automatiquement la machine apr\u00e8s un temps d\u00e9fini<\/span><\/li>\n<li><span>Conforme HACCP<\/span><\/li>\n<li><span>Le moteur a une protection thermique<\/span><\/li>\n<li><span>Sortie du produit par le capot avant<\/span><\/li>\n<li><span>La machine \u00e9pluche et lave automatiquement les pommes de terre<\/span><\/li>\n<li><span>Sortie du produit par le capot avant<\/span><\/li>\n<li><span>\u00c9pluche 30 kg de pommes de terre \u00e0 la fois<\/span><\/li>\n<\/ul>\n","protected":false},"excerpt":{"rendered":"<ul>\n<li><span>Bo\u00eetier en acier inoxydable<\/span><\/li>\n<li><span>Syst\u00e8me de filtration int\u00e9gr\u00e9 sous l&#8217;\u00e9plucheur de pommes de terre<\/span><\/li>\n<li><span>La minuterie arr\u00eate automatiquement la machine apr\u00e8s un temps d\u00e9fini<\/span><\/li>\n<li><span>Conforme HACCP<\/span><\/li>\n<li><span>Le moteur a une protection thermique<\/span><\/li>\n<li><span>Sortie du produit par le capot avant<\/span><\/li>\n<li><span><span>\u00c9pluche 30 kg de pommes de terre \u00e0 la fois<\/span><\/span><\/li>\n<\/ul>\n","protected":false},"featured_media":18842,"comment_status":"open","ping_status":"closed","template":"","meta":[],"product_brand":[],"product_cat":[337,365,344],"product_tag":[],"class_list":{"0":"post-18844","1":"product","2":"type-product","3":"status-publish","4":"has-post-thumbnail","6":"product_cat-preparation","7":"product_cat-eplucheurs-de-pommes","8":"product_cat-travail-des-legumes","10":"first","11":"instock","12":"shipping-taxable","13":"product-type-simple"},"_links":{"self":[{"href":"https:\/\/www.rgequip.com\/index.php?rest_route=\/wp\/v2\/product\/18844","targetHints":{"allow":["GET"]}}],"collection":[{"href":"https:\/\/www.rgequip.com\/index.php?rest_route=\/wp\/v2\/product"}],"about":[{"href":"https:\/\/www.rgequip.com\/index.php?rest_route=\/wp\/v2\/types\/product"}],"replies":[{"embeddable":true,"href":"https:\/\/www.rgequip.com\/index.php?rest_route=%2Fwp%2Fv2%2Fcomments&post=18844"}],"version-history":[{"count":0,"href":"https:\/\/www.rgequip.com\/index.php?rest_route=\/wp\/v2\/product\/18844\/revisions"}],"wp:featuredmedia":[{"embeddable":true,"href":"https:\/\/www.rgequip.com\/index.php?rest_route=\/wp\/v2\/media\/18842"}],"wp:attachment":[{"href":"https:\/\/www.rgequip.com\/index.php?rest_route=%2Fwp%2Fv2%2Fmedia&parent=18844"}],"wp:term":[{"taxonomy":"product_brand","embeddable":true,"href":"https:\/\/www.rgequip.com\/index.php?rest_route=%2Fwp%2Fv2%2Fproduct_brand&post=18844"},{"taxonomy":"product_cat","embeddable":true,"href":"https:\/\/www.rgequip.com\/index.php?rest_route=%2Fwp%2Fv2%2Fproduct_cat&post=18844"},{"taxonomy":"product_tag","embeddable":true,"href":"https:\/\/www.rgequip.com\/index.php?rest_route=%2Fwp%2Fv2%2Fproduct_tag&post=18844"}],"curies":[{"name":"wp","href":"https:\/\/api.w.org\/{rel}","templated":true}]}}