{"id":18841,"date":"2021-04-05T11:45:23","date_gmt":"2021-04-05T09:45:23","guid":{"rendered":"https:\/\/www.rgequip.com\/?post_type=product&#038;p=18841"},"modified":"2021-04-05T11:45:24","modified_gmt":"2021-04-05T09:45:24","slug":"eplucheur-20-kg-triphasee-avec-filtre-inox","status":"publish","type":"product","link":"https:\/\/www.rgequip.com\/?product=eplucheur-20-kg-triphasee-avec-filtre-inox","title":{"rendered":"EPLUCHEUR 20 KG TRIPHASEE AVEC FILTRE INOX"},"content":{"rendered":"<p>L&#8217;\u00e9plucheur de pommes de terre est utilis\u00e9 dans les entreprises de restauration (restaurants, caf\u00e9s, fast-foods, cantines, h\u00f4pitaux).<\/p>\n<ul>\n<li>Bo\u00eetier en acier inoxydable<\/li>\n<li>Syst\u00e8me de filtration int\u00e9gr\u00e9 sous l&#8217;\u00e9plucheur de pommes de terre<\/li>\n<li>La minuterie arr\u00eate automatiquement la machine apr\u00e8s un temps d\u00e9fini<\/li>\n<li>Conforme HACCP<\/li>\n<li>Le moteur a une protection thermique<\/li>\n<li>Sortie du produit par le capot avant<\/li>\n<li>La machine \u00e9pluche et lave automatiquement les pommes de terre<\/li>\n<li>Sortie du produit par le capot avant<\/li>\n<li>\u00c9pluche 20 kg de pommes de terre \u00e0 la fois<\/li>\n<\/ul>\n","protected":false},"excerpt":{"rendered":"<ul>\n<li><span>Bo\u00eetier en acier inoxydable<\/span><\/li>\n<li><span>Syst\u00e8me de filtration int\u00e9gr\u00e9 sous l&#8217;\u00e9plucheur de pommes de terre<\/span><\/li>\n<li><span>La minuterie arr\u00eate automatiquement la machine apr\u00e8s un temps d\u00e9fini<\/span><\/li>\n<li><span>Conforme HACCP<\/span><\/li>\n<li><span>Le moteur a une protection thermique<\/span><\/li>\n<li><span>Sortie du produit par le capot avant<\/span><\/li>\n<li><span>La machine \u00e9pluche et lave automatiquement les pommes de terre<\/span><\/li>\n<\/ul>\n","protected":false},"featured_media":18842,"comment_status":"open","ping_status":"closed","template":"","meta":[],"product_brand":[],"product_cat":[365,337,344],"product_tag":[],"class_list":{"0":"post-18841","1":"product","2":"type-product","3":"status-publish","4":"has-post-thumbnail","6":"product_cat-eplucheurs-de-pommes","7":"product_cat-preparation","8":"product_cat-travail-des-legumes","10":"first","11":"instock","12":"shipping-taxable","13":"product-type-simple"},"_links":{"self":[{"href":"https:\/\/www.rgequip.com\/index.php?rest_route=\/wp\/v2\/product\/18841","targetHints":{"allow":["GET"]}}],"collection":[{"href":"https:\/\/www.rgequip.com\/index.php?rest_route=\/wp\/v2\/product"}],"about":[{"href":"https:\/\/www.rgequip.com\/index.php?rest_route=\/wp\/v2\/types\/product"}],"replies":[{"embeddable":true,"href":"https:\/\/www.rgequip.com\/index.php?rest_route=%2Fwp%2Fv2%2Fcomments&post=18841"}],"version-history":[{"count":1,"href":"https:\/\/www.rgequip.com\/index.php?rest_route=\/wp\/v2\/product\/18841\/revisions"}],"predecessor-version":[{"id":18843,"href":"https:\/\/www.rgequip.com\/index.php?rest_route=\/wp\/v2\/product\/18841\/revisions\/18843"}],"wp:featuredmedia":[{"embeddable":true,"href":"https:\/\/www.rgequip.com\/index.php?rest_route=\/wp\/v2\/media\/18842"}],"wp:attachment":[{"href":"https:\/\/www.rgequip.com\/index.php?rest_route=%2Fwp%2Fv2%2Fmedia&parent=18841"}],"wp:term":[{"taxonomy":"product_brand","embeddable":true,"href":"https:\/\/www.rgequip.com\/index.php?rest_route=%2Fwp%2Fv2%2Fproduct_brand&post=18841"},{"taxonomy":"product_cat","embeddable":true,"href":"https:\/\/www.rgequip.com\/index.php?rest_route=%2Fwp%2Fv2%2Fproduct_cat&post=18841"},{"taxonomy":"product_tag","embeddable":true,"href":"https:\/\/www.rgequip.com\/index.php?rest_route=%2Fwp%2Fv2%2Fproduct_tag&post=18841"}],"curies":[{"name":"wp","href":"https:\/\/api.w.org\/{rel}","templated":true}]}}