{"id":18839,"date":"2021-04-05T11:37:28","date_gmt":"2021-04-05T09:37:28","guid":{"rendered":"https:\/\/www.rgequip.com\/?post_type=product&#038;p=18839"},"modified":"2021-04-05T11:37:28","modified_gmt":"2021-04-05T09:37:28","slug":"eplucheuse-doignon-10kg-triphasee","status":"publish","type":"product","link":"https:\/\/www.rgequip.com\/?product=eplucheuse-doignon-10kg-triphasee","title":{"rendered":"EPLUCHEUSE D\u2019OIGNON 10KG TRIPHASEE"},"content":{"rendered":"<p><strong>EPLUCHEUSE D\u2019OIGNON 10KG<\/strong><\/p>\n<p><span>L&#8217;\u00e9plucheur d&#8217;oignon est utilis\u00e9 dans les \u00e9tablissements de restauration (restaurants, caf\u00e9s, fast-foods, cantines, h\u00f4pitaux).<\/span><\/p>\n<ul>\n<li><span>Corps en acier inoxydable.<\/span><\/li>\n<li><span>Disque de pelage en acier inoxydable facilement rempla\u00e7able.<\/span><\/li>\n<li><span>Le disque a une fonction d&#8217;auto-nettoyage \u00e0 l&#8217;aide d&#8217;une brosse sp\u00e9ciale.<\/span><\/li>\n<li><span>Syst\u00e8me de filtration int\u00e9gr\u00e9 sous l&#8217;appareil<\/span><\/li>\n<li><span>La minuterie arr\u00eate automatiquement la machine apr\u00e8s l&#8217;heure d\u00e9finie.<\/span><\/li>\n<li><span>Couvercle en polycarbonate transparent avec syst\u00e8me de verrouillage et de s\u00e9curit\u00e9<\/span><\/li>\n<li><span>Le moteur a une protection thermique<\/span><\/li>\n<li><span>Sortie du produit par le capot avant<\/span><\/li>\n<li><span>L&#8217;appareil \u00e9pluche 10 kg d&#8217;oignons et les lave automatiquement.<\/span><\/li>\n<li><span>L&#8217;\u00e9pluchage d\u00e9pend de la taille, du type et de la qualit\u00e9 de l&#8217;oignon<\/span><\/li>\n<\/ul>\n","protected":false},"excerpt":{"rendered":"<h3><span>Caract\u00e9ristiques<\/span><\/h3>\n<table class=\"my-3 table table-sm table-striped\" style=\"height: 159px;\" width=\"516\">\n<tbody>\n<tr>\n<td class=\"px-3\"><span>Longueur<\/span><\/td>\n<td class=\"px-3\"><span>510 millim\u00e8tre<\/span><\/td>\n<\/tr>\n<tr>\n<td class=\"px-3\"><span>Largeur<\/span><\/td>\n<td class=\"px-3\"><span>870 millim\u00e8tre<\/span><\/td>\n<\/tr>\n<tr>\n<td class=\"px-3\"><span>Hauteur<\/span><\/td>\n<td class=\"px-3\"><span>1235 millim\u00e8tre<\/span><\/td>\n<\/tr>\n<tr>\n<td class=\"px-3\"><span>puissance g\u00e9n\u00e9rale<\/span><\/td>\n<td class=\"px-3\"><span>0,75 kW<\/span><\/td>\n<\/tr>\n<tr>\n<td class=\"px-3\"><span>Tension<\/span><\/td>\n<td class=\"px-3\"><span>380 V<\/span><\/td>\n<\/tr>\n<\/tbody>\n<\/table>\n","protected":false},"featured_media":18840,"comment_status":"open","ping_status":"closed","template":"","meta":[],"product_brand":[],"product_cat":[337,365,344],"product_tag":[],"class_list":{"0":"post-18839","1":"product","2":"type-product","3":"status-publish","4":"has-post-thumbnail","6":"product_cat-preparation","7":"product_cat-eplucheurs-de-pommes","8":"product_cat-travail-des-legumes","10":"first","11":"instock","12":"shipping-taxable","13":"product-type-simple"},"_links":{"self":[{"href":"https:\/\/www.rgequip.com\/index.php?rest_route=\/wp\/v2\/product\/18839","targetHints":{"allow":["GET"]}}],"collection":[{"href":"https:\/\/www.rgequip.com\/index.php?rest_route=\/wp\/v2\/product"}],"about":[{"href":"https:\/\/www.rgequip.com\/index.php?rest_route=\/wp\/v2\/types\/product"}],"replies":[{"embeddable":true,"href":"https:\/\/www.rgequip.com\/index.php?rest_route=%2Fwp%2Fv2%2Fcomments&post=18839"}],"version-history":[{"count":0,"href":"https:\/\/www.rgequip.com\/index.php?rest_route=\/wp\/v2\/product\/18839\/revisions"}],"wp:featuredmedia":[{"embeddable":true,"href":"https:\/\/www.rgequip.com\/index.php?rest_route=\/wp\/v2\/media\/18840"}],"wp:attachment":[{"href":"https:\/\/www.rgequip.com\/index.php?rest_route=%2Fwp%2Fv2%2Fmedia&parent=18839"}],"wp:term":[{"taxonomy":"product_brand","embeddable":true,"href":"https:\/\/www.rgequip.com\/index.php?rest_route=%2Fwp%2Fv2%2Fproduct_brand&post=18839"},{"taxonomy":"product_cat","embeddable":true,"href":"https:\/\/www.rgequip.com\/index.php?rest_route=%2Fwp%2Fv2%2Fproduct_cat&post=18839"},{"taxonomy":"product_tag","embeddable":true,"href":"https:\/\/www.rgequip.com\/index.php?rest_route=%2Fwp%2Fv2%2Fproduct_tag&post=18839"}],"curies":[{"name":"wp","href":"https:\/\/api.w.org\/{rel}","templated":true}]}}