{"id":18835,"date":"2021-04-05T11:32:15","date_gmt":"2021-04-05T09:32:15","guid":{"rendered":"https:\/\/www.rgequip.com\/?post_type=product&#038;p=18835"},"modified":"2021-04-05T11:32:15","modified_gmt":"2021-04-05T09:32:15","slug":"eplucheuse-dail-5-kg-triphase","status":"publish","type":"product","link":"https:\/\/www.rgequip.com\/?product=eplucheuse-dail-5-kg-triphase","title":{"rendered":"EPLUCHEUSE D&#8217;AIL 5 Kg TRIPHASE"},"content":{"rendered":"<p>EPLUCHEUSE D&#8217;AIL<\/p>\n<p>Machines automatiques pour laver et nettoyer l&#8217;ail avec d&#8217;excellents r\u00e9sultats de nettoyage.<\/p>\n<p>S&#8217;Arr\u00eate automatiquement\u00a0 lorsque le temps r\u00e9gl\u00e9 est \u00e9coul\u00e9.<\/p>\n<p><span>La capacit\u00e9 de la machine est de max.\u00a0<\/span><span>5 kg.<\/span><\/p>\n<p><span>Elle p\u00e8le 5 kg de\u00a0 <\/span><span>gousses d&#8217;ail en 3-7 min selon les types et tailles de clou de girofle et lavages simultan\u00e9ment.\u00a0<\/span><\/p>\n<p><span>* Les pelures sont facilement drain\u00e9es sur la ligne de vidange de la machine.<\/span><\/p>\n<p><span>\u00a0<\/span><span>* Les 3 pieds de la machine permettent une certaine stabilit\u00e9, ce qui diminue les vibrations.<\/span><\/p>\n<p>&nbsp;<\/p>\n","protected":false},"excerpt":{"rendered":"<p><span class=\"testo_speciale3\">l&#8217;<\/span><span>\u00e9plucheur est utilis\u00e9 dans les \u00e9tablissements de restauration (restaurants, caf\u00e9s, fast-foods, cantines, h\u00f4pitaux).<\/span><\/p>\n<ul>\n<li><span>Corps en acier inoxydable.<\/span><\/li>\n<li><span>Disque de pelage en acier inoxydable facilement rempla\u00e7able.<\/span><\/li>\n<li><span>Le disque a une fonction d&#8217;auto-nettoyage \u00e0 l&#8217;aide d&#8217;une brosse sp\u00e9ciale.<\/span><\/li>\n<li><span>La minuterie arr\u00eate automatiquement la machine apr\u00e8s l&#8217;heure d\u00e9finie.<\/span><\/li>\n<li><span>Couvercle en polycarbonate transparent avec syst\u00e8me de verrouillage et de s\u00e9curit\u00e9.<\/span><\/li>\n<li><span>Le moteur est prot\u00e9g\u00e9 thermiquement.<\/span><\/li>\n<li><span>Sortie du produit par le capot avant.<\/span><\/li>\n<li><span>L&#8217;appareil nettoie 5 kg.\u00a0l&#8217;ail pendant 3-7 minutes selon le type et la taille et se lave en m\u00eame temps.<\/span><\/li>\n<li><span>Toutes les pi\u00e8ces rotatives sont \u00e9quilibr\u00e9es dynamiquement pour r\u00e9duire les vibrations et am\u00e9liorer les performances.<\/span><\/li>\n<\/ul>\n","protected":false},"featured_media":18838,"comment_status":"open","ping_status":"closed","template":"","meta":[],"product_brand":[],"product_cat":[337,365,344],"product_tag":[],"class_list":{"0":"post-18835","1":"product","2":"type-product","3":"status-publish","4":"has-post-thumbnail","6":"product_cat-preparation","7":"product_cat-eplucheurs-de-pommes","8":"product_cat-travail-des-legumes","10":"first","11":"instock","12":"shipping-taxable","13":"product-type-simple"},"_links":{"self":[{"href":"https:\/\/www.rgequip.com\/index.php?rest_route=\/wp\/v2\/product\/18835","targetHints":{"allow":["GET"]}}],"collection":[{"href":"https:\/\/www.rgequip.com\/index.php?rest_route=\/wp\/v2\/product"}],"about":[{"href":"https:\/\/www.rgequip.com\/index.php?rest_route=\/wp\/v2\/types\/product"}],"replies":[{"embeddable":true,"href":"https:\/\/www.rgequip.com\/index.php?rest_route=%2Fwp%2Fv2%2Fcomments&post=18835"}],"version-history":[{"count":0,"href":"https:\/\/www.rgequip.com\/index.php?rest_route=\/wp\/v2\/product\/18835\/revisions"}],"wp:featuredmedia":[{"embeddable":true,"href":"https:\/\/www.rgequip.com\/index.php?rest_route=\/wp\/v2\/media\/18838"}],"wp:attachment":[{"href":"https:\/\/www.rgequip.com\/index.php?rest_route=%2Fwp%2Fv2%2Fmedia&parent=18835"}],"wp:term":[{"taxonomy":"product_brand","embeddable":true,"href":"https:\/\/www.rgequip.com\/index.php?rest_route=%2Fwp%2Fv2%2Fproduct_brand&post=18835"},{"taxonomy":"product_cat","embeddable":true,"href":"https:\/\/www.rgequip.com\/index.php?rest_route=%2Fwp%2Fv2%2Fproduct_cat&post=18835"},{"taxonomy":"product_tag","embeddable":true,"href":"https:\/\/www.rgequip.com\/index.php?rest_route=%2Fwp%2Fv2%2Fproduct_tag&post=18835"}],"curies":[{"name":"wp","href":"https:\/\/api.w.org\/{rel}","templated":true}]}}