{"id":18830,"date":"2021-03-30T14:41:31","date_gmt":"2021-03-30T12:41:31","guid":{"rendered":"https:\/\/www.rgequip.com\/?post_type=product&#038;p=18830"},"modified":"2021-03-30T14:41:31","modified_gmt":"2021-03-30T12:41:31","slug":"bac-a-glace-en-inox","status":"publish","type":"product","link":"https:\/\/www.rgequip.com\/?product=bac-a-glace-en-inox","title":{"rendered":"BAC A GLACE EN INOX"},"content":{"rendered":"<h2>Bac inox pour cr\u00e8mes glac\u00e9es &#8211; Capacit\u00e9 5 L<\/h2>\n<p>Bac inox pour cr\u00e8me glac\u00e9es id\u00e9al pour la pr\u00e9sentation de vos cr\u00e8mes glac\u00e9es dans votre vitrine \u00e0 glaces.<\/p>\n<ul>\n<li>Coins et bords renforc\u00e9s.<\/li>\n<li>Dur\u00e9e de vie optimis\u00e9e<\/li>\n<li>NF hygi\u00e8ne alimentaire<\/li>\n<li>Dimensions (PxLxl) :\u00a0360 x 165 x 120 mm<\/li>\n<\/ul>\n","protected":false},"excerpt":{"rendered":"<p><strong>0335.36165.12<\/strong><\/p>\n<p><strong>BAC A GLACE EN INOX<\/strong><\/p>\n<p>Dim\u00a0: 360*165*120 mm<\/p>\n<p>Cap\u00a0:\u00a0\u00a0 5 L<\/p>\n<p>Acier inoxydable<\/p>\n","protected":false},"featured_media":18831,"comment_status":"open","ping_status":"closed","template":"","meta":[],"product_brand":[],"product_cat":[337,345,338],"product_tag":[],"class_list":{"0":"post-18830","1":"product","2":"type-product","3":"status-publish","4":"has-post-thumbnail","6":"product_cat-preparation","7":"product_cat-bacs-gastronomes","8":"product_cat-plaques-bacs","10":"first","11":"instock","12":"shipping-taxable","13":"product-type-simple"},"_links":{"self":[{"href":"https:\/\/www.rgequip.com\/index.php?rest_route=\/wp\/v2\/product\/18830","targetHints":{"allow":["GET"]}}],"collection":[{"href":"https:\/\/www.rgequip.com\/index.php?rest_route=\/wp\/v2\/product"}],"about":[{"href":"https:\/\/www.rgequip.com\/index.php?rest_route=\/wp\/v2\/types\/product"}],"replies":[{"embeddable":true,"href":"https:\/\/www.rgequip.com\/index.php?rest_route=%2Fwp%2Fv2%2Fcomments&post=18830"}],"version-history":[{"count":0,"href":"https:\/\/www.rgequip.com\/index.php?rest_route=\/wp\/v2\/product\/18830\/revisions"}],"wp:featuredmedia":[{"embeddable":true,"href":"https:\/\/www.rgequip.com\/index.php?rest_route=\/wp\/v2\/media\/18831"}],"wp:attachment":[{"href":"https:\/\/www.rgequip.com\/index.php?rest_route=%2Fwp%2Fv2%2Fmedia&parent=18830"}],"wp:term":[{"taxonomy":"product_brand","embeddable":true,"href":"https:\/\/www.rgequip.com\/index.php?rest_route=%2Fwp%2Fv2%2Fproduct_brand&post=18830"},{"taxonomy":"product_cat","embeddable":true,"href":"https:\/\/www.rgequip.com\/index.php?rest_route=%2Fwp%2Fv2%2Fproduct_cat&post=18830"},{"taxonomy":"product_tag","embeddable":true,"href":"https:\/\/www.rgequip.com\/index.php?rest_route=%2Fwp%2Fv2%2Fproduct_tag&post=18830"}],"curies":[{"name":"wp","href":"https:\/\/api.w.org\/{rel}","templated":true}]}}