{"id":18824,"date":"2021-03-30T14:04:50","date_gmt":"2021-03-30T12:04:50","guid":{"rendered":"https:\/\/www.rgequip.com\/?post_type=product&#038;p=18824"},"modified":"2021-03-30T14:04:50","modified_gmt":"2021-03-30T12:04:50","slug":"bac-gastronorme-gn-1-1-20","status":"publish","type":"product","link":"https:\/\/www.rgequip.com\/?product=bac-gastronorme-gn-1-1-20","title":{"rendered":"BAC GASTRONORME GN 1\/1-20"},"content":{"rendered":"<p><strong>bacs gastros\u00a0GN 1\/1\u00a0professionnels<\/strong>\u00a0 profondeur 20 mm en inox 18\/10<\/p>\n<p>Bacs gastronormes inox GN 1\/1 sont parfaits pour le stockage, pr\u00e9sentation, service, transport, bain-marie liaison chaude ou froide, cuisson, conservation, r\u00e9chauffage, manutention, surg\u00e9lation, cong\u00e9lation, remise en temp\u00e9rature, refroidissement rapide.<\/p>\n<h3>Description\u00a0bac inox gastronorm GN 1\/1 :<\/h3>\n<ul>\n<li>Construction en acier inoxydable<\/li>\n<li>Dimensions : 325 x 530 mm<\/li>\n<li>Profondeur : 20 mm<\/li>\n<li>Capacit\u00e9 : 1.9 litres<\/li>\n<\/ul>\n","protected":false},"excerpt":{"rendered":"<p><strong>0311.11020.10<\/strong><\/p>\n<p><strong>BAC GASTRONORME GN 1\/1-20<\/strong><\/p>\n<p>Dim\u00a0: 530*325*20 mm<\/p>\n<p>Cap\u00a0:\u00a0\u00a0 1,9 L<\/p>\n<p><strong>\u00a0<\/strong><\/p>\n","protected":false},"featured_media":18825,"comment_status":"open","ping_status":"closed","template":"","meta":[],"product_brand":[],"product_cat":[337,345,338],"product_tag":[],"class_list":{"0":"post-18824","1":"product","2":"type-product","3":"status-publish","4":"has-post-thumbnail","6":"product_cat-preparation","7":"product_cat-bacs-gastronomes","8":"product_cat-plaques-bacs","10":"first","11":"instock","12":"shipping-taxable","13":"product-type-simple"},"_links":{"self":[{"href":"https:\/\/www.rgequip.com\/index.php?rest_route=\/wp\/v2\/product\/18824","targetHints":{"allow":["GET"]}}],"collection":[{"href":"https:\/\/www.rgequip.com\/index.php?rest_route=\/wp\/v2\/product"}],"about":[{"href":"https:\/\/www.rgequip.com\/index.php?rest_route=\/wp\/v2\/types\/product"}],"replies":[{"embeddable":true,"href":"https:\/\/www.rgequip.com\/index.php?rest_route=%2Fwp%2Fv2%2Fcomments&post=18824"}],"version-history":[{"count":0,"href":"https:\/\/www.rgequip.com\/index.php?rest_route=\/wp\/v2\/product\/18824\/revisions"}],"wp:featuredmedia":[{"embeddable":true,"href":"https:\/\/www.rgequip.com\/index.php?rest_route=\/wp\/v2\/media\/18825"}],"wp:attachment":[{"href":"https:\/\/www.rgequip.com\/index.php?rest_route=%2Fwp%2Fv2%2Fmedia&parent=18824"}],"wp:term":[{"taxonomy":"product_brand","embeddable":true,"href":"https:\/\/www.rgequip.com\/index.php?rest_route=%2Fwp%2Fv2%2Fproduct_brand&post=18824"},{"taxonomy":"product_cat","embeddable":true,"href":"https:\/\/www.rgequip.com\/index.php?rest_route=%2Fwp%2Fv2%2Fproduct_cat&post=18824"},{"taxonomy":"product_tag","embeddable":true,"href":"https:\/\/www.rgequip.com\/index.php?rest_route=%2Fwp%2Fv2%2Fproduct_tag&post=18824"}],"curies":[{"name":"wp","href":"https:\/\/api.w.org\/{rel}","templated":true}]}}