{"id":18809,"date":"2021-03-30T12:28:29","date_gmt":"2021-03-30T10:28:29","guid":{"rendered":"https:\/\/www.rgequip.com\/?post_type=product&#038;p=18809"},"modified":"2021-03-30T12:28:52","modified_gmt":"2021-03-30T10:28:52","slug":"marmite-inox-satinee-28x28-cm","status":"publish","type":"product","link":"https:\/\/www.rgequip.com\/?product=marmite-inox-satinee-28x28-cm","title":{"rendered":"MARMITE INOX SATINEE 28&#215;28 Cm"},"content":{"rendered":"<p>MARMITE INOX SATINEE 28&#215;28 Cm<\/p>\n<p>Cette\u00a0<strong>Marmite inox\u00a0 avec couvercle<\/strong>\u00a0est sp\u00e9cialement con\u00e7ue pour les professionnels de la cuisine.<\/p>\n<p>Fabriqu\u00e9e en acier inoxydable 18\/10, elle garantie\u00a0<strong>r\u00e9sistance, durabilit\u00e9 et hygi\u00e8ne<\/strong>.<\/p>\n<p>Le couvercle et les poign\u00e9es sont en inox \u00e9galement, permettant ainsi d\u2019utiliser n\u2019importe quelle pi\u00e8ce au four.<\/p>\n<p>Le\u00a0<strong>fond est thermodiffuseur\u00a0<\/strong>\u00a0(inox \u2013 aluminium \u2013 inox).<\/p>\n<p>&nbsp;<\/p>\n","protected":false},"excerpt":{"rendered":"<p><strong>0121.02828.21<\/strong><\/p>\n<p><strong>MARMITE INOX SATINEE <\/strong><\/p>\n<p>Dim\u00a0: 280*280 mm<\/p>\n<p>Cap\u00a0: 17 \u00a0L<\/p>\n<p>&#8211;<\/p>\n<p><strong>0121.02828.21<\/strong><\/p>\n<p><strong>MARMITE INOX SATINEE <\/strong><\/p>\n<p>Dim\u00a0: 280*280 mm<\/p>\n<p>Cap\u00a0: 17 \u00a0L<\/p>\n<p>&#8211; Base en induction<\/p>\n<p><strong>0121.02828.21<\/strong><\/p>\n<p><strong>MARMITE INOX SATINEE <\/strong><\/p>\n<p>Dim\u00a0: 280*280 mm<\/p>\n<p>Cap\u00a0: 17 \u00a0L<\/p>\n<p>&#8211; Convient pour la cuisson \u00e0 induction, \u00e0 gaz\u00a0 et sur les plaques vitroc\u00e9ramique<\/p>\n","protected":false},"featured_media":18806,"comment_status":"open","ping_status":"closed","template":"","meta":[],"product_brand":[],"product_cat":[337,340,353],"product_tag":[],"class_list":{"0":"post-18809","1":"product","2":"type-product","3":"status-publish","4":"has-post-thumbnail","6":"product_cat-preparation","7":"product_cat-accessoires-preparation","8":"product_cat-casseroles","10":"first","11":"instock","12":"shipping-taxable","13":"product-type-simple"},"_links":{"self":[{"href":"https:\/\/www.rgequip.com\/index.php?rest_route=\/wp\/v2\/product\/18809","targetHints":{"allow":["GET"]}}],"collection":[{"href":"https:\/\/www.rgequip.com\/index.php?rest_route=\/wp\/v2\/product"}],"about":[{"href":"https:\/\/www.rgequip.com\/index.php?rest_route=\/wp\/v2\/types\/product"}],"replies":[{"embeddable":true,"href":"https:\/\/www.rgequip.com\/index.php?rest_route=%2Fwp%2Fv2%2Fcomments&post=18809"}],"version-history":[{"count":0,"href":"https:\/\/www.rgequip.com\/index.php?rest_route=\/wp\/v2\/product\/18809\/revisions"}],"wp:featuredmedia":[{"embeddable":true,"href":"https:\/\/www.rgequip.com\/index.php?rest_route=\/wp\/v2\/media\/18806"}],"wp:attachment":[{"href":"https:\/\/www.rgequip.com\/index.php?rest_route=%2Fwp%2Fv2%2Fmedia&parent=18809"}],"wp:term":[{"taxonomy":"product_brand","embeddable":true,"href":"https:\/\/www.rgequip.com\/index.php?rest_route=%2Fwp%2Fv2%2Fproduct_brand&post=18809"},{"taxonomy":"product_cat","embeddable":true,"href":"https:\/\/www.rgequip.com\/index.php?rest_route=%2Fwp%2Fv2%2Fproduct_cat&post=18809"},{"taxonomy":"product_tag","embeddable":true,"href":"https:\/\/www.rgequip.com\/index.php?rest_route=%2Fwp%2Fv2%2Fproduct_tag&post=18809"}],"curies":[{"name":"wp","href":"https:\/\/api.w.org\/{rel}","templated":true}]}}