{"id":18797,"date":"2021-03-26T14:27:07","date_gmt":"2021-03-26T13:27:07","guid":{"rendered":"https:\/\/www.rgequip.com\/?post_type=product&#038;p=18797"},"modified":"2021-03-26T14:27:07","modified_gmt":"2021-03-26T13:27:07","slug":"machine-a-pates-manuelle","status":"publish","type":"product","link":"https:\/\/www.rgequip.com\/?product=machine-a-pates-manuelle","title":{"rendered":"Machine \u00e0 p\u00e2tes manuelle"},"content":{"rendered":"<p>Id\u00e9al pour pr\u00e9parer des p\u00e2tes fraiches (largeur maximum : 140 mm). \u00c9paisseur r\u00e9glable en 7 \u00e9tapes de 0,2 \u00e0 2,5 mm. Trois rouleaux\/couteaux en alliage d\u2019aluminium: rouleau \u00e0 p\u00e2te, couteau tagliatelle et couteau fettucine. Convient pour une fixation sur une table, fonctionnement manuelle avec manivelle.<\/p>\n","protected":false},"excerpt":{"rendered":"<p>Id\u00e9al pour pr\u00e9parer des p\u00e2tes fraiches (largeur maximum : 140 mm). \u00c9paisseur r\u00e9glable en 7 \u00e9tapes de 0,2 \u00e0 2,5<\/p>\n","protected":false},"featured_media":18798,"comment_status":"open","ping_status":"closed","template":"","meta":[],"product_brand":[],"product_cat":[369,374,337],"product_tag":[],"class_list":{"0":"post-18797","1":"product","2":"type-product","3":"status-publish","4":"has-post-thumbnail","6":"product_cat-boulangerie","7":"product_cat-autres","8":"product_cat-preparation","10":"first","11":"instock","12":"shipping-taxable","13":"product-type-simple"},"_links":{"self":[{"href":"https:\/\/www.rgequip.com\/index.php?rest_route=\/wp\/v2\/product\/18797","targetHints":{"allow":["GET"]}}],"collection":[{"href":"https:\/\/www.rgequip.com\/index.php?rest_route=\/wp\/v2\/product"}],"about":[{"href":"https:\/\/www.rgequip.com\/index.php?rest_route=\/wp\/v2\/types\/product"}],"replies":[{"embeddable":true,"href":"https:\/\/www.rgequip.com\/index.php?rest_route=%2Fwp%2Fv2%2Fcomments&post=18797"}],"version-history":[{"count":0,"href":"https:\/\/www.rgequip.com\/index.php?rest_route=\/wp\/v2\/product\/18797\/revisions"}],"wp:featuredmedia":[{"embeddable":true,"href":"https:\/\/www.rgequip.com\/index.php?rest_route=\/wp\/v2\/media\/18798"}],"wp:attachment":[{"href":"https:\/\/www.rgequip.com\/index.php?rest_route=%2Fwp%2Fv2%2Fmedia&parent=18797"}],"wp:term":[{"taxonomy":"product_brand","embeddable":true,"href":"https:\/\/www.rgequip.com\/index.php?rest_route=%2Fwp%2Fv2%2Fproduct_brand&post=18797"},{"taxonomy":"product_cat","embeddable":true,"href":"https:\/\/www.rgequip.com\/index.php?rest_route=%2Fwp%2Fv2%2Fproduct_cat&post=18797"},{"taxonomy":"product_tag","embeddable":true,"href":"https:\/\/www.rgequip.com\/index.php?rest_route=%2Fwp%2Fv2%2Fproduct_tag&post=18797"}],"curies":[{"name":"wp","href":"https:\/\/api.w.org\/{rel}","templated":true}]}}