{"id":18788,"date":"2021-03-11T13:21:21","date_gmt":"2021-03-11T12:21:21","guid":{"rendered":"https:\/\/www.rgequip.com\/?post_type=product&#038;p=18788"},"modified":"2021-03-11T13:21:21","modified_gmt":"2021-03-11T12:21:21","slug":"grill-de-contact-double-1-2-lisse-%c2%bd-rainure","status":"publish","type":"product","link":"https:\/\/www.rgequip.com\/?product=grill-de-contact-double-1-2-lisse-%c2%bd-rainure","title":{"rendered":"Grill de contact Double 1\/2 Lisse \u00bd rainur\u00e9"},"content":{"rendered":"<p>Grills en fonte \u00e9maill\u00e9s. Bo\u00eetier en inox. Avec brosse m\u00e9tallique. Avec bac collecteur de graisse et bords anti-\u00e9claboussure. Thermostat r\u00e9glable en continu jusqu\u2019\u00e0 300 \u00b0C maximum, avec voyants lumineux. Avec poign\u00e9e lev\u00e9e (H) 530 mm Thermostats r\u00e9glables ind\u00e9pendamment. Surface de grill inf\u00e9rieur 475&#215;230 mm.<\/p>\n","protected":false},"excerpt":{"rendered":"<p>Grills en fonte \u00e9maill\u00e9s. Bo\u00eetier en inox. Avec brosse m\u00e9tallique. Avec bac collecteur de graisse et bords anti-\u00e9claboussure. Thermostat r\u00e9glable<\/p>\n","protected":false},"featured_media":18789,"comment_status":"open","ping_status":"closed","template":"","meta":[],"product_brand":[],"product_cat":[261,226,235],"product_tag":[],"class_list":{"0":"post-18788","1":"product","2":"type-product","3":"status-publish","4":"has-post-thumbnail","6":"product_cat-plancha","7":"product_cat-cuisson","8":"product_cat-snacking","10":"first","11":"instock","12":"shipping-taxable","13":"product-type-simple"},"_links":{"self":[{"href":"https:\/\/www.rgequip.com\/index.php?rest_route=\/wp\/v2\/product\/18788","targetHints":{"allow":["GET"]}}],"collection":[{"href":"https:\/\/www.rgequip.com\/index.php?rest_route=\/wp\/v2\/product"}],"about":[{"href":"https:\/\/www.rgequip.com\/index.php?rest_route=\/wp\/v2\/types\/product"}],"replies":[{"embeddable":true,"href":"https:\/\/www.rgequip.com\/index.php?rest_route=%2Fwp%2Fv2%2Fcomments&post=18788"}],"version-history":[{"count":0,"href":"https:\/\/www.rgequip.com\/index.php?rest_route=\/wp\/v2\/product\/18788\/revisions"}],"wp:featuredmedia":[{"embeddable":true,"href":"https:\/\/www.rgequip.com\/index.php?rest_route=\/wp\/v2\/media\/18789"}],"wp:attachment":[{"href":"https:\/\/www.rgequip.com\/index.php?rest_route=%2Fwp%2Fv2%2Fmedia&parent=18788"}],"wp:term":[{"taxonomy":"product_brand","embeddable":true,"href":"https:\/\/www.rgequip.com\/index.php?rest_route=%2Fwp%2Fv2%2Fproduct_brand&post=18788"},{"taxonomy":"product_cat","embeddable":true,"href":"https:\/\/www.rgequip.com\/index.php?rest_route=%2Fwp%2Fv2%2Fproduct_cat&post=18788"},{"taxonomy":"product_tag","embeddable":true,"href":"https:\/\/www.rgequip.com\/index.php?rest_route=%2Fwp%2Fv2%2Fproduct_tag&post=18788"}],"curies":[{"name":"wp","href":"https:\/\/api.w.org\/{rel}","templated":true}]}}