{"id":18774,"date":"2021-03-11T10:32:42","date_gmt":"2021-03-11T09:32:42","guid":{"rendered":"https:\/\/www.rgequip.com\/?post_type=product&#038;p=18774"},"modified":"2021-03-11T10:32:43","modified_gmt":"2021-03-11T09:32:43","slug":"grill-double-2-3-lisse-1-3-rainure-double","status":"publish","type":"product","link":"https:\/\/www.rgequip.com\/?product=grill-double-2-3-lisse-1-3-rainure-double","title":{"rendered":"Grill double 2\/3 Lisse 1\/3 Rainur\u00e9 double"},"content":{"rendered":"<h3>R\u00e9sum\u00e9<\/h3>\n<p>B\u00e2ti enti\u00e8rement en acier inoxydable. Plaque en chrom\u00e9 dur (9mm) facilite le nettoyage. Avec tiroir collecteur de graisse et bords anti-\u00e9claboussure. Temp\u00e9rature r\u00e9glable en continu jusqu\u00b4\u00e0 300\u00b0C. De m\u00eame, il poss\u00e8de une protection surchauffe. Aussi, il convient pour une utilisation continue Interrupteur avec voyant lumineux. Pieds antid\u00e9rapants. 2 zones de chauffe ind\u00e9pendantes, 2 voyants lumineux indiquant l\u2019\u00e9chauffement. Surface grill 688&#215;410 mm, \u00e0 gauche une largeur de 462 mm lisse et \u00e0 droite une largeur de 226 mm rainur\u00e9.<\/p>\n","protected":false},"excerpt":{"rendered":"<p>R\u00e9sum\u00e9 B\u00e2ti enti\u00e8rement en acier inoxydable. Plaque en chrom\u00e9 dur (9mm) facilite le nettoyage. Avec tiroir collecteur de graisse et<\/p>\n","protected":false},"featured_media":18776,"comment_status":"open","ping_status":"closed","template":"","meta":[],"product_brand":[],"product_cat":[226,261,235],"product_tag":[],"class_list":{"0":"post-18774","1":"product","2":"type-product","3":"status-publish","4":"has-post-thumbnail","6":"product_cat-cuisson","7":"product_cat-plancha","8":"product_cat-snacking","10":"first","11":"instock","12":"shipping-taxable","13":"product-type-simple"},"_links":{"self":[{"href":"https:\/\/www.rgequip.com\/index.php?rest_route=\/wp\/v2\/product\/18774","targetHints":{"allow":["GET"]}}],"collection":[{"href":"https:\/\/www.rgequip.com\/index.php?rest_route=\/wp\/v2\/product"}],"about":[{"href":"https:\/\/www.rgequip.com\/index.php?rest_route=\/wp\/v2\/types\/product"}],"replies":[{"embeddable":true,"href":"https:\/\/www.rgequip.com\/index.php?rest_route=%2Fwp%2Fv2%2Fcomments&post=18774"}],"version-history":[{"count":1,"href":"https:\/\/www.rgequip.com\/index.php?rest_route=\/wp\/v2\/product\/18774\/revisions"}],"predecessor-version":[{"id":18782,"href":"https:\/\/www.rgequip.com\/index.php?rest_route=\/wp\/v2\/product\/18774\/revisions\/18782"}],"wp:featuredmedia":[{"embeddable":true,"href":"https:\/\/www.rgequip.com\/index.php?rest_route=\/wp\/v2\/media\/18776"}],"wp:attachment":[{"href":"https:\/\/www.rgequip.com\/index.php?rest_route=%2Fwp%2Fv2%2Fmedia&parent=18774"}],"wp:term":[{"taxonomy":"product_brand","embeddable":true,"href":"https:\/\/www.rgequip.com\/index.php?rest_route=%2Fwp%2Fv2%2Fproduct_brand&post=18774"},{"taxonomy":"product_cat","embeddable":true,"href":"https:\/\/www.rgequip.com\/index.php?rest_route=%2Fwp%2Fv2%2Fproduct_cat&post=18774"},{"taxonomy":"product_tag","embeddable":true,"href":"https:\/\/www.rgequip.com\/index.php?rest_route=%2Fwp%2Fv2%2Fproduct_tag&post=18774"}],"curies":[{"name":"wp","href":"https:\/\/api.w.org\/{rel}","templated":true}]}}