{"id":18770,"date":"2021-03-10T18:10:19","date_gmt":"2021-03-10T17:10:19","guid":{"rendered":"https:\/\/www.rgequip.com\/?post_type=product&#038;p=18770"},"modified":"2021-03-10T18:10:19","modified_gmt":"2021-03-10T17:10:19","slug":"friteuse-a-induction-double-kitchen-8l2-line","status":"publish","type":"product","link":"https:\/\/www.rgequip.com\/?product=friteuse-a-induction-double-kitchen-8l2-line","title":{"rendered":"Friteuse \u00e0 induction double Kitchen 8L*2 Line"},"content":{"rendered":"<h3>R\u00e9sum\u00e9<\/h3>\n<p>Un contr\u00f4le de la temp\u00e9rature tr\u00e8s pr\u00e9cise, car gr\u00e2ce \u00e0 la technologie de l\u2019induction la mati\u00e8re grasse reste exactement \u00e0 la temp\u00e9rature programm\u00e9e. Avec minuteur compte \u00e0 rebours. Une transmission de chaleur efficace. Corps en acier inoxydable pour un nettoyage facile. Protection surchauffe. Affichage de la temp\u00e9rature programm\u00e9e de l\u2019huile. Livr\u00e9 avec un panier \u00e0 fritures et couvercle.<\/p>\n","protected":false},"excerpt":{"rendered":"<p>R\u00e9sum\u00e9 Un contr\u00f4le de la temp\u00e9rature tr\u00e8s pr\u00e9cise, car gr\u00e2ce \u00e0 la technologie de l\u2019induction la mati\u00e8re grasse reste exactement<\/p>\n","protected":false},"featured_media":18771,"comment_status":"open","ping_status":"closed","template":"","meta":[],"product_brand":[],"product_cat":[233,226,256],"product_tag":[],"class_list":{"0":"post-18770","1":"product","2":"type-product","3":"status-publish","4":"has-post-thumbnail","6":"product_cat-friteuses","7":"product_cat-cuisson","8":"product_cat-f-electrique","10":"first","11":"instock","12":"shipping-taxable","13":"product-type-simple"},"_links":{"self":[{"href":"https:\/\/www.rgequip.com\/index.php?rest_route=\/wp\/v2\/product\/18770","targetHints":{"allow":["GET"]}}],"collection":[{"href":"https:\/\/www.rgequip.com\/index.php?rest_route=\/wp\/v2\/product"}],"about":[{"href":"https:\/\/www.rgequip.com\/index.php?rest_route=\/wp\/v2\/types\/product"}],"replies":[{"embeddable":true,"href":"https:\/\/www.rgequip.com\/index.php?rest_route=%2Fwp%2Fv2%2Fcomments&post=18770"}],"version-history":[{"count":0,"href":"https:\/\/www.rgequip.com\/index.php?rest_route=\/wp\/v2\/product\/18770\/revisions"}],"wp:featuredmedia":[{"embeddable":true,"href":"https:\/\/www.rgequip.com\/index.php?rest_route=\/wp\/v2\/media\/18771"}],"wp:attachment":[{"href":"https:\/\/www.rgequip.com\/index.php?rest_route=%2Fwp%2Fv2%2Fmedia&parent=18770"}],"wp:term":[{"taxonomy":"product_brand","embeddable":true,"href":"https:\/\/www.rgequip.com\/index.php?rest_route=%2Fwp%2Fv2%2Fproduct_brand&post=18770"},{"taxonomy":"product_cat","embeddable":true,"href":"https:\/\/www.rgequip.com\/index.php?rest_route=%2Fwp%2Fv2%2Fproduct_cat&post=18770"},{"taxonomy":"product_tag","embeddable":true,"href":"https:\/\/www.rgequip.com\/index.php?rest_route=%2Fwp%2Fv2%2Fproduct_tag&post=18770"}],"curies":[{"name":"wp","href":"https:\/\/api.w.org\/{rel}","templated":true}]}}