{"id":18761,"date":"2021-03-10T17:35:26","date_gmt":"2021-03-10T16:35:26","guid":{"rendered":"https:\/\/www.rgequip.com\/?post_type=product&#038;p=18761"},"modified":"2021-03-10T17:35:27","modified_gmt":"2021-03-10T16:35:27","slug":"portique-chauffe-plat-avec-2-lampes-infrarouges","status":"publish","type":"product","link":"https:\/\/www.rgequip.com\/?product=portique-chauffe-plat-avec-2-lampes-infrarouges","title":{"rendered":"Portique chauffe-plat avec 2 lampes infrarouges"},"content":{"rendered":"<h3>R\u00e9sum\u00e9<\/h3>\n<p>Con\u00e7u pour garder les aliments au chaud entre la pr\u00e9paration et le service. La hauteur est facilement adjustable. Ampoules incassables inclus.<\/p>\n","protected":false},"excerpt":{"rendered":"<p>R\u00e9sum\u00e9 Con\u00e7u pour garder les aliments au chaud entre la pr\u00e9paration et le service. La hauteur est facilement adjustable. Ampoules<\/p>\n","protected":false},"featured_media":18762,"comment_status":"open","ping_status":"closed","template":"","meta":[],"product_brand":[],"product_cat":[313,311,300,312],"product_tag":[],"class_list":{"0":"post-18761","1":"product","2":"type-product","3":"status-publish","4":"has-post-thumbnail","6":"product_cat-maintien-chaud","7":"product_cat-chauffes-assietes","8":"product_cat-chauffes-assietes-et-plats","9":"product_cat-chauffes-plats","11":"first","12":"instock","13":"shipping-taxable","14":"product-type-simple"},"_links":{"self":[{"href":"https:\/\/www.rgequip.com\/index.php?rest_route=\/wp\/v2\/product\/18761","targetHints":{"allow":["GET"]}}],"collection":[{"href":"https:\/\/www.rgequip.com\/index.php?rest_route=\/wp\/v2\/product"}],"about":[{"href":"https:\/\/www.rgequip.com\/index.php?rest_route=\/wp\/v2\/types\/product"}],"replies":[{"embeddable":true,"href":"https:\/\/www.rgequip.com\/index.php?rest_route=%2Fwp%2Fv2%2Fcomments&post=18761"}],"version-history":[{"count":0,"href":"https:\/\/www.rgequip.com\/index.php?rest_route=\/wp\/v2\/product\/18761\/revisions"}],"wp:featuredmedia":[{"embeddable":true,"href":"https:\/\/www.rgequip.com\/index.php?rest_route=\/wp\/v2\/media\/18762"}],"wp:attachment":[{"href":"https:\/\/www.rgequip.com\/index.php?rest_route=%2Fwp%2Fv2%2Fmedia&parent=18761"}],"wp:term":[{"taxonomy":"product_brand","embeddable":true,"href":"https:\/\/www.rgequip.com\/index.php?rest_route=%2Fwp%2Fv2%2Fproduct_brand&post=18761"},{"taxonomy":"product_cat","embeddable":true,"href":"https:\/\/www.rgequip.com\/index.php?rest_route=%2Fwp%2Fv2%2Fproduct_cat&post=18761"},{"taxonomy":"product_tag","embeddable":true,"href":"https:\/\/www.rgequip.com\/index.php?rest_route=%2Fwp%2Fv2%2Fproduct_tag&post=18761"}],"curies":[{"name":"wp","href":"https:\/\/api.w.org\/{rel}","templated":true}]}}