{"id":18747,"date":"2021-03-10T14:12:51","date_gmt":"2021-03-10T13:12:51","guid":{"rendered":"https:\/\/www.rgequip.com\/?post_type=product&#038;p=18747"},"modified":"2021-03-10T14:12:51","modified_gmt":"2021-03-10T13:12:51","slug":"plaque-de-cuisson-a-induction-modele-7000","status":"publish","type":"product","link":"https:\/\/www.rgequip.com\/?product=plaque-de-cuisson-a-induction-modele-7000","title":{"rendered":"Plaque de cuisson \u00e0 induction mod\u00e8le 7000"},"content":{"rendered":"<h3>R\u00e9sum\u00e9<\/h3>\n<p>B\u00e2ti en inox. Deux plaques avec une puissance de 3500 W chacune. \u00c9quip\u00e9 d\u2019un fonction boost. La plaque de devant a une puissance maximum de 5000W. Quand la plaque de devant fonctionne avec 5000 W, la plaque arri\u00e8re peut produire que 2000W. Si la plaque devant ne d\u00e9passe pas le 3500W, la plaque arri\u00e8re a aussi une puissance maximum de 3500 W, Protection \u00e9lectronique contre la surchauffe. Avec pieds en m\u00e9tal ajustable et un filtre \u00e0 air amovible. Enfin, il fonctionne sur 380V et n\u2019est pas \u00e9quip\u00e9 d\u2019un prise \u00e9lectrique, un \u00e9lectricien est n\u00e9cessaire pour l\u2019installation.<\/p>\n","protected":false},"excerpt":{"rendered":"<p>R\u00e9sum\u00e9 B\u00e2ti en inox. Deux plaques avec une puissance de 3500 W chacune. \u00c9quip\u00e9 d\u2019un fonction boost. La plaque de<\/p>\n","protected":false},"featured_media":18748,"comment_status":"open","ping_status":"closed","template":"","meta":[],"product_brand":[],"product_cat":[226,241,228],"product_tag":[],"class_list":{"0":"post-18747","1":"product","2":"type-product","3":"status-publish","4":"has-post-thumbnail","6":"product_cat-cuisson","7":"product_cat-r-electrique","8":"product_cat-rechauds","10":"first","11":"instock","12":"shipping-taxable","13":"product-type-simple"},"_links":{"self":[{"href":"https:\/\/www.rgequip.com\/index.php?rest_route=\/wp\/v2\/product\/18747","targetHints":{"allow":["GET"]}}],"collection":[{"href":"https:\/\/www.rgequip.com\/index.php?rest_route=\/wp\/v2\/product"}],"about":[{"href":"https:\/\/www.rgequip.com\/index.php?rest_route=\/wp\/v2\/types\/product"}],"replies":[{"embeddable":true,"href":"https:\/\/www.rgequip.com\/index.php?rest_route=%2Fwp%2Fv2%2Fcomments&post=18747"}],"version-history":[{"count":0,"href":"https:\/\/www.rgequip.com\/index.php?rest_route=\/wp\/v2\/product\/18747\/revisions"}],"wp:featuredmedia":[{"embeddable":true,"href":"https:\/\/www.rgequip.com\/index.php?rest_route=\/wp\/v2\/media\/18748"}],"wp:attachment":[{"href":"https:\/\/www.rgequip.com\/index.php?rest_route=%2Fwp%2Fv2%2Fmedia&parent=18747"}],"wp:term":[{"taxonomy":"product_brand","embeddable":true,"href":"https:\/\/www.rgequip.com\/index.php?rest_route=%2Fwp%2Fv2%2Fproduct_brand&post=18747"},{"taxonomy":"product_cat","embeddable":true,"href":"https:\/\/www.rgequip.com\/index.php?rest_route=%2Fwp%2Fv2%2Fproduct_cat&post=18747"},{"taxonomy":"product_tag","embeddable":true,"href":"https:\/\/www.rgequip.com\/index.php?rest_route=%2Fwp%2Fv2%2Fproduct_tag&post=18747"}],"curies":[{"name":"wp","href":"https:\/\/api.w.org\/{rel}","templated":true}]}}