{"id":18737,"date":"2021-03-10T13:08:57","date_gmt":"2021-03-10T12:08:57","guid":{"rendered":"https:\/\/www.rgequip.com\/?post_type=product&#038;p=18737"},"modified":"2021-03-10T13:08:57","modified_gmt":"2021-03-10T12:08:57","slug":"wok-a-induction","status":"publish","type":"product","link":"https:\/\/www.rgequip.com\/?product=wok-a-induction","title":{"rendered":"Wok \u00e0 induction"},"content":{"rendered":"<p>Id\u00e9al pour pr\u00e9parer des repas nutritifs Construction acier inoxydable. Avec filtre de graisse facile \u00e0 nettoyer R\u00e9glage num\u00e9rique de la puissance.<br \/>\nDe m\u00eame, le r\u00e9glage r\u00e9agit imm\u00e9diatement aux modulations. Enfin,il convient seulement pour le wok \u00e0 induction 239773<\/p>\n","protected":false},"excerpt":{"rendered":"<p>Id\u00e9al pour pr\u00e9parer des repas nutritifs Construction acier inoxydable. Avec filtre de graisse facile \u00e0 nettoyer R\u00e9glage num\u00e9rique de la<\/p>\n","protected":false},"featured_media":18738,"comment_status":"open","ping_status":"closed","template":"","meta":[],"product_brand":[],"product_cat":[226,242,228,235,262],"product_tag":[],"class_list":{"0":"post-18737","1":"product","2":"type-product","3":"status-publish","4":"has-post-thumbnail","6":"product_cat-cuisson","7":"product_cat-plaque-induction","8":"product_cat-rechauds","9":"product_cat-snacking","10":"product_cat-wok","12":"first","13":"instock","14":"shipping-taxable","15":"product-type-simple"},"_links":{"self":[{"href":"https:\/\/www.rgequip.com\/index.php?rest_route=\/wp\/v2\/product\/18737","targetHints":{"allow":["GET"]}}],"collection":[{"href":"https:\/\/www.rgequip.com\/index.php?rest_route=\/wp\/v2\/product"}],"about":[{"href":"https:\/\/www.rgequip.com\/index.php?rest_route=\/wp\/v2\/types\/product"}],"replies":[{"embeddable":true,"href":"https:\/\/www.rgequip.com\/index.php?rest_route=%2Fwp%2Fv2%2Fcomments&post=18737"}],"version-history":[{"count":0,"href":"https:\/\/www.rgequip.com\/index.php?rest_route=\/wp\/v2\/product\/18737\/revisions"}],"wp:featuredmedia":[{"embeddable":true,"href":"https:\/\/www.rgequip.com\/index.php?rest_route=\/wp\/v2\/media\/18738"}],"wp:attachment":[{"href":"https:\/\/www.rgequip.com\/index.php?rest_route=%2Fwp%2Fv2%2Fmedia&parent=18737"}],"wp:term":[{"taxonomy":"product_brand","embeddable":true,"href":"https:\/\/www.rgequip.com\/index.php?rest_route=%2Fwp%2Fv2%2Fproduct_brand&post=18737"},{"taxonomy":"product_cat","embeddable":true,"href":"https:\/\/www.rgequip.com\/index.php?rest_route=%2Fwp%2Fv2%2Fproduct_cat&post=18737"},{"taxonomy":"product_tag","embeddable":true,"href":"https:\/\/www.rgequip.com\/index.php?rest_route=%2Fwp%2Fv2%2Fproduct_tag&post=18737"}],"curies":[{"name":"wp","href":"https:\/\/api.w.org\/{rel}","templated":true}]}}