{"id":18730,"date":"2021-03-10T12:29:38","date_gmt":"2021-03-10T11:29:38","guid":{"rendered":"https:\/\/www.rgequip.com\/?post_type=product&#038;p=18730"},"modified":"2021-03-10T12:31:06","modified_gmt":"2021-03-10T11:31:06","slug":"plaque-de-cuisson-a-induction-double-avec-boost","status":"publish","type":"product","link":"https:\/\/www.rgequip.com\/?product=plaque-de-cuisson-a-induction-double-avec-boost","title":{"rendered":"Plaque de cuisson \u00e0 induction double avec boost"},"content":{"rendered":"<h3>R\u00e9sum\u00e9<\/h3>\n<p>Programmation num\u00e9rique de la puissance, de la temp\u00e9rature et le minuteur par des commandes tactiles.<br \/>\nLa temp\u00e9rature\u00a0 vari entre 35 \u00e0 240\u00b0C avec fonction minuteur pour 0-180 minutes.<br \/>\nStructure en inox avec une surface en vitroc\u00e9ramique et panneau de commandes.<br \/>\nIl poss\u00e8de des composants de haute qualit\u00e9 \u00e0 l\u2019int\u00e9rieur. Avec filtre \u00e0 graisse facile \u00e0 nettoyer et ventilation.<br \/>\nDe m\u00eame, il poss\u00e8de d&#8217;une protection contre la surchauffe.<br \/>\nSi la fonction boost est utilis\u00e9, une partie de la puissance de la plaque de cuisson de droite passe temporairement<br \/>\n\u00e0 la plaque de cuisson de gauche et produit ainsi 2000W.<br \/>\nLa plaque de cuisson de gauche peut fournir une puissance de 1800 W ou 2000 W quand la fonction boost reste actif.<br \/>\nDe plus, la plaque de cuisson de droite peut fournir une puissance de 1700 W ou 1500 W quand le fonction boost reste actif.<br \/>\nEnfin, il convient pour casseroles et po\u00eales avec un diam\u00e8tre de fond entre 120 et 220 mm.<\/p>\n","protected":false},"excerpt":{"rendered":"<p>R\u00e9sum\u00e9 Programmation num\u00e9rique de la puissance, de la temp\u00e9rature et le minuteur par des commandes tactiles. La temp\u00e9rature\u00a0 vari entre<\/p>\n","protected":false},"featured_media":18731,"comment_status":"open","ping_status":"closed","template":"","meta":[],"product_brand":[],"product_cat":[226,242,228],"product_tag":[],"class_list":{"0":"post-18730","1":"product","2":"type-product","3":"status-publish","4":"has-post-thumbnail","6":"product_cat-cuisson","7":"product_cat-plaque-induction","8":"product_cat-rechauds","10":"first","11":"instock","12":"shipping-taxable","13":"product-type-simple"},"_links":{"self":[{"href":"https:\/\/www.rgequip.com\/index.php?rest_route=\/wp\/v2\/product\/18730","targetHints":{"allow":["GET"]}}],"collection":[{"href":"https:\/\/www.rgequip.com\/index.php?rest_route=\/wp\/v2\/product"}],"about":[{"href":"https:\/\/www.rgequip.com\/index.php?rest_route=\/wp\/v2\/types\/product"}],"replies":[{"embeddable":true,"href":"https:\/\/www.rgequip.com\/index.php?rest_route=%2Fwp%2Fv2%2Fcomments&post=18730"}],"version-history":[{"count":1,"href":"https:\/\/www.rgequip.com\/index.php?rest_route=\/wp\/v2\/product\/18730\/revisions"}],"predecessor-version":[{"id":18736,"href":"https:\/\/www.rgequip.com\/index.php?rest_route=\/wp\/v2\/product\/18730\/revisions\/18736"}],"wp:featuredmedia":[{"embeddable":true,"href":"https:\/\/www.rgequip.com\/index.php?rest_route=\/wp\/v2\/media\/18731"}],"wp:attachment":[{"href":"https:\/\/www.rgequip.com\/index.php?rest_route=%2Fwp%2Fv2%2Fmedia&parent=18730"}],"wp:term":[{"taxonomy":"product_brand","embeddable":true,"href":"https:\/\/www.rgequip.com\/index.php?rest_route=%2Fwp%2Fv2%2Fproduct_brand&post=18730"},{"taxonomy":"product_cat","embeddable":true,"href":"https:\/\/www.rgequip.com\/index.php?rest_route=%2Fwp%2Fv2%2Fproduct_cat&post=18730"},{"taxonomy":"product_tag","embeddable":true,"href":"https:\/\/www.rgequip.com\/index.php?rest_route=%2Fwp%2Fv2%2Fproduct_tag&post=18730"}],"curies":[{"name":"wp","href":"https:\/\/api.w.org\/{rel}","templated":true}]}}