{"id":18722,"date":"2021-03-10T12:06:46","date_gmt":"2021-03-10T11:06:46","guid":{"rendered":"https:\/\/www.rgequip.com\/?post_type=product&#038;p=18722"},"modified":"2021-03-10T12:10:45","modified_gmt":"2021-03-10T11:10:45","slug":"plaque-de-cuisson-a-induction-modele-3500-d-xl","status":"publish","type":"product","link":"https:\/\/www.rgequip.com\/?product=plaque-de-cuisson-a-induction-modele-3500-d-xl","title":{"rendered":"Plaque de cuisson \u00e0 induction mod\u00e8le 3500 D XL"},"content":{"rendered":"<h3>R\u00e9sum\u00e9<\/h3>\n<p>R\u00e9glage num\u00e9rique sur un \u00e9cran tactile de la puissance, de la temp\u00e9rature et du minuteur.<br \/>\nConstruction en inox Avec filtre \u00e0 graisse ,facile \u00e0 nettoyer et une double ventilation.<br \/>\nAussi, convient pour casseroles et po\u00eales de \u00d8 160 mm minimum et \u00d8 380 mm maximum.<br \/>\nEnfin; Il poss\u00e8de des pieds ajustables en hauteur.<\/p>\n","protected":false},"excerpt":{"rendered":"<p>R\u00e9sum\u00e9 R\u00e9glage num\u00e9rique sur un \u00e9cran tactile de la puissance, de la temp\u00e9rature et du minuteur. Construction en inox Avec<\/p>\n","protected":false},"featured_media":18725,"comment_status":"open","ping_status":"closed","template":"","meta":[],"product_brand":[],"product_cat":[226,242,228],"product_tag":[],"class_list":{"0":"post-18722","1":"product","2":"type-product","3":"status-publish","4":"has-post-thumbnail","6":"product_cat-cuisson","7":"product_cat-plaque-induction","8":"product_cat-rechauds","10":"first","11":"instock","12":"shipping-taxable","13":"product-type-simple"},"_links":{"self":[{"href":"https:\/\/www.rgequip.com\/index.php?rest_route=\/wp\/v2\/product\/18722","targetHints":{"allow":["GET"]}}],"collection":[{"href":"https:\/\/www.rgequip.com\/index.php?rest_route=\/wp\/v2\/product"}],"about":[{"href":"https:\/\/www.rgequip.com\/index.php?rest_route=\/wp\/v2\/types\/product"}],"replies":[{"embeddable":true,"href":"https:\/\/www.rgequip.com\/index.php?rest_route=%2Fwp%2Fv2%2Fcomments&post=18722"}],"version-history":[{"count":0,"href":"https:\/\/www.rgequip.com\/index.php?rest_route=\/wp\/v2\/product\/18722\/revisions"}],"wp:featuredmedia":[{"embeddable":true,"href":"https:\/\/www.rgequip.com\/index.php?rest_route=\/wp\/v2\/media\/18725"}],"wp:attachment":[{"href":"https:\/\/www.rgequip.com\/index.php?rest_route=%2Fwp%2Fv2%2Fmedia&parent=18722"}],"wp:term":[{"taxonomy":"product_brand","embeddable":true,"href":"https:\/\/www.rgequip.com\/index.php?rest_route=%2Fwp%2Fv2%2Fproduct_brand&post=18722"},{"taxonomy":"product_cat","embeddable":true,"href":"https:\/\/www.rgequip.com\/index.php?rest_route=%2Fwp%2Fv2%2Fproduct_cat&post=18722"},{"taxonomy":"product_tag","embeddable":true,"href":"https:\/\/www.rgequip.com\/index.php?rest_route=%2Fwp%2Fv2%2Fproduct_tag&post=18722"}],"curies":[{"name":"wp","href":"https:\/\/api.w.org\/{rel}","templated":true}]}}