{"id":18714,"date":"2021-03-10T11:04:06","date_gmt":"2021-03-10T10:04:06","guid":{"rendered":"https:\/\/www.rgequip.com\/?post_type=product&#038;p=18714"},"modified":"2021-03-10T11:38:55","modified_gmt":"2021-03-10T10:38:55","slug":"plaque-de-cuisson-a-induction-3500w-display-line","status":"publish","type":"product","link":"https:\/\/www.rgequip.com\/?product=plaque-de-cuisson-a-induction-3500w-display-line","title":{"rendered":"Plaque de cuisson \u00e0 induction 3500W Display Line"},"content":{"rendered":"<h3 class=\"product-description-header\">R\u00e9sum\u00e9<\/h3>\n<div class=\"product attribute description\">\n<div class=\"value\">Un design moderne et \u00e9l\u00e9gant qui convient parfaitement pour un &#8216;Open Kitchen\u201d. Ultra plat avec structure en inox. Surface en vitroc\u00e9ramique avec un \u00e9cran d\u2019affichage num\u00e9rique int\u00e9gr\u00e9. Commandes par \u00e9cran tactile, puissance ou temp\u00e9rature r\u00e9glable en 17 niveaux. Plage de temp\u00e9rature: 35-240\u00b0C. Convient pour casseroles et po\u00eales avec un diam\u00e8tre de fond entre 140 et 280 mm. . Avec fonction minuteur pour 0-180 minutes. \u00c9quip\u00e9 avec une protection \u00e9lectronique contre la surchauffe et un filtre \u00e0 air.<\/div>\n<\/div>\n","protected":false},"excerpt":{"rendered":"<p>R\u00e9sum\u00e9 Un design moderne et \u00e9l\u00e9gant qui convient parfaitement pour un &#8216;Open Kitchen\u201d. Ultra plat avec structure en inox. Surface<\/p>\n","protected":false},"featured_media":18715,"comment_status":"open","ping_status":"closed","template":"","meta":[],"product_brand":[],"product_cat":[242,226,228],"product_tag":[],"class_list":{"0":"post-18714","1":"product","2":"type-product","3":"status-publish","4":"has-post-thumbnail","6":"product_cat-plaque-induction","7":"product_cat-cuisson","8":"product_cat-rechauds","10":"first","11":"instock","12":"shipping-taxable","13":"product-type-simple"},"_links":{"self":[{"href":"https:\/\/www.rgequip.com\/index.php?rest_route=\/wp\/v2\/product\/18714","targetHints":{"allow":["GET"]}}],"collection":[{"href":"https:\/\/www.rgequip.com\/index.php?rest_route=\/wp\/v2\/product"}],"about":[{"href":"https:\/\/www.rgequip.com\/index.php?rest_route=\/wp\/v2\/types\/product"}],"replies":[{"embeddable":true,"href":"https:\/\/www.rgequip.com\/index.php?rest_route=%2Fwp%2Fv2%2Fcomments&post=18714"}],"version-history":[{"count":1,"href":"https:\/\/www.rgequip.com\/index.php?rest_route=\/wp\/v2\/product\/18714\/revisions"}],"predecessor-version":[{"id":18723,"href":"https:\/\/www.rgequip.com\/index.php?rest_route=\/wp\/v2\/product\/18714\/revisions\/18723"}],"wp:featuredmedia":[{"embeddable":true,"href":"https:\/\/www.rgequip.com\/index.php?rest_route=\/wp\/v2\/media\/18715"}],"wp:attachment":[{"href":"https:\/\/www.rgequip.com\/index.php?rest_route=%2Fwp%2Fv2%2Fmedia&parent=18714"}],"wp:term":[{"taxonomy":"product_brand","embeddable":true,"href":"https:\/\/www.rgequip.com\/index.php?rest_route=%2Fwp%2Fv2%2Fproduct_brand&post=18714"},{"taxonomy":"product_cat","embeddable":true,"href":"https:\/\/www.rgequip.com\/index.php?rest_route=%2Fwp%2Fv2%2Fproduct_cat&post=18714"},{"taxonomy":"product_tag","embeddable":true,"href":"https:\/\/www.rgequip.com\/index.php?rest_route=%2Fwp%2Fv2%2Fproduct_tag&post=18714"}],"curies":[{"name":"wp","href":"https:\/\/api.w.org\/{rel}","templated":true}]}}