{"id":18703,"date":"2021-02-25T12:53:21","date_gmt":"2021-02-25T11:53:21","guid":{"rendered":"https:\/\/www.rgequip.com\/?post_type=product&#038;p=18703"},"modified":"2021-02-25T13:11:52","modified_gmt":"2021-02-25T12:11:52","slug":"turbine-a-glace-20-25l","status":"publish","type":"product","link":"https:\/\/www.rgequip.com\/?product=turbine-a-glace-20-25l","title":{"rendered":"Turbine \u00e0 glace 20-25L"},"content":{"rendered":"<div class=\"wpb_text_column wpb_content_element \">\n<div class=\"wpb_wrapper\">\n<p class=\"p1\">Dessin ergonomique pour la distribution de trois go\u00fbts de glace, \u00e9quip\u00e9e de deux r\u00e9servoirs r\u00e9frig\u00e9r\u00e9s et d\u2019un capteur permettant de contr\u00f4ler les niveaux minimaux de m\u00e9lange. Syst\u00e8me de r\u00e9frig\u00e9ration \u00e0 baisse consommation d\u2019\u00e9nergie. La s\u00e9rie de machines \u00e0 glace soft permet l\u2019utilisation du mode nuit. Pendant la nuit, le m\u00e9lange peut \u00eatre stock\u00e9 \u00e0 l\u2019int\u00e9rieur du cong\u00e9lateur discontinu en toute s\u00e9curit\u00e9 hygi\u00e9nique et \u00e0 faible consommation d\u2019\u00e9nergie.<\/p>\n<\/div>\n<h2><\/h2>\n<h2 class=\"vc_custom_heading\">Structure<\/h2>\n<ul>\n<li><span style=\"color: #000080;\"><strong>Syst\u00e8me de gravit\u00e9<\/strong><\/span><\/li>\n<\/ul>\n<p>Cette machine a \u00e9t\u00e9 con\u00e7ue pour fonctionner comme une v\u00e9ritable turbine \u00e0 glace, exploitant l\u2019inclusion d\u2019air par gravit\u00e9 pour un r\u00e9sultat imm\u00e9diat et excellent.<\/p>\n<p><img decoding=\"async\" class=\"alignnone wp-image-18704\" src=\"https:\/\/www.rgequip.com\/wp-content\/uploads\/2021\/02\/3040bmvasca-300x231.png\" alt=\"\" width=\"180\" height=\"138\" srcset=\"https:\/\/www.rgequip.com\/wp-content\/uploads\/2021\/02\/3040bmvasca-300x231.png 300w, https:\/\/www.rgequip.com\/wp-content\/uploads\/2021\/02\/3040bmvasca-600x462.png 600w, https:\/\/www.rgequip.com\/wp-content\/uploads\/2021\/02\/3040bmvasca-768x591.png 768w, https:\/\/www.rgequip.com\/wp-content\/uploads\/2021\/02\/3040bmvasca.png 877w\" sizes=\"(max-width: 180px) 100vw, 180px\" \/><\/p>\n<ul>\n<li><span style=\"color: #000080;\"><strong>Agitateur<\/strong><\/span><\/li>\n<\/ul>\n<p>L\u2019utilisation d\u2019un agitateur POM permet un nettoyage complet du cylindre, afin de garantir un syst\u00e8me de refroidissement efficace et complet.<\/p>\n<p><img decoding=\"async\" class=\"alignnone wp-image-18705\" src=\"https:\/\/www.rgequip.com\/wp-content\/uploads\/2021\/02\/3040bmcoclea-300x231.png\" alt=\"\" width=\"170\" height=\"131\" srcset=\"https:\/\/www.rgequip.com\/wp-content\/uploads\/2021\/02\/3040bmcoclea-300x231.png 300w, https:\/\/www.rgequip.com\/wp-content\/uploads\/2021\/02\/3040bmcoclea-600x463.png 600w, https:\/\/www.rgequip.com\/wp-content\/uploads\/2021\/02\/3040bmcoclea-768x592.png 768w, https:\/\/www.rgequip.com\/wp-content\/uploads\/2021\/02\/3040bmcoclea.png 856w\" sizes=\"(max-width: 170px) 100vw, 170px\" \/><\/p>\n<ul>\n<li><strong><span style=\"color: #000080;\">Ecran<\/span><\/strong><\/li>\n<\/ul>\n<p>Commande d\u2019affichage num\u00e9rique pour le r\u00e9glage pratique et ergonomique des diff\u00e9rentes fonctions.<\/p>\n<p><img decoding=\"async\" class=\"alignnone wp-image-18706\" src=\"https:\/\/www.rgequip.com\/wp-content\/uploads\/2021\/02\/3040bm-display-1-300x231.png\" alt=\"\" width=\"170\" height=\"131\" srcset=\"https:\/\/www.rgequip.com\/wp-content\/uploads\/2021\/02\/3040bm-display-1-300x231.png 300w, https:\/\/www.rgequip.com\/wp-content\/uploads\/2021\/02\/3040bm-display-1-600x462.png 600w, https:\/\/www.rgequip.com\/wp-content\/uploads\/2021\/02\/3040bm-display-1-768x591.png 768w, https:\/\/www.rgequip.com\/wp-content\/uploads\/2021\/02\/3040bm-display-1.png 852w\" sizes=\"(max-width: 170px) 100vw, 170px\" \/><\/p>\n<ul>\n<li><strong><span style=\"color: #000080;\">Dessin technique<\/span><\/strong><\/li>\n<\/ul>\n<p>Cong\u00e9lateurs discontinus \u00e0 roulettes avec base, adapt\u00e9s \u00e0 la production de cr\u00e8me glac\u00e9e de moyenne \u00e0 haute intensit\u00e9. Con\u00e7u sp\u00e9cifiquement pour les professionnels de la cr\u00e8me glac\u00e9e.<\/p>\n<p><img loading=\"lazy\" decoding=\"async\" class=\"alignnone wp-image-18707\" src=\"https:\/\/www.rgequip.com\/wp-content\/uploads\/2021\/02\/tech_ls-300x192.png\" alt=\"\" width=\"266\" height=\"170\" srcset=\"https:\/\/www.rgequip.com\/wp-content\/uploads\/2021\/02\/tech_ls-300x192.png 300w, https:\/\/www.rgequip.com\/wp-content\/uploads\/2021\/02\/tech_ls.png 600w\" sizes=\"(max-width: 266px) 100vw, 266px\" \/><\/p>\n<\/div>\n<p>* Temp\u00e9rature des ingr\u00e9dients 4 \u00b0 C<br \/>\n* Temp\u00e9rature ambiante 25 \u00b0 C<br \/>\n* Avec syst\u00e8me de refroidissement \u00e0 l\u2019air<\/p>\n","protected":false},"excerpt":{"rendered":"<p>Dessin ergonomique pour la distribution de trois go\u00fbts de glace, \u00e9quip\u00e9e de deux r\u00e9servoirs r\u00e9frig\u00e9r\u00e9s et d\u2019un capteur permettant de<\/p>\n","protected":false},"featured_media":18708,"comment_status":"open","ping_status":"closed","template":"","meta":[],"product_brand":[],"product_cat":[371,369,381],"product_tag":[],"class_list":{"0":"post-18703","1":"product","2":"type-product","3":"status-publish","4":"has-post-thumbnail","6":"product_cat-froid-dedie-patisserie","7":"product_cat-boulangerie","8":"product_cat-creme-glace","10":"first","11":"instock","12":"shipping-taxable","13":"product-type-simple"},"_links":{"self":[{"href":"https:\/\/www.rgequip.com\/index.php?rest_route=\/wp\/v2\/product\/18703","targetHints":{"allow":["GET"]}}],"collection":[{"href":"https:\/\/www.rgequip.com\/index.php?rest_route=\/wp\/v2\/product"}],"about":[{"href":"https:\/\/www.rgequip.com\/index.php?rest_route=\/wp\/v2\/types\/product"}],"replies":[{"embeddable":true,"href":"https:\/\/www.rgequip.com\/index.php?rest_route=%2Fwp%2Fv2%2Fcomments&post=18703"}],"version-history":[{"count":0,"href":"https:\/\/www.rgequip.com\/index.php?rest_route=\/wp\/v2\/product\/18703\/revisions"}],"wp:featuredmedia":[{"embeddable":true,"href":"https:\/\/www.rgequip.com\/index.php?rest_route=\/wp\/v2\/media\/18708"}],"wp:attachment":[{"href":"https:\/\/www.rgequip.com\/index.php?rest_route=%2Fwp%2Fv2%2Fmedia&parent=18703"}],"wp:term":[{"taxonomy":"product_brand","embeddable":true,"href":"https:\/\/www.rgequip.com\/index.php?rest_route=%2Fwp%2Fv2%2Fproduct_brand&post=18703"},{"taxonomy":"product_cat","embeddable":true,"href":"https:\/\/www.rgequip.com\/index.php?rest_route=%2Fwp%2Fv2%2Fproduct_cat&post=18703"},{"taxonomy":"product_tag","embeddable":true,"href":"https:\/\/www.rgequip.com\/index.php?rest_route=%2Fwp%2Fv2%2Fproduct_tag&post=18703"}],"curies":[{"name":"wp","href":"https:\/\/api.w.org\/{rel}","templated":true}]}}