{"id":18679,"date":"2020-11-02T17:22:22","date_gmt":"2020-11-02T16:22:22","guid":{"rendered":"https:\/\/www.rgequip.com\/?post_type=product&#038;p=18679"},"modified":"2020-11-02T17:22:23","modified_gmt":"2020-11-02T16:22:23","slug":"balance-electronique-150-kg-sur-plateforme","status":"publish","type":"product","link":"https:\/\/www.rgequip.com\/?product=balance-electronique-150-kg-sur-plateforme","title":{"rendered":"Balance \u00e9lectronique 150 Kg sur plateforme"},"content":{"rendered":"<h3><span>CARACT\u00c9RISTIQUES PRINCIPALES<\/span><\/h3>\n<ul>\n<li>Ensemble compos\u00e9 d&#8217;une plate-forme de pesage, d&#8217;une colonne et d&#8217;un indicateur de poids.<\/li>\n<li>1 cellule de charge.<\/li>\n<\/ul>\n<h3><span>LES FONCTIONS<\/span><\/h3>\n<ul>\n<li>Accumulation de poids-tare.<\/li>\n<li>Comptage de pi\u00e8ces.<\/li>\n<li>Pes\u00e9e de contr\u00f4le (minimum-cible-maximum).<\/li>\n<li>Dosage: 1 produit \/ 2 vitesses (avec option 4 entr\u00e9es \/ sorties. Disponible uniquement pour le mod\u00e8le DMI-610 S. Steel).<\/li>\n<li>Contr\u00f4le de poids\u00a0(avec option 4 entr\u00e9es \/ sorties. Disponible uniquement pour le mod\u00e8le DMI-610\u00a0S. S\u00a0teel).<\/li>\n<li>Sortie analogique 4-20 mA \/ 0-10 V (en option, disponible uniquement pour le mod\u00e8le DMI-610\u00a0S. S\u00a0teel).<\/li>\n<li>M\u00e9moire ALIBI en option\u00a0(en attente d&#8217;homologation de type).<\/li>\n<\/ul>\n<h3><span>CONSTRUCTION<\/span><\/h3>\n<div>\n<p><span>&#8211;\u00a0 Structure en fer, cellule de pes\u00e9e en aluminium et plaque en acier inoxydable.<\/span><\/p>\n<ul>\n<li>Pieds r\u00e9glables en hauteur.<\/li>\n<li>Indicateur de poids disponible:<span>\u00a0<\/span>\n<ul>\n<li><em>DMI-610 S. Acier.<\/em><\/li>\n<\/ul>\n<\/li>\n<\/ul>\n<\/div>\n<h3><span>LES COMMUNICATIONS<\/span><\/h3>\n<ul>\n<li>2 ports RS-232, dont 1 auto-aliment\u00e9 (5 V \/ 500 mA).<\/li>\n<li>Ethernet (TCP \/ iP et UDP) (en option).<\/li>\n<li>RS-485 \/ RS-422 en option<\/li>\n<li>Plusieurs protocoles de communication disponibles (nous contacter).<\/li>\n<\/ul>\n<h3><span>OPTIONS SIMULTAN\u00c9ES<\/span><\/h3>\n<ul>\n<li><strong><span>DMI-610 ABS \/ S. Acier:<\/span><\/strong><span>\u00a01 option.\u00a0La batterie interne rechargeable, la communication Ethernet, les 4 options d&#8217;entr\u00e9e \/ sortie et de sortie analogique ne peuvent pas \u00eatre simultan\u00e9es.<\/span><\/li>\n<\/ul>\n<h3><span>INT\u00c9GRATION POSSIBLE AVEC D&#8217;AUTRES \u00c9QUIPEMENTS<\/span><\/h3>\n<ul>\n<li>Imprimante externe (protocole Epson).<\/li>\n<li>\u00c9tiqueteuse manuelle pes\u00e9e-prix Dibal LP-3000.<\/li>\n<li>R\u00e9p\u00e9teur Cely RD-4 (ou un autre DMi comme r\u00e9p\u00e9teur).<\/li>\n<\/ul>\n<h3><span>LOGICIEL PC<\/span><\/h3>\n<ul>\n<li><strong><span>DCM:\u00a0<\/span><\/strong><span>\u00a0pour la configuration, la sauvegarde, la gestion et le traitement des donn\u00e9es re\u00e7ues par les indicateurs de poids.<\/span><\/li>\n<\/ul>\n","protected":false},"excerpt":{"rendered":"<p>CARACT\u00c9RISTIQUES PRINCIPALES Ensemble compos\u00e9 d&#8217;une plate-forme de pesage, d&#8217;une colonne et d&#8217;un indicateur de poids. 1 cellule de charge. LES<\/p>\n","protected":false},"featured_media":18680,"comment_status":"open","ping_status":"closed","template":"","meta":[],"product_brand":[],"product_cat":[337,357,341],"product_tag":[],"class_list":{"0":"post-18679","1":"product","2":"type-product","3":"status-publish","4":"has-post-thumbnail","6":"product_cat-preparation","7":"product_cat-balances","8":"product_cat-poids-mesures","10":"first","11":"instock","12":"shipping-taxable","13":"product-type-simple"},"_links":{"self":[{"href":"https:\/\/www.rgequip.com\/index.php?rest_route=\/wp\/v2\/product\/18679","targetHints":{"allow":["GET"]}}],"collection":[{"href":"https:\/\/www.rgequip.com\/index.php?rest_route=\/wp\/v2\/product"}],"about":[{"href":"https:\/\/www.rgequip.com\/index.php?rest_route=\/wp\/v2\/types\/product"}],"replies":[{"embeddable":true,"href":"https:\/\/www.rgequip.com\/index.php?rest_route=%2Fwp%2Fv2%2Fcomments&post=18679"}],"version-history":[{"count":1,"href":"https:\/\/www.rgequip.com\/index.php?rest_route=\/wp\/v2\/product\/18679\/revisions"}],"predecessor-version":[{"id":18691,"href":"https:\/\/www.rgequip.com\/index.php?rest_route=\/wp\/v2\/product\/18679\/revisions\/18691"}],"wp:featuredmedia":[{"embeddable":true,"href":"https:\/\/www.rgequip.com\/index.php?rest_route=\/wp\/v2\/media\/18680"}],"wp:attachment":[{"href":"https:\/\/www.rgequip.com\/index.php?rest_route=%2Fwp%2Fv2%2Fmedia&parent=18679"}],"wp:term":[{"taxonomy":"product_brand","embeddable":true,"href":"https:\/\/www.rgequip.com\/index.php?rest_route=%2Fwp%2Fv2%2Fproduct_brand&post=18679"},{"taxonomy":"product_cat","embeddable":true,"href":"https:\/\/www.rgequip.com\/index.php?rest_route=%2Fwp%2Fv2%2Fproduct_cat&post=18679"},{"taxonomy":"product_tag","embeddable":true,"href":"https:\/\/www.rgequip.com\/index.php?rest_route=%2Fwp%2Fv2%2Fproduct_tag&post=18679"}],"curies":[{"name":"wp","href":"https:\/\/api.w.org\/{rel}","templated":true}]}}