{"id":18675,"date":"2020-10-23T17:05:04","date_gmt":"2020-10-23T15:05:04","guid":{"rendered":"https:\/\/www.rgequip.com\/?post_type=product&#038;p=18675"},"modified":"2020-10-23T17:24:27","modified_gmt":"2020-10-23T15:24:27","slug":"balance-electronique-de-comptoir-caisse-avec-etiquette-15-30kg","status":"publish","type":"product","link":"https:\/\/www.rgequip.com\/?product=balance-electronique-de-comptoir-caisse-avec-etiquette-15-30kg","title":{"rendered":"Balance Electronique de comptoir caisse avec \u00e9tiquette 15\/30Kg"},"content":{"rendered":"<h3><span>CARACT\u00c9RISTIQUES PRINCIPALES<\/span><\/h3>\n<ul>\n<li><strong><span>Balance \u00e9lectronique avec options d&#8217;affichage plus visibles.<\/span><\/strong><\/li>\n<li><strong><span>Mod\u00e8les avec imprimante de re\u00e7us ou imprimante d&#8217;\u00e9tiquettes (convient pour les re\u00e7us).<\/span><\/strong><\/li>\n<li><strong><span>Conception fonctionnelle et robuste.<\/span><\/strong><\/li>\n<li><strong><span>Conformit\u00e9 au r\u00e8glement UE 1169\/2011 sur la fourniture d&#8217;informations sur les denr\u00e9es alimentaires aux consommateurs (uniquement pour W-025).<\/span><\/strong><\/li>\n<\/ul>\n<h3><span>FEATURES<\/span><\/h3>\n<ul>\n<li><strong><span>Informations d\u00e9taill\u00e9es pour chaque PLU: prix normal, prix des balances et en kg \/ 100 g (en W-020, W-020 B et W-025), 2 noms de 20 caract\u00e8res (1 en W-010, W-010 B et W-015), 10 textes libres de 24 caract\u00e8res (5 en W-010, W-010 B et W-015), 1 texte de 2048 caract\u00e8res (en W-025, sur demande), codes de rentabilit\u00e9, etc.<\/span><\/strong><\/li>\n<li><strong><span>Recherche de PLU par code ou nom.<\/span><\/strong><\/li>\n<li><strong><span>Touches de pr\u00e9r\u00e9glage des menus de programmation: pour modifier les prix, enregistrer les PLU ou les fournisseurs, etc.<\/span><\/strong><\/li>\n<li><strong><span>Acc\u00e8s direct \u00e0 999 PLU depuis le clavier.<\/span><\/strong><\/li>\n<li><strong><span>Menu d\u00e9taill\u00e9.<\/span><\/strong><\/li>\n<li><strong><span>Impression des menus de la balance.<\/span><\/strong><\/li>\n<li><strong><span>2 macros programmables (en W-020, W-020 B et W-025): enregistrement d&#8217;une s\u00e9quence de touches pour cr\u00e9er un acc\u00e8s direct \u00e0 n&#8217;importe quelle t\u00e2che (r\u00e9ouverture des re\u00e7us, listes, changement de num\u00e9ro de doseur, etc.).<\/span><\/strong><\/li>\n<li><strong><span>Rapports de vente et de gestion: ventes (par article, fournisseur, d\u00e9lais, mois dernier, etc.), solde disponible dans le tiroir-caisse, PLU modifi\u00e9s, etc.<\/span><\/strong><\/li>\n<li><strong><span>Communication rapide et fiable entre balances, avec PC et appareils mobiles (via DWS).<\/span><\/strong><\/li>\n<li><strong><span>Gestion des stocks \u00e0 l&#8217;\u00e9chelle.<\/span><\/strong><\/li>\n<li><strong><span>Mode stock \/ commande.<\/span><\/strong><\/li>\n<\/ul>\n<h3><span>CAPACIT\u00c9 \/ PR\u00c9CISION<\/span><\/h3>\n<div>\n<ul>\n<li style=\"list-style-type: none;\">\n<ul>\n<li><span>Mono-gamme (3000 divisions): 15 kg \/ 5 g ou 30 kg \/ 10 g.<\/span><\/li>\n<li><span>Multi-gammes (3000 divisions): 15 kg \/ 5 g &#8211; 30 kg \/ 10 g.<\/span><\/li>\n<\/ul>\n<\/li>\n<\/ul>\n<\/div>\n<h3><span>FORMATS DISPONIBLES<\/span><\/h3>\n<ul>\n<li><strong><span>Plat.<\/span><\/strong><\/li>\n<\/ul>\n<h3><span>CONSTRUCTION<\/span><\/h3>\n<ul>\n<li><strong><span>Bo\u00eetier en plastique ABS tr\u00e8s r\u00e9sistant.<\/span><\/strong><\/li>\n<li><strong><span>Plaque en acier inoxydable.<\/span><\/strong><\/li>\n<\/ul>\n<h3><span>AFFICHE<\/span><\/h3>\n<div>\n<ul>\n<li><strong><span>Affichage \u00e0 segments LCD r\u00e9tro\u00e9clair\u00e9 (L150.2 x H43.4 mm) pour le vendeur et l&#8217;acheteur (indiquant le poids, le prix \/ kg, le total, la tare, le vendeur et le nom des articles).<\/span><\/strong><\/li>\n<li><strong><span>Optionnel:<\/span><\/strong>\n<ul>\n<li><span>Afficheur graphique matriciel LCD (L134 x H41 mm) pour le vendeur et l&#8217;acheteur, pour W-020, W-020 B et W-025.\u00a0Possibilit\u00e9 d&#8217;afficher: logos, codes de rentabilit\u00e9 et messages d&#8217;avertissement envoy\u00e9s depuis un PC (sur l&#8217;affichage du vendeur) et des messages publicitaires avec des effets anim\u00e9s sur l&#8217;affichage de l&#8217;acheteur.<\/span><\/li>\n<\/ul>\n<\/li>\n<\/ul>\n<\/div>\n<h3><span>IMPRIMANTE<\/span><\/h3>\n<ul>\n<li><strong><span>Mod\u00e8les disponibles avec 1 imprimante pour les re\u00e7us ou 1 imprimante pour les \u00e9tiquettes (convient \u00e9galement pour les re\u00e7us en changeant le rouleau de papier et le mode de travail).<\/span><\/strong><\/li>\n<li><strong><span>Imprimante thermique 54 mm.<\/span><\/strong><\/li>\n<li><strong><span>Haute r\u00e9solution (8 points \/ mm).<\/span><\/strong><\/li>\n<li><strong><span>Vitesse selon les mod\u00e8les:<\/span><\/strong>\n<ul>\n<li><span>W-020 et W-025: 100 mm \/ sec.<\/span><\/li>\n<li><span>W-010 et W-015: 80 mm \/ sec.<\/span><\/li>\n<li><span>W-010 B et W-020 B: 60 mm \/ sec.<\/span><\/li>\n<\/ul>\n<\/li>\n<\/ul>\n<h3><span>RE\u00c7US<\/span><\/h3>\n<ul>\n<li><strong><span>Tous les mod\u00e8les:<\/span><\/strong>\n<ul>\n<li><span>15 polices (6 monospaces + 9 multispaces: plus modernes et lisibles).\u00a0<\/span><\/li>\n<li><span>Jusqu&#8217;\u00e0 40 articles.\u00a0<\/span><\/li>\n<li><span>Code-barres EAN-13.\u00a0<\/span><\/li>\n<li><span>9 modes de paiement.\u00a0<\/span><\/li>\n<li><span>Total en monnaie nationale et 3 autres devises diff\u00e9rentes.<\/span><\/li>\n<li><span>R\u00e9ductions par ligne et au total.<\/span><\/li>\n<\/ul>\n<\/li>\n<li><strong><span>Mod\u00e8les W-010, W-010 B et W-015:\u00a0<\/span><\/strong>\n<ul>\n<li><span>2 formats fixes.<\/span><\/li>\n<\/ul>\n<\/li>\n<li><strong><span>Mod\u00e8les W-020, W-020 B et W-025<\/span><span>\u00a0:\u00a0<\/span><\/strong>\n<ul>\n<li><span>2 formats fixes + 1 format programmable.<\/span><\/li>\n<li><span>4 logos par re\u00e7u.\u00a0<\/span><\/li>\n<li><span>Nom du fournisseur.<\/span><\/li>\n<li><span>Clients sur compte.<\/span><\/li>\n<\/ul>\n<\/li>\n<\/ul>\n<h3><span>\u00c9TIQUETTES<\/span><\/h3>\n<ul>\n<li><strong><span>\u00a0Tous les mod\u00e8les:\u00a0<\/span><\/strong>\n<ul>\n<li><span>15 polices (6 monospaces + 9 multispaces: plus modernes et lisibles).\u00a0<\/span><\/li>\n<li><span>40 logos.<\/span><\/li>\n<li><span>Code-barres EAN-13.\u00a0<\/span><\/li>\n<li><span>40 champs d&#8217;informations.<\/span><\/li>\n<li><span>100 textes programmables.\u00a0<\/span><\/li>\n<li><span>Modes de pr\u00e9-emballage manuel et automatique.<\/span><\/li>\n<li><span>R\u00e9glage automatique du capteur de d\u00e9tection de papier.<\/span><\/li>\n<\/ul>\n<\/li>\n<li><strong><span>Mod\u00e8les W-015:<\/span><\/strong>\n<ul>\n<li><span>De L30 x L30 mm \u00e0 L60 x L80 mm.\u00a0<\/span><\/li>\n<li><span>20 formats fixes + 5 formats programmables.\u00a0<\/span><\/li>\n<li><span>1 type de tra\u00e7abilit\u00e9 g\u00e9n\u00e9rique (pour la viande, le poisson, les fruits, les l\u00e9gumes, etc.) jusqu&#8217;\u00e0 10 produits.\u00a0Inclus dans la l\u00e9gislation europ\u00e9enne en vigueur sur la tra\u00e7abilit\u00e9 bovine.<\/span><\/li>\n<\/ul>\n<\/li>\n<li><strong><span>Mod\u00e8les W-025:\u00a0<\/span><\/strong>\n<ul>\n<li><span>De L30 x L30 mm \u00e0 L60 x L100 mm.\u00a0<\/span><\/li>\n<li><span>20 formats fixes + 10 formats programmables.<\/span><\/li>\n<li><span>3 niveaux de totaux.<\/span><\/li>\n<li><span>Impression de \u00abn\u00bb \u00e9tiquettes identiques.<\/span><\/li>\n<li><span>Impression avec rotation de 90 \u00b0, 180 \u00b0 et 270 \u00b0.<\/span><\/li>\n<li><span>Date d&#8217;emballage, date de p\u00e9remption et date suppl\u00e9mentaire (pour toute application).\u00a0<\/span><\/li>\n<li><span>Num\u00e9ro de lot alphanum\u00e9rique.\u00a0<\/span><\/li>\n<li><span>2 types de tra\u00e7abilit\u00e9 g\u00e9n\u00e9rique (pour viandes, poissons, fruits, l\u00e9gumes, etc.) jusqu&#8217;\u00e0 20 produits.\u00a0Inclus dans la l\u00e9gislation europ\u00e9enne en vigueur sur la tra\u00e7abilit\u00e9 bovine.<\/span><\/li>\n<\/ul>\n<\/li>\n<\/ul>\n<h3><span>INFORMATION ALIMENTAIRE<\/span><\/h3>\n<div>\n<ul>\n<li><strong><span>Mod\u00e8les W-010, W-010 B et W-015:<\/span><\/strong>\n<ul>\n<li><span>Taille minimale des lettres: 1,2 mm.<\/span><\/li>\n<li><span>Pour les tickets et \u00e9tiquettes de vente directe: possibilit\u00e9 d&#8217;indiquer dans le nom du PLU (avec un * ou autre symbole) ceux qui contiennent des allerg\u00e8nes et de programmer un texte, tel que \u00ab* Consulter les allerg\u00e8nes.<\/span><\/li>\n<li><span>Les \u00e9tiquettes ne sont pas conformes au r\u00e8glement sur l&#8217;\u00e9tiquetage des denr\u00e9es alimentaires emball\u00e9es (seuls 5 textes de 24 caract\u00e8res sont disponibles).<\/span><\/li>\n<\/ul>\n<\/li>\n<li><strong><span>Mod\u00e8les W-020, W-020 B et W-025:<\/span><\/strong>\n<ul>\n<li><span>Taille minimale des lettres: 1,2 mm.<\/span><\/li>\n<li><span>Effet (\u00a0<\/span><strong><span>gras<\/span><\/strong><span>\u00a0,\u00a0<\/span><em><span>soulign\u00e9<\/span><\/em><span>\u00a0, ou les\u00a0<\/span><strong><span>deux<\/span><\/strong><span>\u00a0) pour chaque caract\u00e8re du texte (dans W-025, disponible uniquement sous licence d&#8217;\u00e9tiquetage des denr\u00e9es alimentaires emball\u00e9es R\u00e8glement; voir options).<\/span><\/li>\n<li><span>Possibilit\u00e9 d&#8217;utiliser le texte g\u00e9n\u00e9ral \u00abG\u00bb (2 048 caract\u00e8res) pour les ingr\u00e9dients, en minuscules ou MAJUSCULES pour mettre en \u00e9vidence les allerg\u00e8nes (dans W-025, uniquement disponible sous licence d&#8217;\u00e9tiquetage du r\u00e8glement sur les aliments emball\u00e9s; voir options).<\/span><\/li>\n<li><span>Possibilit\u00e9 d&#8217;inclure un tableau de donn\u00e9es nutritionnelles.<\/span><\/li>\n<li><span>Textes libres (10 x 24 caract\u00e8res).<\/span><\/li>\n<li><span>Pour les tickets et \u00e9tiquettes de vente directe: possibilit\u00e9 d&#8217;indiquer dans le nom du PLU (avec un * ou autre symbole) ceux qui contiennent des allerg\u00e8nes et de programmer un texte, tel que \u00ab* Consulter allerg\u00e8nes\u00bb.<\/span><\/li>\n<li><span>Possibilit\u00e9 d&#8217;imprimer 2 \u00e9tiquettes pour chaque op\u00e9ration: programmable par PLU, informations configurables, 2\u00a0<\/span><sup><span>e<\/span><\/sup><span>\u00a0\u00e9tiquette automatique ou manuelle (\u00e0 utiliser \u00e9galement comme \u00e9tiquettes promotionnelles).\u00a0Dans W-025, disponible uniquement sous licence d&#8217;\u00e9tiquetage des aliments emball\u00e9s R\u00e8glement;\u00a0voir les options.<\/span><\/li>\n<li><strong><span>Le mod\u00e8le W-025 est conforme au r\u00e8glement 1169\/2011 de l&#8217;UE sur la fourniture d&#8217;informations sur les denr\u00e9es alimentaires aux consommateurs \u00e0 compter du 13 d\u00e9cembre 2016;\u00a0voir les options.<\/span><\/strong><\/li>\n<\/ul>\n<\/li>\n<\/ul>\n<\/div>\n<h3><span>LES COMMUNICATIONS<\/span><\/h3>\n<ul>\n<li><strong><span>Ethernet TCP \/ IP pour l&#8217;interconnexion et la connexion au PC.<\/span><\/strong><\/li>\n<li><strong><span>RS-232, pour connexion au scanner (dans W-020, W-020 B et W-025).<\/span><\/strong><\/li>\n<li><strong><span>Facultatif:\u00a0<\/span><\/strong><span>\u00a0Wi-Fi.<\/span><\/li>\n<\/ul>\n<h3><span>S\u00c9CURIT\u00c9<\/span><\/h3>\n<ul>\n<li><strong><span>\u00a0Acc\u00e8s \u00e0 diff\u00e9rents menus de programmation prot\u00e9g\u00e9s via des mots de passe configurables.\u00a0<\/span><\/strong><\/li>\n<\/ul>\n<h3><span>INTERCONNEXION<\/span><\/h3>\n<ul>\n<li><strong><span>Mod\u00e8les W-010, W-010 B et W-015:<\/span><\/strong><span>\u00a0jusqu&#8217;\u00e0 5 \u00e9chelles par section.<\/span><\/li>\n<li><strong><span>Mod\u00e8les W-020, W-020 B et W-025:<\/span><\/strong><span>\u00a0jusqu&#8217;\u00e0 10 \u00e9chelles par section.<\/span><\/li>\n<\/ul>\n<h3><span>CONNECTIVIT\u00c9 AVEC D&#8217;AUTRES APPAREILS<\/span><\/h3>\n<ul>\n<li><strong><span>PC.<\/span><\/strong><\/li>\n<li><strong><span>Bar lecteur de code<\/span><\/strong><span>\u00a0(propuls\u00e9 par l&#8217;\u00e9chelle de\u00a0-5 Vcc-) pour lire des\u00a0codes \u00e0 barres EAN-13 (en W-020, W-020 et W-B 025).<\/span><\/li>\n<li><strong><span>Tiroir-caisse.<\/span><\/strong><\/li>\n<\/ul>\n<h3><span>LOGICIEL (VOIR LA SECTION SUR LE LOGICIEL)<\/span><\/h3>\n<h4><span>Logiciel PC:\u00a0<\/span><\/h4>\n<ul>\n<li><strong><span>DFS:<\/span><\/strong>\n<ul>\n<li><span>Programmation des \u00e9chelles.<\/span><\/li>\n<li><span>R\u00e9ception des donn\u00e9es de vente.<\/span><\/li>\n<li><span>Copie de sauvegarde des donn\u00e9es.\u00a0<\/span><\/li>\n<li><span>Conception graphique des re\u00e7us et \u00e9tiquettes (DLD).\u00a0<\/span><\/li>\n<li><span>Conception et gestion d&#8217;images publicitaires pour affichage graphique.<\/span><\/li>\n<\/ul>\n<\/li>\n<li><strong><span>Outils d&#8217;int\u00e9gration: sous Windows ou Linux pour faciliter la communication avec le Back-Office.<\/span><\/strong><\/li>\n<\/ul>\n<h4><span>Micrologiciel de la balance:<\/span><\/h4>\n<ul>\n<li><strong><span>DWS (serveur Web Dibal):\u00a0<\/span><\/strong>\n<ul>\n<li><span>Permet d&#8217;acc\u00e9der aux informations de chaque balance \u00e0 partir de n&#8217;importe quel ordinateur ou appareil mobile avec un navigateur Internet.<\/span><\/li>\n<\/ul>\n<\/li>\n<\/ul>\n<h3><span>SOURCE DE COURANT<\/span><\/h3>\n<ul>\n<li><strong><span>Secteur: 110 \u00e0 230 VAC.<\/span><\/strong><\/li>\n<li><strong><span>Selon les mod\u00e8les, \u00e9galement:\u00a0<\/span><\/strong>\n<ul>\n<li><span>Batterie interne rechargeable haute performance (W-010 B et W-020 B): jusqu&#8217;\u00e0 36 heures d&#8217;autonomie (calcul\u00e9e pour 1000 tickets, avec 3 articles par ticket) et connecteur \u00e0 batterie externe 12 V.\u00a0<\/span><\/li>\n<li><span>Batterie interne rechargeable anti-blackout 24 V et connecteur \u00e0 batterie externe 24 V.<\/span><\/li>\n<\/ul>\n<\/li>\n<\/ul>\n<h3><span>CONSOMMATION D&#8217;\u00c9NERGIE<\/span><\/h3>\n<ul>\n<li><strong><span>6,5-91 W (selon les conditions d&#8217;utilisation).<\/span><\/strong><\/li>\n<\/ul>\n","protected":false},"excerpt":{"rendered":"<p>CARACT\u00c9RISTIQUES PRINCIPALES Balance \u00e9lectronique avec options d&#8217;affichage plus visibles. Mod\u00e8les avec imprimante de re\u00e7us ou imprimante d&#8217;\u00e9tiquettes (convient pour les<\/p>\n","protected":false},"featured_media":18676,"comment_status":"open","ping_status":"closed","template":"","meta":[],"product_brand":[],"product_cat":[337,357,341],"product_tag":[],"class_list":{"0":"post-18675","1":"product","2":"type-product","3":"status-publish","4":"has-post-thumbnail","6":"product_cat-preparation","7":"product_cat-balances","8":"product_cat-poids-mesures","10":"first","11":"instock","12":"shipping-taxable","13":"product-type-simple"},"_links":{"self":[{"href":"https:\/\/www.rgequip.com\/index.php?rest_route=\/wp\/v2\/product\/18675","targetHints":{"allow":["GET"]}}],"collection":[{"href":"https:\/\/www.rgequip.com\/index.php?rest_route=\/wp\/v2\/product"}],"about":[{"href":"https:\/\/www.rgequip.com\/index.php?rest_route=\/wp\/v2\/types\/product"}],"replies":[{"embeddable":true,"href":"https:\/\/www.rgequip.com\/index.php?rest_route=%2Fwp%2Fv2%2Fcomments&post=18675"}],"version-history":[{"count":0,"href":"https:\/\/www.rgequip.com\/index.php?rest_route=\/wp\/v2\/product\/18675\/revisions"}],"wp:featuredmedia":[{"embeddable":true,"href":"https:\/\/www.rgequip.com\/index.php?rest_route=\/wp\/v2\/media\/18676"}],"wp:attachment":[{"href":"https:\/\/www.rgequip.com\/index.php?rest_route=%2Fwp%2Fv2%2Fmedia&parent=18675"}],"wp:term":[{"taxonomy":"product_brand","embeddable":true,"href":"https:\/\/www.rgequip.com\/index.php?rest_route=%2Fwp%2Fv2%2Fproduct_brand&post=18675"},{"taxonomy":"product_cat","embeddable":true,"href":"https:\/\/www.rgequip.com\/index.php?rest_route=%2Fwp%2Fv2%2Fproduct_cat&post=18675"},{"taxonomy":"product_tag","embeddable":true,"href":"https:\/\/www.rgequip.com\/index.php?rest_route=%2Fwp%2Fv2%2Fproduct_tag&post=18675"}],"curies":[{"name":"wp","href":"https:\/\/api.w.org\/{rel}","templated":true}]}}