{"id":18656,"date":"2020-09-17T11:02:34","date_gmt":"2020-09-17T09:02:34","guid":{"rendered":"https:\/\/www.rgequip.com\/?post_type=product&#038;p=18656"},"modified":"2020-09-17T11:02:34","modified_gmt":"2020-09-17T09:02:34","slug":"buffet-chaud-e-ligne-04-bacs-gn-1-1","status":"publish","type":"product","link":"https:\/\/www.rgequip.com\/?product=buffet-chaud-e-ligne-04-bacs-gn-1-1","title":{"rendered":"Buffet Chaud E ligne 04 Bacs GN 1\/1"},"content":{"rendered":"<p align=\"JUSTIFY\"><b>Le salad\u2019bar de la s\u00e9rie E-LINE<\/b>\u00a0est un<b>\u00a0buffet chauffant\u00a04 bacs GN 1\/1<\/b>\u00a0pour une utilisation en\u00a0<b>libre-service<\/b>\u00a0dans les brasseries, restaurants ou dans les collectivit\u00e9s. Il permet une pr\u00e9sentation optimale\u00a0<b>et un maintien au chaud (+20\/+90\u00b0C)<\/b>\u00a0vos entr\u00e9es chaudes, l\u00e9gumes, viandes, poissons etc. gr\u00e2ce au syst\u00e8me de\u00a0<b>bain-marie<\/b>.<\/p>\n<p align=\"JUSTIFY\">La cuve inox du\u00a0<b>buffet chauffant<\/b>\u00a0est \u00e9quip\u00e9e de deux r\u00e9sistances pour assurer une chaleur homog\u00e8ne en cuisson bain-marie.<\/p>\n<p align=\"JUSTIFY\">La\u00a0<b>vidange compl\u00e8te de la cuve inox<\/b>\u00a0s\u2019effectue par un robinet tout inox.<\/p>\n<p align=\"JUSTIFY\">Ce\u00a0<b>buffet chauffant<\/b>\u00a0traversant peut accepter tout type de bacs GN jusqu\u2019\u00e0 150mm profondeur.<\/p>\n<p align=\"JUSTIFY\"><b>Equipement<\/b>: buffet en bois \u00e0 soubassement traversant pour le stockage d\u2019assiettes. Poternes en inox bross\u00e9, toit et \u00e9tag\u00e8re centrale , pare-haleine en verre, profil\u00e9 alu sur tablettes de dressage ,\u00a0 4 doubles-roues dont 2 avec freins. Eclairage LED blanc-froid. 2 r\u00e9sistances blind\u00e9es de chauffe. Bain-marie avec syst\u00e8me de vidange. Acc\u00e8s direct pour un entretien ais\u00e9. Livr\u00e9 sans bac<\/p>\n","protected":false},"excerpt":{"rendered":"<p>Le salad\u2019bar de la s\u00e9rie E-LINE\u00a0est un\u00a0buffet chauffant\u00a04 bacs GN 1\/1\u00a0pour une utilisation en\u00a0libre-service\u00a0dans les brasseries, restaurants ou dans les<\/p>\n","protected":false},"featured_media":18655,"comment_status":"open","ping_status":"closed","template":"","meta":[],"product_brand":[],"product_cat":[226,246,304,230,313,297],"product_tag":[],"class_list":{"0":"post-18656","1":"product","2":"type-product","3":"status-publish","4":"has-post-thumbnail","6":"product_cat-cuisson","7":"product_cat-buffet-central","8":"product_cat-buffet-chaud","9":"product_cat-buffets","10":"product_cat-maintien-chaud","11":"product_cat-presentation-chaude","13":"first","14":"instock","15":"shipping-taxable","16":"product-type-simple"},"_links":{"self":[{"href":"https:\/\/www.rgequip.com\/index.php?rest_route=\/wp\/v2\/product\/18656","targetHints":{"allow":["GET"]}}],"collection":[{"href":"https:\/\/www.rgequip.com\/index.php?rest_route=\/wp\/v2\/product"}],"about":[{"href":"https:\/\/www.rgequip.com\/index.php?rest_route=\/wp\/v2\/types\/product"}],"replies":[{"embeddable":true,"href":"https:\/\/www.rgequip.com\/index.php?rest_route=%2Fwp%2Fv2%2Fcomments&post=18656"}],"version-history":[{"count":0,"href":"https:\/\/www.rgequip.com\/index.php?rest_route=\/wp\/v2\/product\/18656\/revisions"}],"wp:featuredmedia":[{"embeddable":true,"href":"https:\/\/www.rgequip.com\/index.php?rest_route=\/wp\/v2\/media\/18655"}],"wp:attachment":[{"href":"https:\/\/www.rgequip.com\/index.php?rest_route=%2Fwp%2Fv2%2Fmedia&parent=18656"}],"wp:term":[{"taxonomy":"product_brand","embeddable":true,"href":"https:\/\/www.rgequip.com\/index.php?rest_route=%2Fwp%2Fv2%2Fproduct_brand&post=18656"},{"taxonomy":"product_cat","embeddable":true,"href":"https:\/\/www.rgequip.com\/index.php?rest_route=%2Fwp%2Fv2%2Fproduct_cat&post=18656"},{"taxonomy":"product_tag","embeddable":true,"href":"https:\/\/www.rgequip.com\/index.php?rest_route=%2Fwp%2Fv2%2Fproduct_tag&post=18656"}],"curies":[{"name":"wp","href":"https:\/\/api.w.org\/{rel}","templated":true}]}}