{"id":18654,"date":"2020-09-17T10:56:52","date_gmt":"2020-09-17T08:56:52","guid":{"rendered":"https:\/\/www.rgequip.com\/?post_type=product&#038;p=18654"},"modified":"2020-09-17T10:56:52","modified_gmt":"2020-09-17T08:56:52","slug":"buffet-froid-e-ligne-04-bacs-gn-1-1","status":"publish","type":"product","link":"https:\/\/www.rgequip.com\/?product=buffet-froid-e-ligne-04-bacs-gn-1-1","title":{"rendered":"Buffet Froid E-Ligne 04 Bacs GN 1\/1"},"content":{"rendered":"<p><b>Buffet r\u00e9frig\u00e9r\u00e9 4 bacs GN 1\/1<\/b>\u00a0pour une utilisation en\u00a0<b>libre-service<\/b>\u00a0en restauration ou dans les collectivit\u00e9s. Il permet une pr\u00e9sentation optimale\u00a0<b>et un maintien \u00e0 bonne temp\u00e9rature (+2\/+10\u00b0C)<\/b>\u00a0vos buffets froids, salades, entr\u00e9es froides, desserts etc.<\/p>\n<p align=\"JUSTIFY\">Ce\u00a0<b>buffet r\u00e9frig\u00e9r\u00e9<\/b>\u00a0traversant peut accepter tout type de bacs GN jusqu\u2019\u00e0 150mm profondeur.<\/p>\n<p align=\"JUSTIFY\"><b>Equipement<\/b>: buffet en bois \u00e0 soubassement traversant pour le stockage d\u2019assiettes. Poternes en inox bross\u00e9, toit et \u00e9tag\u00e8re centrale avec retenues amovibles, pare-haleine en verre, profil\u00e9 alu sur tablettes de dressage , 4 doubles-roues dont 2 avec freins. Eclairage LED blanc-froid. Gaz R134A sans CFC. . Livr\u00e9 sans bac<\/p>\n<p>Gaz de refroidissement: R 134a<\/p>\n<p>Capacit\u00e9\u00a0: 4*GN1\/1<\/p>\n<p>Dim\u00a0: 1550*800*1350 mm<\/p>\n<p>Tension\u00a0: 220V<\/p>\n<p>Temp\u00a0: +0\u00b0C \/ +10\u00b0C<\/p>\n<p>Puiss\u00a0: 507 KW<\/p>\n<p>&nbsp;<\/p>\n<p id=\"tw-target-text\" class=\"tw-data-text tw-text-large XcVN5d tw-ta\" dir=\"ltr\" data-placeholder=\"Traduction\"><em>*COULEUR\u00a0: BAMBOO<\/em><\/p>\n","protected":false},"excerpt":{"rendered":"<p>Buffet r\u00e9frig\u00e9r\u00e9 4 bacs GN 1\/1\u00a0pour une utilisation en\u00a0libre-service\u00a0en restauration ou dans les collectivit\u00e9s. Il permet une pr\u00e9sentation optimale\u00a0et un<\/p>\n","protected":false},"featured_media":18655,"comment_status":"open","ping_status":"closed","template":"","meta":[],"product_brand":[],"product_cat":[226,246,230,268,282,270],"product_tag":[],"class_list":{"0":"post-18654","1":"product","2":"type-product","3":"status-publish","4":"has-post-thumbnail","6":"product_cat-cuisson","7":"product_cat-buffet-central","8":"product_cat-buffets","9":"product_cat-froids","10":"product_cat-saladette","11":"product_cat-tables","13":"first","14":"instock","15":"shipping-taxable","16":"product-type-simple"},"_links":{"self":[{"href":"https:\/\/www.rgequip.com\/index.php?rest_route=\/wp\/v2\/product\/18654","targetHints":{"allow":["GET"]}}],"collection":[{"href":"https:\/\/www.rgequip.com\/index.php?rest_route=\/wp\/v2\/product"}],"about":[{"href":"https:\/\/www.rgequip.com\/index.php?rest_route=\/wp\/v2\/types\/product"}],"replies":[{"embeddable":true,"href":"https:\/\/www.rgequip.com\/index.php?rest_route=%2Fwp%2Fv2%2Fcomments&post=18654"}],"version-history":[{"count":0,"href":"https:\/\/www.rgequip.com\/index.php?rest_route=\/wp\/v2\/product\/18654\/revisions"}],"wp:featuredmedia":[{"embeddable":true,"href":"https:\/\/www.rgequip.com\/index.php?rest_route=\/wp\/v2\/media\/18655"}],"wp:attachment":[{"href":"https:\/\/www.rgequip.com\/index.php?rest_route=%2Fwp%2Fv2%2Fmedia&parent=18654"}],"wp:term":[{"taxonomy":"product_brand","embeddable":true,"href":"https:\/\/www.rgequip.com\/index.php?rest_route=%2Fwp%2Fv2%2Fproduct_brand&post=18654"},{"taxonomy":"product_cat","embeddable":true,"href":"https:\/\/www.rgequip.com\/index.php?rest_route=%2Fwp%2Fv2%2Fproduct_cat&post=18654"},{"taxonomy":"product_tag","embeddable":true,"href":"https:\/\/www.rgequip.com\/index.php?rest_route=%2Fwp%2Fv2%2Fproduct_tag&post=18654"}],"curies":[{"name":"wp","href":"https:\/\/api.w.org\/{rel}","templated":true}]}}