{"id":18643,"date":"2020-09-16T13:05:50","date_gmt":"2020-09-16T11:05:50","guid":{"rendered":"https:\/\/www.rgequip.com\/?post_type=product&#038;p=18643"},"modified":"2021-02-04T09:58:29","modified_gmt":"2021-02-04T08:58:29","slug":"four-a-pizza-gaz-04-pizzas-de-diametre-30-cm","status":"publish","type":"product","link":"https:\/\/www.rgequip.com\/?product=four-a-pizza-gaz-04-pizzas-de-diametre-30-cm","title":{"rendered":"Four \u00e0 pizza Gaz  04 pizzas de diam\u00e8tre 30 Cm"},"content":{"rendered":"<ul>\n<li>Adaptable au GPL ou au GN (gaz naturel)<br \/>\n\u2022 Soupapes de s\u00e9curit\u00e9 magn\u00e9tiques<br \/>\n\u2022 Jauge num\u00e9rique indiquant la temp\u00e9rature int\u00e9rieure<br \/>\n\u2022 Aussi, une commande par thermostat num\u00e9rique pour la temp\u00e9rature int\u00e9rieure<br \/>\n\u2022 De plus, Allumage \u00e9lectronique du br\u00fbleur<br \/>\n\u2022 Contr\u00f4le de flamme constant \u00c9paisseur de pierre r\u00e9fractaire: 20 mm<br \/>\n\u2022 Ces pierres sont fabriqu\u00e9es dans un mat\u00e9riau sp\u00e9cial retenant la chaleur \u00e9lev\u00e9e mat\u00e9riau pour les meilleures \u00e9conomies d&#8217;\u00e9nergie et le meilleur style de cuisson<br \/>\n\u2022 Les faces avant sont en acier inoxydable<br \/>\n\u2022 Grande fen\u00eatre<br \/>\n\u2022 R\u00e9partition optimale du chauffage<br \/>\n\u2022 Conception ergonomique pour une cuisson et un nettoyage faciles<\/li>\n<\/ul>\n","protected":false},"excerpt":{"rendered":"<p>Adaptable au GPL ou au GN (gaz naturel) \u2022 Soupapes de s\u00e9curit\u00e9 magn\u00e9tiques \u2022 Jauge num\u00e9rique indiquant la temp\u00e9rature int\u00e9rieure<\/p>\n","protected":false},"featured_media":18644,"comment_status":"open","ping_status":"closed","template":"","meta":[],"product_brand":[],"product_cat":[226,252,232],"product_tag":[],"class_list":{"0":"post-18643","1":"product","2":"type-product","3":"status-publish","4":"has-post-thumbnail","6":"product_cat-cuisson","7":"product_cat-fours-a-gaz","8":"product_cat-fours-pizza","10":"first","11":"instock","12":"shipping-taxable","13":"product-type-simple"},"_links":{"self":[{"href":"https:\/\/www.rgequip.com\/index.php?rest_route=\/wp\/v2\/product\/18643","targetHints":{"allow":["GET"]}}],"collection":[{"href":"https:\/\/www.rgequip.com\/index.php?rest_route=\/wp\/v2\/product"}],"about":[{"href":"https:\/\/www.rgequip.com\/index.php?rest_route=\/wp\/v2\/types\/product"}],"replies":[{"embeddable":true,"href":"https:\/\/www.rgequip.com\/index.php?rest_route=%2Fwp%2Fv2%2Fcomments&post=18643"}],"version-history":[{"count":1,"href":"https:\/\/www.rgequip.com\/index.php?rest_route=\/wp\/v2\/product\/18643\/revisions"}],"predecessor-version":[{"id":18694,"href":"https:\/\/www.rgequip.com\/index.php?rest_route=\/wp\/v2\/product\/18643\/revisions\/18694"}],"wp:featuredmedia":[{"embeddable":true,"href":"https:\/\/www.rgequip.com\/index.php?rest_route=\/wp\/v2\/media\/18644"}],"wp:attachment":[{"href":"https:\/\/www.rgequip.com\/index.php?rest_route=%2Fwp%2Fv2%2Fmedia&parent=18643"}],"wp:term":[{"taxonomy":"product_brand","embeddable":true,"href":"https:\/\/www.rgequip.com\/index.php?rest_route=%2Fwp%2Fv2%2Fproduct_brand&post=18643"},{"taxonomy":"product_cat","embeddable":true,"href":"https:\/\/www.rgequip.com\/index.php?rest_route=%2Fwp%2Fv2%2Fproduct_cat&post=18643"},{"taxonomy":"product_tag","embeddable":true,"href":"https:\/\/www.rgequip.com\/index.php?rest_route=%2Fwp%2Fv2%2Fproduct_tag&post=18643"}],"curies":[{"name":"wp","href":"https:\/\/api.w.org\/{rel}","templated":true}]}}